{"id":73587,"date":"2026-04-25T09:25:36","date_gmt":"2026-04-25T09:25:36","guid":{"rendered":"https:\/\/teka.com\/en-int\/ddl9830-0w_123100002"},"modified":"2026-03-28T08:06:31","modified_gmt":"2026-03-28T09:06:31","slug":"ddl9830-0w_123100002","status":"publish","type":"product","link":"https:\/\/www.home-kueppersbusch.com\/dk-dk\/product\/ddl9830-0w_123100002\/","title":{"rendered":"DDL9830.0W"},"content":{"rendered":"<ul>\n<li>Nem betjening fra enhver position takket v\u00e6re fjernbetjening med LED-display<\/li>\n<li>Perfekt rumbelysning med d\u00e6mpbar LED-belysning<\/li>\n<li>Altid frisk k\u00f8kkenluft med FreshAir-funktionen<\/li>\n<li>Kontrol af filterstatus med indikator for filterm\u00e6tning<\/li>\n<\/ul>\n","protected":false},"featured_media":0,"parent":0,"template":"","product_cat":[8317],"product_edition":[],"product_energy_efficiency":[9276],"class_list":["post-73587","product","type-product","status-publish","hentry","product_ambient-kitchen-mattblack-02","product_cat-loft-monteret","color-white","product_lifestyle-k-series-8","usp-kph-hoods-01","usp-kph-hoods-03","product_energy_efficiency-a-2plus-icon"],"acf":[],"yoast_head":"<!-- This site is optimized with the Yoast SEO plugin v27.5 - https:\/\/yoast.com\/product\/yoast-seo-wordpress\/ -->\n<title>DDL9830.0W | K\u00fcppersbusch Danmark<\/title>\n<meta name=\"robots\" content=\"index, follow, max-snippet:-1, max-image-preview:large, max-video-preview:-1\" \/>\n<link rel=\"canonical\" href=\"https:\/\/www.home-kueppersbusch.com\/dk-dk\/product\/ddl9830-0w_123100002\/\" \/>\n<meta property=\"og:locale\" content=\"da_DK\" \/>\n<meta property=\"og:type\" content=\"article\" \/>\n<meta property=\"og:title\" content=\"DDL9830.0W | K\u00fcppersbusch Danmark\" \/>\n<meta property=\"og:description\" content=\"Nem betjening fra enhver position takket v\u00e6re fjernbetjening med LED-display Perfekt rumbelysning med d\u00e6mpbar LED-belysning Altid frisk k\u00f8kkenluft med FreshAir-funktionen Kontrol af filterstatus med indikator for filterm\u00e6tning\" \/>\n<meta property=\"og:url\" content=\"https:\/\/www.home-kueppersbusch.com\/dk-dk\/product\/ddl9830-0w_123100002\/\" \/>\n<meta property=\"og:site_name\" content=\"K\u00fcppersbusch Danmark\" \/>\n<meta name=\"twitter:card\" content=\"summary_large_image\" \/>\n<script type=\"application\/ld+json\" class=\"yoast-schema-graph\">{\"@context\":\"https:\\\/\\\/schema.org\",\"@graph\":[{\"@type\":\"WebPage\",\"@id\":\"https:\\\/\\\/www.home-kueppersbusch.com\\\/dk-dk\\\/product\\\/ddl9830-0w_123100002\\\/\",\"url\":\"https:\\\/\\\/www.home-kueppersbusch.com\\\/dk-dk\\\/product\\\/ddl9830-0w_123100002\\\/\",\"name\":\"DDL9830.0W | K\u00fcppersbusch Danmark\",\"isPartOf\":{\"@id\":\"https:\\\/\\\/www.home-kueppersbusch.com\\\/dk-dk\\\/#website\"},\"datePublished\":\"2026-04-25T09:25:36+00:00\",\"inLanguage\":\"da-DK\",\"potentialAction\":[{\"@type\":\"ReadAction\",\"target\":[\"https:\\\/\\\/www.home-kueppersbusch.com\\\/dk-dk\\\/product\\\/ddl9830-0w_123100002\\\/\"]}]},{\"@type\":\"WebSite\",\"@id\":\"https:\\\/\\\/www.home-kueppersbusch.com\\\/dk-dk\\\/#website\",\"url\":\"https:\\\/\\\/www.home-kueppersbusch.com\\\/dk-dk\\\/\",\"name\":\"K\u00fcppersbusch Danmark\",\"description\":\"\",\"potentialAction\":[{\"@type\":\"SearchAction\",\"target\":{\"@type\":\"EntryPoint\",\"urlTemplate\":\"https:\\\/\\\/www.home-kueppersbusch.com\\\/dk-dk\\\/?s={search_term_string}\"},\"query-input\":{\"@type\":\"PropertyValueSpecification\",\"valueRequired\":true,\"valueName\":\"search_term_string\"}}],\"inLanguage\":\"da-DK\"}]}<\/script>\n<!-- \/ Yoast SEO plugin. -->","yoast_head_json":{"title":"DDL9830.0W | K\u00fcppersbusch Danmark","robots":{"index":"index","follow":"follow","max-snippet":"max-snippet:-1","max-image-preview":"max-image-preview:large","max-video-preview":"max-video-preview:-1"},"canonical":"https:\/\/www.home-kueppersbusch.com\/dk-dk\/product\/ddl9830-0w_123100002\/","og_locale":"da_DK","og_type":"article","og_title":"DDL9830.0W | K\u00fcppersbusch Danmark","og_description":"Nem betjening fra enhver position takket v\u00e6re fjernbetjening med LED-display Perfekt rumbelysning med d\u00e6mpbar LED-belysning Altid frisk k\u00f8kkenluft med FreshAir-funktionen Kontrol af filterstatus med indikator for filterm\u00e6tning","og_url":"https:\/\/www.home-kueppersbusch.com\/dk-dk\/product\/ddl9830-0w_123100002\/","og_site_name":"K\u00fcppersbusch Danmark","twitter_card":"summary_large_image","schema":{"@context":"https:\/\/schema.org","@graph":[{"@type":"WebPage","@id":"https:\/\/www.home-kueppersbusch.com\/dk-dk\/product\/ddl9830-0w_123100002\/","url":"https:\/\/www.home-kueppersbusch.com\/dk-dk\/product\/ddl9830-0w_123100002\/","name":"DDL9830.0W | K\u00fcppersbusch Danmark","isPartOf":{"@id":"https:\/\/www.home-kueppersbusch.com\/dk-dk\/#website"},"datePublished":"2026-04-25T09:25:36+00:00","inLanguage":"da-DK","potentialAction":[{"@type":"ReadAction","target":["https:\/\/www.home-kueppersbusch.com\/dk-dk\/product\/ddl9830-0w_123100002\/"]}]},{"@type":"WebSite","@id":"https:\/\/www.home-kueppersbusch.com\/dk-dk\/#website","url":"https:\/\/www.home-kueppersbusch.com\/dk-dk\/","name":"K\u00fcppersbusch Danmark","description":"","potentialAction":[{"@type":"SearchAction","target":{"@type":"EntryPoint","urlTemplate":"https:\/\/www.home-kueppersbusch.com\/dk-dk\/?s={search_term_string}"},"query-input":{"@type":"PropertyValueSpecification","valueRequired":true,"valueName":"search_term_string"}}],"inLanguage":"da-DK"}]}},"_links":{"self":[{"href":"https:\/\/www.home-kueppersbusch.com\/dk-dk\/wp-json\/wp\/v2\/product\/73587","targetHints":{"allow":["GET"]}}],"collection":[{"href":"https:\/\/www.home-kueppersbusch.com\/dk-dk\/wp-json\/wp\/v2\/product"}],"about":[{"href":"https:\/\/www.home-kueppersbusch.com\/dk-dk\/wp-json\/wp\/v2\/types\/product"}],"wp:attachment":[{"href":"https:\/\/www.home-kueppersbusch.com\/dk-dk\/wp-json\/wp\/v2\/media?parent=73587"}],"wp:term":[{"taxonomy":"product_cat","embeddable":true,"href":"https:\/\/www.home-kueppersbusch.com\/dk-dk\/wp-json\/wp\/v2\/product_cat?post=73587"},{"taxonomy":"product_edition","embeddable":true,"href":"https:\/\/www.home-kueppersbusch.com\/dk-dk\/wp-json\/wp\/v2\/product_edition?post=73587"},{"taxonomy":"product_energy_efficiency","embeddable":true,"href":"https:\/\/www.home-kueppersbusch.com\/dk-dk\/wp-json\/wp\/v2\/product_energy_efficiency?post=73587"}],"curies":[{"name":"wp","href":"https:\/\/api.w.org\/{rel}","templated":true}]}}