{"id":73529,"date":"2026-04-25T09:23:43","date_gmt":"2026-04-25T09:23:43","guid":{"rendered":"https:\/\/teka.com\/en-int\/cbd6550-0w_121240010"},"modified":"2026-03-28T08:02:27","modified_gmt":"2026-03-28T09:02:27","slug":"cbd6550-0w_121240010","status":"publish","type":"product","link":"https:\/\/www.home-kueppersbusch.com\/dk-dk\/product\/cbd6550-0w_121240010\/","title":{"rendered":"CBD6550.0W"},"content":{"rendered":"<ul>\n<li>Ingen ubehagelige lugte, takket v\u00e6re den unikke \u00f6kotherm\u00ae-katalysator<\/li>\n<li>Mulighed for personlige designvalg med Individual Concept Design<\/li>\n<li>Fuld overblik og hurtig adgang med TFT-displayet<\/li>\n<li>Intuitiv betjening med touch-funktion<\/li>\n<li>N\u00f8jagtig dampkontrol ved hj\u00e6lp af ekstern dampfunktion<\/li>\n<\/ul>\n","protected":false},"featured_media":0,"parent":0,"template":"","product_cat":[8307,9291],"product_edition":[],"product_energy_efficiency":[9275],"class_list":["post-73529","product","type-product","status-publish","hentry","finishes-9695","finishes-9703","finishes-9702","finishes-9701","finishes-9700","finishes-9699","finishes-9698","finishes-9697","finishes-9696","finishes-9686","finishes-9694","finishes-9693","finishes-9692","finishes-9691","finishes-9690","finishes-9689","finishes-9688","finishes-9687","product_cat-damp-ovne","product_cat-kompakte-ovne","color-white","product_lifestyle-k-series-5","usp-kph-individual-01","usp-kph-ovens-03","usp-kph-ovens-04","usp-kph-ovens-05","usp-kph-ovens-06","usp-kph-ovens-08","usp-kph-ovens-09","usp-kph-ovens-11","product_energy_efficiency-a-plus-icon"],"acf":[],"yoast_head":"<!-- This site is optimized with the Yoast SEO plugin v27.5 - https:\/\/yoast.com\/product\/yoast-seo-wordpress\/ -->\n<title>CBD6550.0W | K\u00fcppersbusch Danmark<\/title>\n<meta name=\"robots\" content=\"index, follow, max-snippet:-1, max-image-preview:large, max-video-preview:-1\" \/>\n<link rel=\"canonical\" href=\"https:\/\/www.home-kueppersbusch.com\/dk-dk\/product\/cbd6550-0w_121240010\/\" \/>\n<meta property=\"og:locale\" content=\"da_DK\" \/>\n<meta property=\"og:type\" content=\"article\" \/>\n<meta property=\"og:title\" content=\"CBD6550.0W | K\u00fcppersbusch Danmark\" \/>\n<meta property=\"og:description\" content=\"Ingen ubehagelige lugte, takket v\u00e6re den unikke \u00f6kotherm\u00ae-katalysator Mulighed for personlige designvalg med Individual Concept Design Fuld overblik og hurtig adgang med TFT-displayet Intuitiv betjening med touch-funktion N\u00f8jagtig dampkontrol ved hj\u00e6lp af ekstern dampfunktion\" \/>\n<meta property=\"og:url\" content=\"https:\/\/www.home-kueppersbusch.com\/dk-dk\/product\/cbd6550-0w_121240010\/\" \/>\n<meta property=\"og:site_name\" content=\"K\u00fcppersbusch Danmark\" \/>\n<meta name=\"twitter:card\" content=\"summary_large_image\" \/>\n<script type=\"application\/ld+json\" class=\"yoast-schema-graph\">{\"@context\":\"https:\\\/\\\/schema.org\",\"@graph\":[{\"@type\":\"WebPage\",\"@id\":\"https:\\\/\\\/www.home-kueppersbusch.com\\\/dk-dk\\\/product\\\/cbd6550-0w_121240010\\\/\",\"url\":\"https:\\\/\\\/www.home-kueppersbusch.com\\\/dk-dk\\\/product\\\/cbd6550-0w_121240010\\\/\",\"name\":\"CBD6550.0W | K\u00fcppersbusch Danmark\",\"isPartOf\":{\"@id\":\"https:\\\/\\\/www.home-kueppersbusch.com\\\/dk-dk\\\/#website\"},\"datePublished\":\"2026-04-25T09:23:43+00:00\",\"inLanguage\":\"da-DK\",\"potentialAction\":[{\"@type\":\"ReadAction\",\"target\":[\"https:\\\/\\\/www.home-kueppersbusch.com\\\/dk-dk\\\/product\\\/cbd6550-0w_121240010\\\/\"]}]},{\"@type\":\"WebSite\",\"@id\":\"https:\\\/\\\/www.home-kueppersbusch.com\\\/dk-dk\\\/#website\",\"url\":\"https:\\\/\\\/www.home-kueppersbusch.com\\\/dk-dk\\\/\",\"name\":\"K\u00fcppersbusch Danmark\",\"description\":\"\",\"potentialAction\":[{\"@type\":\"SearchAction\",\"target\":{\"@type\":\"EntryPoint\",\"urlTemplate\":\"https:\\\/\\\/www.home-kueppersbusch.com\\\/dk-dk\\\/?s={search_term_string}\"},\"query-input\":{\"@type\":\"PropertyValueSpecification\",\"valueRequired\":true,\"valueName\":\"search_term_string\"}}],\"inLanguage\":\"da-DK\"}]}<\/script>\n<!-- \/ Yoast SEO plugin. -->","yoast_head_json":{"title":"CBD6550.0W | K\u00fcppersbusch Danmark","robots":{"index":"index","follow":"follow","max-snippet":"max-snippet:-1","max-image-preview":"max-image-preview:large","max-video-preview":"max-video-preview:-1"},"canonical":"https:\/\/www.home-kueppersbusch.com\/dk-dk\/product\/cbd6550-0w_121240010\/","og_locale":"da_DK","og_type":"article","og_title":"CBD6550.0W | K\u00fcppersbusch Danmark","og_description":"Ingen ubehagelige lugte, takket v\u00e6re den unikke \u00f6kotherm\u00ae-katalysator Mulighed for personlige designvalg med Individual Concept Design Fuld overblik og hurtig adgang med TFT-displayet Intuitiv betjening med touch-funktion N\u00f8jagtig dampkontrol ved hj\u00e6lp af ekstern dampfunktion","og_url":"https:\/\/www.home-kueppersbusch.com\/dk-dk\/product\/cbd6550-0w_121240010\/","og_site_name":"K\u00fcppersbusch Danmark","twitter_card":"summary_large_image","schema":{"@context":"https:\/\/schema.org","@graph":[{"@type":"WebPage","@id":"https:\/\/www.home-kueppersbusch.com\/dk-dk\/product\/cbd6550-0w_121240010\/","url":"https:\/\/www.home-kueppersbusch.com\/dk-dk\/product\/cbd6550-0w_121240010\/","name":"CBD6550.0W | K\u00fcppersbusch Danmark","isPartOf":{"@id":"https:\/\/www.home-kueppersbusch.com\/dk-dk\/#website"},"datePublished":"2026-04-25T09:23:43+00:00","inLanguage":"da-DK","potentialAction":[{"@type":"ReadAction","target":["https:\/\/www.home-kueppersbusch.com\/dk-dk\/product\/cbd6550-0w_121240010\/"]}]},{"@type":"WebSite","@id":"https:\/\/www.home-kueppersbusch.com\/dk-dk\/#website","url":"https:\/\/www.home-kueppersbusch.com\/dk-dk\/","name":"K\u00fcppersbusch Danmark","description":"","potentialAction":[{"@type":"SearchAction","target":{"@type":"EntryPoint","urlTemplate":"https:\/\/www.home-kueppersbusch.com\/dk-dk\/?s={search_term_string}"},"query-input":{"@type":"PropertyValueSpecification","valueRequired":true,"valueName":"search_term_string"}}],"inLanguage":"da-DK"}]}},"_links":{"self":[{"href":"https:\/\/www.home-kueppersbusch.com\/dk-dk\/wp-json\/wp\/v2\/product\/73529","targetHints":{"allow":["GET"]}}],"collection":[{"href":"https:\/\/www.home-kueppersbusch.com\/dk-dk\/wp-json\/wp\/v2\/product"}],"about":[{"href":"https:\/\/www.home-kueppersbusch.com\/dk-dk\/wp-json\/wp\/v2\/types\/product"}],"wp:attachment":[{"href":"https:\/\/www.home-kueppersbusch.com\/dk-dk\/wp-json\/wp\/v2\/media?parent=73529"}],"wp:term":[{"taxonomy":"product_cat","embeddable":true,"href":"https:\/\/www.home-kueppersbusch.com\/dk-dk\/wp-json\/wp\/v2\/product_cat?post=73529"},{"taxonomy":"product_edition","embeddable":true,"href":"https:\/\/www.home-kueppersbusch.com\/dk-dk\/wp-json\/wp\/v2\/product_edition?post=73529"},{"taxonomy":"product_energy_efficiency","embeddable":true,"href":"https:\/\/www.home-kueppersbusch.com\/dk-dk\/wp-json\/wp\/v2\/product_energy_efficiency?post=73529"}],"curies":[{"name":"wp","href":"https:\/\/api.w.org\/{rel}","templated":true}]}}