{"id":73521,"date":"2026-04-25T09:23:32","date_gmt":"2026-04-25T09:23:32","guid":{"rendered":"https:\/\/teka.com\/en-int\/fwk2800-0s_123600003"},"modified":"2026-03-28T08:02:05","modified_gmt":"2026-03-28T09:02:05","slug":"fwk2800-0s_123600003","status":"publish","type":"product","link":"https:\/\/www.home-kueppersbusch.com\/dk-dk\/product\/fwk2800-0s_123600003\/","title":{"rendered":"FWK2800.0S"},"content":{"rendered":"<ul>\n<li>Personligt designvalg takket v\u00e6re Individual Concept Design<\/li>\n<li>Perfekt tempererede r\u00f8d- og hvidvine med 2 temperaturzoner<\/li>\n<li>Pr\u00e6cis temperaturstyring med temperaturindstilling i trin p\u00e5 1 \u00b0C<\/li>\n<li>Praktisk betjening med trykknapper<\/li>\n<li>God synlighed via det digitalt display<\/li>\n<li>Elegant vinpr\u00e6sentation med indvendig LED-belysning<\/li>\n<\/ul>\n","protected":false},"featured_media":0,"parent":0,"template":"","product_cat":[9281],"product_edition":[],"product_energy_efficiency":[9270],"class_list":["post-73521","product","type-product","status-publish","hentry","finishes-9722","finishes-9723","finishes-9724","finishes-9725","finishes-9726","finishes-9727","finishes-9728","product_cat-vinkoleskab","color-black","product_installation-indbygning","product_lifestyle-k-series-8","usp-kph-coldline-02","usp-kph-individual-01","product_energy_efficiency-g-ue-icon-new"],"acf":[],"yoast_head":"<!-- This site is optimized with the Yoast SEO plugin v27.5 - https:\/\/yoast.com\/product\/yoast-seo-wordpress\/ -->\n<title>FWK2800.0S | K\u00fcppersbusch Danmark<\/title>\n<meta name=\"robots\" content=\"index, follow, max-snippet:-1, max-image-preview:large, max-video-preview:-1\" \/>\n<link rel=\"canonical\" href=\"https:\/\/www.home-kueppersbusch.com\/dk-dk\/product\/fwk2800-0s_123600003\/\" \/>\n<meta property=\"og:locale\" content=\"da_DK\" \/>\n<meta property=\"og:type\" content=\"article\" \/>\n<meta property=\"og:title\" content=\"FWK2800.0S | K\u00fcppersbusch Danmark\" \/>\n<meta property=\"og:description\" content=\"Personligt designvalg takket v\u00e6re Individual Concept Design Perfekt tempererede r\u00f8d- og hvidvine med 2 temperaturzoner Pr\u00e6cis temperaturstyring med temperaturindstilling i trin p\u00e5 1 \u00b0C Praktisk betjening med trykknapper God synlighed via det digitalt display Elegant vinpr\u00e6sentation med indvendig LED-belysning\" \/>\n<meta property=\"og:url\" content=\"https:\/\/www.home-kueppersbusch.com\/dk-dk\/product\/fwk2800-0s_123600003\/\" \/>\n<meta property=\"og:site_name\" content=\"K\u00fcppersbusch Danmark\" \/>\n<meta name=\"twitter:card\" content=\"summary_large_image\" \/>\n<script type=\"application\/ld+json\" class=\"yoast-schema-graph\">{\"@context\":\"https:\\\/\\\/schema.org\",\"@graph\":[{\"@type\":\"WebPage\",\"@id\":\"https:\\\/\\\/www.home-kueppersbusch.com\\\/dk-dk\\\/product\\\/fwk2800-0s_123600003\\\/\",\"url\":\"https:\\\/\\\/www.home-kueppersbusch.com\\\/dk-dk\\\/product\\\/fwk2800-0s_123600003\\\/\",\"name\":\"FWK2800.0S | K\u00fcppersbusch Danmark\",\"isPartOf\":{\"@id\":\"https:\\\/\\\/www.home-kueppersbusch.com\\\/dk-dk\\\/#website\"},\"datePublished\":\"2026-04-25T09:23:32+00:00\",\"inLanguage\":\"da-DK\",\"potentialAction\":[{\"@type\":\"ReadAction\",\"target\":[\"https:\\\/\\\/www.home-kueppersbusch.com\\\/dk-dk\\\/product\\\/fwk2800-0s_123600003\\\/\"]}]},{\"@type\":\"WebSite\",\"@id\":\"https:\\\/\\\/www.home-kueppersbusch.com\\\/dk-dk\\\/#website\",\"url\":\"https:\\\/\\\/www.home-kueppersbusch.com\\\/dk-dk\\\/\",\"name\":\"K\u00fcppersbusch Danmark\",\"description\":\"\",\"potentialAction\":[{\"@type\":\"SearchAction\",\"target\":{\"@type\":\"EntryPoint\",\"urlTemplate\":\"https:\\\/\\\/www.home-kueppersbusch.com\\\/dk-dk\\\/?s={search_term_string}\"},\"query-input\":{\"@type\":\"PropertyValueSpecification\",\"valueRequired\":true,\"valueName\":\"search_term_string\"}}],\"inLanguage\":\"da-DK\"}]}<\/script>\n<!-- \/ Yoast SEO plugin. -->","yoast_head_json":{"title":"FWK2800.0S | K\u00fcppersbusch Danmark","robots":{"index":"index","follow":"follow","max-snippet":"max-snippet:-1","max-image-preview":"max-image-preview:large","max-video-preview":"max-video-preview:-1"},"canonical":"https:\/\/www.home-kueppersbusch.com\/dk-dk\/product\/fwk2800-0s_123600003\/","og_locale":"da_DK","og_type":"article","og_title":"FWK2800.0S | K\u00fcppersbusch Danmark","og_description":"Personligt designvalg takket v\u00e6re Individual Concept Design Perfekt tempererede r\u00f8d- og hvidvine med 2 temperaturzoner Pr\u00e6cis temperaturstyring med temperaturindstilling i trin p\u00e5 1 \u00b0C Praktisk betjening med trykknapper God synlighed via det digitalt display Elegant vinpr\u00e6sentation med indvendig LED-belysning","og_url":"https:\/\/www.home-kueppersbusch.com\/dk-dk\/product\/fwk2800-0s_123600003\/","og_site_name":"K\u00fcppersbusch Danmark","twitter_card":"summary_large_image","schema":{"@context":"https:\/\/schema.org","@graph":[{"@type":"WebPage","@id":"https:\/\/www.home-kueppersbusch.com\/dk-dk\/product\/fwk2800-0s_123600003\/","url":"https:\/\/www.home-kueppersbusch.com\/dk-dk\/product\/fwk2800-0s_123600003\/","name":"FWK2800.0S | K\u00fcppersbusch Danmark","isPartOf":{"@id":"https:\/\/www.home-kueppersbusch.com\/dk-dk\/#website"},"datePublished":"2026-04-25T09:23:32+00:00","inLanguage":"da-DK","potentialAction":[{"@type":"ReadAction","target":["https:\/\/www.home-kueppersbusch.com\/dk-dk\/product\/fwk2800-0s_123600003\/"]}]},{"@type":"WebSite","@id":"https:\/\/www.home-kueppersbusch.com\/dk-dk\/#website","url":"https:\/\/www.home-kueppersbusch.com\/dk-dk\/","name":"K\u00fcppersbusch Danmark","description":"","potentialAction":[{"@type":"SearchAction","target":{"@type":"EntryPoint","urlTemplate":"https:\/\/www.home-kueppersbusch.com\/dk-dk\/?s={search_term_string}"},"query-input":{"@type":"PropertyValueSpecification","valueRequired":true,"valueName":"search_term_string"}}],"inLanguage":"da-DK"}]}},"_links":{"self":[{"href":"https:\/\/www.home-kueppersbusch.com\/dk-dk\/wp-json\/wp\/v2\/product\/73521","targetHints":{"allow":["GET"]}}],"collection":[{"href":"https:\/\/www.home-kueppersbusch.com\/dk-dk\/wp-json\/wp\/v2\/product"}],"about":[{"href":"https:\/\/www.home-kueppersbusch.com\/dk-dk\/wp-json\/wp\/v2\/types\/product"}],"wp:attachment":[{"href":"https:\/\/www.home-kueppersbusch.com\/dk-dk\/wp-json\/wp\/v2\/media?parent=73521"}],"wp:term":[{"taxonomy":"product_cat","embeddable":true,"href":"https:\/\/www.home-kueppersbusch.com\/dk-dk\/wp-json\/wp\/v2\/product_cat?post=73521"},{"taxonomy":"product_edition","embeddable":true,"href":"https:\/\/www.home-kueppersbusch.com\/dk-dk\/wp-json\/wp\/v2\/product_edition?post=73521"},{"taxonomy":"product_energy_efficiency","embeddable":true,"href":"https:\/\/www.home-kueppersbusch.com\/dk-dk\/wp-json\/wp\/v2\/product_energy_efficiency?post=73521"}],"curies":[{"name":"wp","href":"https:\/\/api.w.org\/{rel}","templated":true}]}}