{"id":69912,"date":"2020-09-30T14:14:18","date_gmt":"2020-09-30T14:14:18","guid":{"rendered":"https:\/\/www.home-kueppersbusch.com\/dk-en\/?page_id=69912"},"modified":"2023-08-02T09:50:14","modified_gmt":"2023-08-02T09:50:14","slug":"history","status":"publish","type":"page","link":"https:\/\/www.home-kueppersbusch.com\/dk-dk\/history\/","title":{"rendered":"History"},"content":{"rendered":"<p>[et_pb_section fb_built=&#8221;1&#8243; theme_builder_area=&#8221;post_content&#8221; _builder_version=&#8221;4.21.0&#8243; _module_preset=&#8221;default&#8221;][\/et_pb_section]<\/p>\n","protected":false},"excerpt":{"rendered":"","protected":false},"author":68,"featured_media":0,"parent":0,"menu_order":0,"comment_status":"closed","ping_status":"closed","template":"tp-historia.php","meta":{"_acf_changed":false,"_et_pb_use_builder":"on","_et_pb_old_content":"","_et_gb_content_width":"","footnotes":""},"class_list":["post-69912","page","type-page","status-publish","hentry"],"acf":[],"yoast_head":"<!-- This site is optimized with the Yoast SEO plugin v27.5 - https:\/\/yoast.com\/product\/yoast-seo-wordpress\/ -->\n<title>Professionelle k\u00f8kkenpionerer siden 1875 | K\u00fcppersbusch Danmark<\/title>\n<meta name=\"description\" content=\"K\u00fcppersbusch m\u00e6rket kombinerer den industrielle arv af solid oprindelse med tidl\u00f8st design og stilfuld individualitet.\" \/>\n<meta name=\"robots\" content=\"index, follow, max-snippet:-1, max-image-preview:large, max-video-preview:-1\" \/>\n<link rel=\"canonical\" href=\"https:\/\/www.home-kueppersbusch.com\/dk-dk\/history\/\" \/>\n<meta property=\"og:locale\" content=\"da_DK\" \/>\n<meta property=\"og:type\" content=\"article\" \/>\n<meta property=\"og:title\" content=\"Professionelle k\u00f8kkenpionerer siden 1875 | K\u00fcppersbusch Danmark\" \/>\n<meta property=\"og:description\" content=\"K\u00fcppersbusch m\u00e6rket kombinerer den industrielle arv af solid oprindelse med tidl\u00f8st design og stilfuld individualitet.\" \/>\n<meta property=\"og:url\" content=\"https:\/\/www.home-kueppersbusch.com\/dk-dk\/history\/\" \/>\n<meta property=\"og:site_name\" content=\"K\u00fcppersbusch Danmark\" \/>\n<meta property=\"article:modified_time\" content=\"2023-08-02T09:50:14+00:00\" \/>\n<meta name=\"twitter:card\" content=\"summary_large_image\" \/>\n<meta name=\"twitter:label1\" content=\"Estimeret l\u00e6setid\" \/>\n\t<meta name=\"twitter:data1\" content=\"1 minut\" \/>\n<script type=\"application\/ld+json\" class=\"yoast-schema-graph\">{\"@context\":\"https:\\\/\\\/schema.org\",\"@graph\":[{\"@type\":\"WebPage\",\"@id\":\"https:\\\/\\\/www.home-kueppersbusch.com\\\/dk-dk\\\/history\\\/\",\"url\":\"https:\\\/\\\/www.home-kueppersbusch.com\\\/dk-dk\\\/history\\\/\",\"name\":\"Professionelle k\u00f8kkenpionerer siden 1875 | K\u00fcppersbusch Danmark\",\"isPartOf\":{\"@id\":\"https:\\\/\\\/www.home-kueppersbusch.com\\\/dk-dk\\\/#website\"},\"datePublished\":\"2020-09-30T14:14:18+00:00\",\"dateModified\":\"2023-08-02T09:50:14+00:00\",\"description\":\"K\u00fcppersbusch m\u00e6rket kombinerer den industrielle arv af solid oprindelse med tidl\u00f8st design og stilfuld individualitet.\",\"inLanguage\":\"da-DK\",\"potentialAction\":[{\"@type\":\"ReadAction\",\"target\":[\"https:\\\/\\\/www.home-kueppersbusch.com\\\/dk-dk\\\/history\\\/\"]}]},{\"@type\":\"WebSite\",\"@id\":\"https:\\\/\\\/www.home-kueppersbusch.com\\\/dk-dk\\\/#website\",\"url\":\"https:\\\/\\\/www.home-kueppersbusch.com\\\/dk-dk\\\/\",\"name\":\"K\u00fcppersbusch Danmark\",\"description\":\"\",\"potentialAction\":[{\"@type\":\"SearchAction\",\"target\":{\"@type\":\"EntryPoint\",\"urlTemplate\":\"https:\\\/\\\/www.home-kueppersbusch.com\\\/dk-dk\\\/?s={search_term_string}\"},\"query-input\":{\"@type\":\"PropertyValueSpecification\",\"valueRequired\":true,\"valueName\":\"search_term_string\"}}],\"inLanguage\":\"da-DK\"}]}<\/script>\n<!-- \/ Yoast SEO plugin. -->","yoast_head_json":{"title":"Professionelle k\u00f8kkenpionerer siden 1875 | K\u00fcppersbusch Danmark","description":"K\u00fcppersbusch m\u00e6rket kombinerer den industrielle arv af solid oprindelse med tidl\u00f8st design og stilfuld individualitet.","robots":{"index":"index","follow":"follow","max-snippet":"max-snippet:-1","max-image-preview":"max-image-preview:large","max-video-preview":"max-video-preview:-1"},"canonical":"https:\/\/www.home-kueppersbusch.com\/dk-dk\/history\/","og_locale":"da_DK","og_type":"article","og_title":"Professionelle k\u00f8kkenpionerer siden 1875 | K\u00fcppersbusch Danmark","og_description":"K\u00fcppersbusch m\u00e6rket kombinerer den industrielle arv af solid oprindelse med tidl\u00f8st design og stilfuld individualitet.","og_url":"https:\/\/www.home-kueppersbusch.com\/dk-dk\/history\/","og_site_name":"K\u00fcppersbusch Danmark","article_modified_time":"2023-08-02T09:50:14+00:00","twitter_card":"summary_large_image","twitter_misc":{"Estimeret l\u00e6setid":"1 minut"},"schema":{"@context":"https:\/\/schema.org","@graph":[{"@type":"WebPage","@id":"https:\/\/www.home-kueppersbusch.com\/dk-dk\/history\/","url":"https:\/\/www.home-kueppersbusch.com\/dk-dk\/history\/","name":"Professionelle k\u00f8kkenpionerer siden 1875 | K\u00fcppersbusch Danmark","isPartOf":{"@id":"https:\/\/www.home-kueppersbusch.com\/dk-dk\/#website"},"datePublished":"2020-09-30T14:14:18+00:00","dateModified":"2023-08-02T09:50:14+00:00","description":"K\u00fcppersbusch m\u00e6rket kombinerer den industrielle arv af solid oprindelse med tidl\u00f8st design og stilfuld individualitet.","inLanguage":"da-DK","potentialAction":[{"@type":"ReadAction","target":["https:\/\/www.home-kueppersbusch.com\/dk-dk\/history\/"]}]},{"@type":"WebSite","@id":"https:\/\/www.home-kueppersbusch.com\/dk-dk\/#website","url":"https:\/\/www.home-kueppersbusch.com\/dk-dk\/","name":"K\u00fcppersbusch Danmark","description":"","potentialAction":[{"@type":"SearchAction","target":{"@type":"EntryPoint","urlTemplate":"https:\/\/www.home-kueppersbusch.com\/dk-dk\/?s={search_term_string}"},"query-input":{"@type":"PropertyValueSpecification","valueRequired":true,"valueName":"search_term_string"}}],"inLanguage":"da-DK"}]}},"_links":{"self":[{"href":"https:\/\/www.home-kueppersbusch.com\/dk-dk\/wp-json\/wp\/v2\/pages\/69912","targetHints":{"allow":["GET"]}}],"collection":[{"href":"https:\/\/www.home-kueppersbusch.com\/dk-dk\/wp-json\/wp\/v2\/pages"}],"about":[{"href":"https:\/\/www.home-kueppersbusch.com\/dk-dk\/wp-json\/wp\/v2\/types\/page"}],"author":[{"embeddable":true,"href":"https:\/\/www.home-kueppersbusch.com\/dk-dk\/wp-json\/wp\/v2\/users\/68"}],"replies":[{"embeddable":true,"href":"https:\/\/www.home-kueppersbusch.com\/dk-dk\/wp-json\/wp\/v2\/comments?post=69912"}],"version-history":[{"count":13,"href":"https:\/\/www.home-kueppersbusch.com\/dk-dk\/wp-json\/wp\/v2\/pages\/69912\/revisions"}],"predecessor-version":[{"id":73089,"href":"https:\/\/www.home-kueppersbusch.com\/dk-dk\/wp-json\/wp\/v2\/pages\/69912\/revisions\/73089"}],"wp:attachment":[{"href":"https:\/\/www.home-kueppersbusch.com\/dk-dk\/wp-json\/wp\/v2\/media?parent=69912"}],"curies":[{"name":"wp","href":"https:\/\/api.w.org\/{rel}","templated":true}]}}