{"id":69714,"date":"2020-09-29T10:23:26","date_gmt":"2020-09-29T10:23:26","guid":{"rendered":"https:\/\/www.home-kueppersbusch.com\/dk-en\/?page_id=69714"},"modified":"2025-01-08T16:13:15","modified_gmt":"2025-01-08T16:13:15","slug":"downloads","status":"publish","type":"page","link":"https:\/\/www.home-kueppersbusch.com\/dk-dk\/downloads\/","title":{"rendered":"Downloads"},"content":{"rendered":"<p>[et_pb_section fb_built=&#8221;1&#8243; module_id=&#8221;descargas-header&#8221; _builder_version=&#8221;4.21.0&#8243; background_color=&#8221;#000000&#8243; background_image=&#8221;https:\/\/www.home-kueppersbusch.com\/es-es\/wp-content\/uploads\/sites\/2\/2022\/07\/KUPPER-Cabecera-2.jpg&#8221; vertical_offset_tablet=&#8221;0&#8243; horizontal_offset_tablet=&#8221;0&#8243; custom_padding=&#8221;||0px|&#8221; z_index_tablet=&#8221;0&#8243; custom_css_main_element=&#8221;margin-top: -80px;&#8221; box_shadow_horizontal_tablet=&#8221;0px&#8221; box_shadow_vertical_tablet=&#8221;0px&#8221; box_shadow_blur_tablet=&#8221;40px&#8221; box_shadow_spread_tablet=&#8221;0px&#8221; locked=&#8221;off&#8221; global_colors_info=&#8221;{}&#8221;][et_pb_row make_equal=&#8221;on&#8221; _builder_version=&#8221;4.21.0&#8243; vertical_offset_tablet=&#8221;0&#8243; horizontal_offset_tablet=&#8221;0&#8243; z_index_tablet=&#8221;0&#8243; box_shadow_horizontal_tablet=&#8221;0px&#8221; box_shadow_vertical_tablet=&#8221;0px&#8221; box_shadow_blur_tablet=&#8221;40px&#8221; box_shadow_spread_tablet=&#8221;0px&#8221; global_colors_info=&#8221;{}&#8221;][et_pb_column type=&#8221;4_4&#8243; _builder_version=&#8221;4.16&#8243; vertical_offset_tablet=&#8221;0&#8243; vertical_offset_phone=&#8221;0&#8243; horizontal_offset_tablet=&#8221;0&#8243; horizontal_offset_phone=&#8221;0&#8243; custom_padding=&#8221;|||&#8221; custom_padding_tablet=&#8221;|||&#8221; custom_padding_phone=&#8221;|||&#8221; background_color_gradient_direction_tablet=&#8221;180deg&#8221; background_color_gradient_direction_phone=&#8221;180deg&#8221; background_color_gradient_stops_tablet=&#8221;#2b87da 0%|#29c4a9 100%&#8221; background_color_gradient_stops_phone=&#8221;#2b87da 0%|#29c4a9 100%&#8221; background_color_gradient_start_position_tablet=&#8221;0%&#8221; background_color_gradient_start_position_phone=&#8221;0%&#8221; background_color_gradient_end_position_tablet=&#8221;100%&#8221; background_color_gradient_end_position_phone=&#8221;100%&#8221; z_index_tablet=&#8221;2&#8243; z_index_phone=&#8221;2&#8243; filter_hue_rotate_tablet=&#8221;0deg&#8221; filter_hue_rotate_phone=&#8221;0deg&#8221; filter_saturate_tablet=&#8221;100%&#8221; filter_saturate_phone=&#8221;100%&#8221; filter_brightness_tablet=&#8221;100%&#8221; filter_brightness_phone=&#8221;100%&#8221; filter_contrast_tablet=&#8221;100%&#8221; filter_contrast_phone=&#8221;100%&#8221; filter_invert_tablet=&#8221;0%&#8221; filter_invert_phone=&#8221;0%&#8221; filter_sepia_tablet=&#8221;0%&#8221; filter_sepia_phone=&#8221;0%&#8221; filter_opacity_tablet=&#8221;100%&#8221; filter_opacity_phone=&#8221;100%&#8221; filter_blur_tablet=&#8221;0px&#8221; filter_blur_phone=&#8221;0px&#8221; animation_duration_tablet=&#8221;1000ms&#8221; animation_duration_phone=&#8221;1000ms&#8221; animation_delay_tablet=&#8221;0ms&#8221; animation_delay_phone=&#8221;0ms&#8221; animation_intensity_slide_tablet=&#8221;50%&#8221; animation_intensity_slide_phone=&#8221;50%&#8221; animation_intensity_zoom_tablet=&#8221;50%&#8221; animation_intensity_zoom_phone=&#8221;50%&#8221; animation_intensity_flip_tablet=&#8221;50%&#8221; animation_intensity_flip_phone=&#8221;50%&#8221; animation_intensity_fold_tablet=&#8221;50%&#8221; animation_intensity_fold_phone=&#8221;50%&#8221; animation_intensity_roll_tablet=&#8221;50%&#8221; animation_intensity_roll_phone=&#8221;50%&#8221; animation_starting_opacity_tablet=&#8221;0%&#8221; animation_starting_opacity_phone=&#8221;0%&#8221; hover_transition_duration_tablet=&#8221;300ms&#8221; hover_transition_duration_phone=&#8221;300ms&#8221; hover_transition_delay_tablet=&#8221;0ms&#8221; hover_transition_delay_phone=&#8221;0ms&#8221; box_shadow_horizontal_tablet=&#8221;0px&#8221; box_shadow_horizontal_phone=&#8221;0px&#8221; box_shadow_vertical_tablet=&#8221;0px&#8221; box_shadow_vertical_phone=&#8221;0px&#8221; box_shadow_blur_tablet=&#8221;40px&#8221; box_shadow_blur_phone=&#8221;40px&#8221; box_shadow_spread_tablet=&#8221;0px&#8221; box_shadow_spread_phone=&#8221;0px&#8221; disabled=&#8221;%91object HTMLInputElement%93&#8243; global_colors_info=&#8221;{}&#8221; custom_padding__hover=&#8221;|||&#8221;][et_pb_text content_tablet=&#8221;<\/p>\n<h1>DOWNLOADS<\/h1>\n<p>&#8221; content_phone=&#8221;<\/p>\n<h3>DOWNLOADS<\/h3>\n<p>&#8221; content_last_edited=&#8221;on|phone&#8221; _builder_version=&#8221;4.27.4&#8243; text_font=&#8221;||||||||&#8221; text_text_color=&#8221;#FFFFFF&#8221; text_letter_spacing=&#8221;5px&#8221; header_text_color=&#8221;#ffffff&#8221; header_letter_spacing=&#8221;4px&#8221; vertical_offset_tablet=&#8221;0&#8243; horizontal_offset_tablet=&#8221;0&#8243; custom_padding=&#8221;180px||200px||false|false&#8221; animation_style=&#8221;fade&#8221; animation_direction=&#8221;bottom&#8221; hover_enabled=&#8221;0&#8243; z_index_tablet=&#8221;0&#8243; text_text_shadow_horizontal_length_tablet=&#8221;0px&#8221; text_text_shadow_vertical_length_tablet=&#8221;0px&#8221; text_text_shadow_blur_strength_tablet=&#8221;1px&#8221; link_text_shadow_horizontal_length_tablet=&#8221;0px&#8221; link_text_shadow_vertical_length_tablet=&#8221;0px&#8221; link_text_shadow_blur_strength_tablet=&#8221;1px&#8221; ul_text_shadow_horizontal_length_tablet=&#8221;0px&#8221; ul_text_shadow_vertical_length_tablet=&#8221;0px&#8221; ul_text_shadow_blur_strength_tablet=&#8221;1px&#8221; ol_text_shadow_horizontal_length_tablet=&#8221;0px&#8221; ol_text_shadow_vertical_length_tablet=&#8221;0px&#8221; ol_text_shadow_blur_strength_tablet=&#8221;1px&#8221; quote_text_shadow_horizontal_length_tablet=&#8221;0px&#8221; quote_text_shadow_vertical_length_tablet=&#8221;0px&#8221; quote_text_shadow_blur_strength_tablet=&#8221;1px&#8221; header_text_shadow_horizontal_length_tablet=&#8221;0px&#8221; header_text_shadow_vertical_length_tablet=&#8221;0px&#8221; header_text_shadow_blur_strength_tablet=&#8221;1px&#8221; header_2_text_shadow_horizontal_length_tablet=&#8221;0px&#8221; header_2_text_shadow_vertical_length_tablet=&#8221;0px&#8221; header_2_text_shadow_blur_strength_tablet=&#8221;1px&#8221; header_3_text_shadow_horizontal_length_tablet=&#8221;0px&#8221; header_3_text_shadow_vertical_length_tablet=&#8221;0px&#8221; header_3_text_shadow_blur_strength_tablet=&#8221;1px&#8221; header_4_text_shadow_horizontal_length_tablet=&#8221;0px&#8221; header_4_text_shadow_vertical_length_tablet=&#8221;0px&#8221; header_4_text_shadow_blur_strength_tablet=&#8221;1px&#8221; header_5_text_shadow_horizontal_length_tablet=&#8221;0px&#8221; header_5_text_shadow_vertical_length_tablet=&#8221;0px&#8221; header_5_text_shadow_blur_strength_tablet=&#8221;1px&#8221; header_6_text_shadow_horizontal_length_tablet=&#8221;0px&#8221; header_6_text_shadow_vertical_length_tablet=&#8221;0px&#8221; header_6_text_shadow_blur_strength_tablet=&#8221;1px&#8221; box_shadow_horizontal_tablet=&#8221;0px&#8221; box_shadow_vertical_tablet=&#8221;0px&#8221; box_shadow_blur_tablet=&#8221;40px&#8221; box_shadow_spread_tablet=&#8221;0px&#8221; global_colors_info=&#8221;{}&#8221; sticky_enabled=&#8221;0&#8243;]<\/p>\n<h1>DOWNLOADS<\/h1>\n<p>[\/et_pb_text][\/et_pb_column][\/et_pb_row][\/et_pb_section][et_pb_section fb_built=&#8221;1&#8243; module_class=&#8221;descarga-bloque&#8221; _builder_version=&#8221;4.21.0&#8243; background_color=&#8221;#000000&#8243; vertical_offset_tablet=&#8221;0&#8243; horizontal_offset_tablet=&#8221;0&#8243; custom_margin=&#8221;||80px||false|false&#8221; custom_padding=&#8221;||0px|&#8221; z_index_tablet=&#8221;0&#8243; box_shadow_horizontal_tablet=&#8221;0px&#8221; box_shadow_vertical_tablet=&#8221;0px&#8221; box_shadow_blur_tablet=&#8221;40px&#8221; box_shadow_spread_tablet=&#8221;0px&#8221; locked=&#8221;off&#8221; collapsed=&#8221;off&#8221; global_colors_info=&#8221;{}&#8221;][et_pb_row column_structure=&#8221;1_2,1_2&#8243; _builder_version=&#8221;4.16&#8243; vertical_offset_tablet=&#8221;0&#8243; horizontal_offset_tablet=&#8221;0&#8243; z_index_tablet=&#8221;0&#8243; box_shadow_horizontal_tablet=&#8221;0px&#8221; box_shadow_vertical_tablet=&#8221;0px&#8221; box_shadow_blur_tablet=&#8221;40px&#8221; box_shadow_spread_tablet=&#8221;0px&#8221; global_colors_info=&#8221;{}&#8221;][et_pb_column type=&#8221;1_2&#8243; _builder_version=&#8221;4.16&#8243; custom_padding=&#8221;|||&#8221; global_colors_info=&#8221;{}&#8221; custom_padding__hover=&#8221;|||&#8221;][et_pb_text _builder_version=&#8221;4.27.4&#8243; text_font=&#8221;|300|||||||&#8221; text_text_color=&#8221;#FFFFFF&#8221; header_3_font=&#8221;|300||on|||||&#8221; header_3_font_size=&#8221;32px&#8221; background_color=&#8221;#000000&#8243; vertical_offset_tablet=&#8221;0&#8243; horizontal_offset_tablet=&#8221;0&#8243; background_layout=&#8221;dark&#8221; animation_style=&#8221;fade&#8221; animation_direction=&#8221;left&#8221; hover_enabled=&#8221;0&#8243; z_index_tablet=&#8221;0&#8243; text_text_shadow_horizontal_length_tablet=&#8221;0px&#8221; text_text_shadow_vertical_length_tablet=&#8221;0px&#8221; text_text_shadow_blur_strength_tablet=&#8221;1px&#8221; link_text_shadow_horizontal_length_tablet=&#8221;0px&#8221; link_text_shadow_vertical_length_tablet=&#8221;0px&#8221; link_text_shadow_blur_strength_tablet=&#8221;1px&#8221; ul_text_shadow_horizontal_length_tablet=&#8221;0px&#8221; ul_text_shadow_vertical_length_tablet=&#8221;0px&#8221; ul_text_shadow_blur_strength_tablet=&#8221;1px&#8221; ol_text_shadow_horizontal_length_tablet=&#8221;0px&#8221; ol_text_shadow_vertical_length_tablet=&#8221;0px&#8221; ol_text_shadow_blur_strength_tablet=&#8221;1px&#8221; quote_text_shadow_horizontal_length_tablet=&#8221;0px&#8221; quote_text_shadow_vertical_length_tablet=&#8221;0px&#8221; quote_text_shadow_blur_strength_tablet=&#8221;1px&#8221; header_text_shadow_horizontal_length_tablet=&#8221;0px&#8221; header_text_shadow_vertical_length_tablet=&#8221;0px&#8221; header_text_shadow_blur_strength_tablet=&#8221;1px&#8221; header_2_text_shadow_horizontal_length_tablet=&#8221;0px&#8221; header_2_text_shadow_vertical_length_tablet=&#8221;0px&#8221; header_2_text_shadow_blur_strength_tablet=&#8221;1px&#8221; header_3_text_shadow_horizontal_length_tablet=&#8221;0px&#8221; header_3_text_shadow_vertical_length_tablet=&#8221;0px&#8221; header_3_text_shadow_blur_strength_tablet=&#8221;1px&#8221; header_4_text_shadow_horizontal_length_tablet=&#8221;0px&#8221; header_4_text_shadow_vertical_length_tablet=&#8221;0px&#8221; header_4_text_shadow_blur_strength_tablet=&#8221;1px&#8221; header_5_text_shadow_horizontal_length_tablet=&#8221;0px&#8221; header_5_text_shadow_vertical_length_tablet=&#8221;0px&#8221; header_5_text_shadow_blur_strength_tablet=&#8221;1px&#8221; header_6_text_shadow_horizontal_length_tablet=&#8221;0px&#8221; header_6_text_shadow_vertical_length_tablet=&#8221;0px&#8221; header_6_text_shadow_blur_strength_tablet=&#8221;1px&#8221; box_shadow_horizontal_tablet=&#8221;0px&#8221; box_shadow_vertical_tablet=&#8221;0px&#8221; box_shadow_blur_tablet=&#8221;40px&#8221; box_shadow_spread_tablet=&#8221;0px&#8221; global_colors_info=&#8221;{}&#8221; sticky_enabled=&#8221;0&#8243;]<\/p>\n<h3 class=\"p1\">K\u00dcPPERSBUSCH KATALOG <br \/>2023-2024<\/h3>\n<p class=\"p2\">11.\tTag et kig i kataloget, hvor vi introducerer vores verden \u2013 fyldt med id\u00e9er og inspiration.<\/p>\n<div class=\"button-2\">\n<a href=\"https:\/\/www.home-kueppersbusch.com\/global\/wp-content\/uploads\/sites\/3\/2023\/09\/2023_2024_Kuppersbusch_Catalogue_EN.pdf\"><\/p>\n<div class=\"KPH_button-2\">DOWNLOAD  &nbsp; <img loading=\"lazy\" decoding=\"async\" class=\"alignnone size-full wp-image-81712\" src=\"https:\/\/www.home-kueppersbusch.com\/pt-pt\/wp-content\/uploads\/sites\/6\/2022\/07\/KPH-icono-descarga-12-1.png\" alt=\"\" width=\"12\" height=\"12\"><\/div>\n<p><\/a><\/p>\n<p>&nbsp;<\/p>\n<\/div>\n<p>[\/et_pb_text][\/et_pb_column][et_pb_column type=&#8221;1_2&#8243; _builder_version=&#8221;4.16&#8243; custom_padding=&#8221;|||&#8221; global_colors_info=&#8221;{}&#8221; custom_padding__hover=&#8221;|||&#8221;][et_pb_image src=&#8221;https:\/\/www.home-kueppersbusch.com\/dk-dk\/wp-content\/uploads\/sites\/12\/2024\/01\/MOCK_UP_CATALOGO_KUPPERSBUSCH_24.png&#8221; title_text=&#8221;MOCK_UP_CATALOGO_KUPPERSBUSCH_24&#8243; _builder_version=&#8221;4.21.0&#8243; vertical_offset_tablet=&#8221;0&#8243; horizontal_offset_tablet=&#8221;0&#8243; custom_margin=&#8221;-10px|||100px|false|false&#8221; animation_style=&#8221;fade&#8221; animation_direction=&#8221;right&#8221; z_index_tablet=&#8221;0&#8243; box_shadow_horizontal_tablet=&#8221;0px&#8221; box_shadow_vertical_tablet=&#8221;0px&#8221; box_shadow_blur_tablet=&#8221;40px&#8221; box_shadow_spread_tablet=&#8221;0px&#8221; global_colors_info=&#8221;{}&#8221;][\/et_pb_image][\/et_pb_column][\/et_pb_row][\/et_pb_section][et_pb_section fb_built=&#8221;1&#8243; admin_label=&#8221;Secci\u00f3n&#8221; _builder_version=&#8221;4.21.0&#8243; background_color=&#8221;#000000&#8243; background_image=&#8221;https:\/\/www.home-kueppersbusch.com\/es-es\/wp-content\/uploads\/sites\/2\/2022\/07\/KPH-INDIVIDUAL.jpg&#8221; vertical_offset_tablet=&#8221;0&#8243; horizontal_offset_tablet=&#8221;0&#8243; custom_margin=&#8221;0px||120px||false|false&#8221; custom_margin_tablet=&#8221;0px||120px||false|false&#8221; custom_margin_phone=&#8221;0px||120px||false|false&#8221; custom_margin_last_edited=&#8221;on|desktop&#8221; custom_padding=&#8221;||0px|&#8221; background_last_edited=&#8221;off|desktop&#8221; background_enable_image_tablet=&#8221;off&#8221; background_enable_image_phone=&#8221;off&#8221; z_index_tablet=&#8221;0&#8243; box_shadow_horizontal_tablet=&#8221;0px&#8221; box_shadow_vertical_tablet=&#8221;0px&#8221; box_shadow_blur_tablet=&#8221;40px&#8221; box_shadow_spread_tablet=&#8221;0px&#8221; locked=&#8221;off&#8221; collapsed=&#8221;off&#8221; global_colors_info=&#8221;{}&#8221;][et_pb_row column_structure=&#8221;1_3,2_3&#8243; _builder_version=&#8221;4.16&#8243; vertical_offset_tablet=&#8221;0&#8243; horizontal_offset_tablet=&#8221;0&#8243; z_index_tablet=&#8221;0&#8243; box_shadow_horizontal_tablet=&#8221;0px&#8221; box_shadow_vertical_tablet=&#8221;0px&#8221; box_shadow_blur_tablet=&#8221;40px&#8221; box_shadow_spread_tablet=&#8221;0px&#8221; global_colors_info=&#8221;{}&#8221;][et_pb_column type=&#8221;1_3&#8243; _builder_version=&#8221;4.16&#8243; custom_padding=&#8221;|||&#8221; global_colors_info=&#8221;{}&#8221; custom_padding__hover=&#8221;|||&#8221;][et_pb_text _builder_version=&#8221;4.27.4&#8243; text_font=&#8221;|300|||||||&#8221; text_text_color=&#8221;#FFFFFF&#8221; header_3_font=&#8221;|300||on|||||&#8221; header_3_font_size=&#8221;32px&#8221; background_color=&#8221;#000000&#8243; vertical_offset_tablet=&#8221;0&#8243; horizontal_offset_tablet=&#8221;0&#8243; background_layout=&#8221;dark&#8221; custom_margin=&#8221;0px||||false|false&#8221; custom_margin_tablet=&#8221;0px||||false|false&#8221; custom_margin_phone=&#8221;0px||||false|false&#8221; custom_margin_last_edited=&#8221;on|desktop&#8221; custom_padding=&#8221;||140px||false|false&#8221; animation_style=&#8221;fade&#8221; animation_direction=&#8221;left&#8221; hover_enabled=&#8221;0&#8243; z_index_tablet=&#8221;0&#8243; text_text_shadow_horizontal_length_tablet=&#8221;0px&#8221; text_text_shadow_vertical_length_tablet=&#8221;0px&#8221; text_text_shadow_blur_strength_tablet=&#8221;1px&#8221; link_text_shadow_horizontal_length_tablet=&#8221;0px&#8221; link_text_shadow_vertical_length_tablet=&#8221;0px&#8221; link_text_shadow_blur_strength_tablet=&#8221;1px&#8221; ul_text_shadow_horizontal_length_tablet=&#8221;0px&#8221; ul_text_shadow_vertical_length_tablet=&#8221;0px&#8221; ul_text_shadow_blur_strength_tablet=&#8221;1px&#8221; ol_text_shadow_horizontal_length_tablet=&#8221;0px&#8221; ol_text_shadow_vertical_length_tablet=&#8221;0px&#8221; ol_text_shadow_blur_strength_tablet=&#8221;1px&#8221; quote_text_shadow_horizontal_length_tablet=&#8221;0px&#8221; quote_text_shadow_vertical_length_tablet=&#8221;0px&#8221; quote_text_shadow_blur_strength_tablet=&#8221;1px&#8221; header_text_shadow_horizontal_length_tablet=&#8221;0px&#8221; header_text_shadow_vertical_length_tablet=&#8221;0px&#8221; header_text_shadow_blur_strength_tablet=&#8221;1px&#8221; header_2_text_shadow_horizontal_length_tablet=&#8221;0px&#8221; header_2_text_shadow_vertical_length_tablet=&#8221;0px&#8221; header_2_text_shadow_blur_strength_tablet=&#8221;1px&#8221; header_3_text_shadow_horizontal_length_tablet=&#8221;0px&#8221; header_3_text_shadow_vertical_length_tablet=&#8221;0px&#8221; header_3_text_shadow_blur_strength_tablet=&#8221;1px&#8221; header_4_text_shadow_horizontal_length_tablet=&#8221;0px&#8221; header_4_text_shadow_vertical_length_tablet=&#8221;0px&#8221; header_4_text_shadow_blur_strength_tablet=&#8221;1px&#8221; header_5_text_shadow_horizontal_length_tablet=&#8221;0px&#8221; header_5_text_shadow_vertical_length_tablet=&#8221;0px&#8221; header_5_text_shadow_blur_strength_tablet=&#8221;1px&#8221; header_6_text_shadow_horizontal_length_tablet=&#8221;0px&#8221; header_6_text_shadow_vertical_length_tablet=&#8221;0px&#8221; header_6_text_shadow_blur_strength_tablet=&#8221;1px&#8221; box_shadow_horizontal_tablet=&#8221;0px&#8221; box_shadow_vertical_tablet=&#8221;0px&#8221; box_shadow_blur_tablet=&#8221;40px&#8221; box_shadow_spread_tablet=&#8221;0px&#8221; global_colors_info=&#8221;{}&#8221; sticky_enabled=&#8221;0&#8243;]<\/p>\n<p><img decoding=\"async\" class=\"alignnone size-full wp-image-81713\" src=\"https:\/\/www.home-kueppersbusch.com\/es-es\/wp-content\/uploads\/sites\/2\/2022\/07\/KPH-logo-individual.png\" alt=\"\" width=\"150px\" \/><\/p>\n<h3 class=\"parrafo1\">INDIVIDUELT DESIGN<\/h3>\n<p class=\"p2\">V\u00e6r tro mod dig selv og indret dit k\u00f8kken med hvidevarer fra K\u00fcppersbusch helt i din egen stil.<\/p>\n<div class=\"container_button\">\n<div class=\"KPH_button_lato\" style=\"text-align: left;\"><span style=\"color: #ffffff;\"><a style=\"color: #ffffff;\" href=\"https:\/\/www.home-kueppersbusch.com\/dk-dk\/individual\/\">Se tilg\u00e6ngelige kombinationer<\/a><\/span><\/div>\n<\/div>\n<p>[\/et_pb_text][\/et_pb_column][et_pb_column type=&#8221;2_3&#8243; _builder_version=&#8221;4.16&#8243; custom_padding=&#8221;|||&#8221; global_colors_info=&#8221;{}&#8221; custom_padding__hover=&#8221;|||&#8221;][et_pb_image title_text=&#8221;KPH-Individual-Design&#8221; show_bottom_space=&#8221;off&#8221; src_tablet=&#8221;https:\/\/www.home-kueppersbusch.com\/es-es\/wp-content\/uploads\/sites\/2\/2022\/07\/KPH-Individual-Design.png&#8221; src_phone=&#8221;https:\/\/www.home-kueppersbusch.com\/es-es\/wp-content\/uploads\/sites\/2\/2022\/07\/KPH-Individual-Design.png&#8221; src_last_edited=&#8221;on|phone&#8221; show_bottom_space_tablet=&#8221;off&#8221; show_bottom_space_phone=&#8221;off&#8221; show_bottom_space_last_edited=&#8221;on|desktop&#8221; _builder_version=&#8221;4.16&#8243; _module_preset=&#8221;default&#8221; global_colors_info=&#8221;{}&#8221;][\/et_pb_image][\/et_pb_column][\/et_pb_row][\/et_pb_section]<\/p>\n","protected":false},"excerpt":{"rendered":"<p>DOWNLOADSK\u00dcPPERSBUSCH KATALOG 2023-2024 11. Tag et kig i kataloget, hvor vi introducerer vores verden \u2013 fyldt med id\u00e9er og inspiration. DOWNLOAD &nbsp; &nbsp; INDIVIDUELT DESIGN V\u00e6r tro mod dig selv og indret dit k\u00f8kken med hvidevarer fra K\u00fcppersbusch helt i din egen stil. Se tilg\u00e6ngelige kombinationer<\/p>\n","protected":false},"author":68,"featured_media":0,"parent":0,"menu_order":0,"comment_status":"closed","ping_status":"closed","template":"","meta":{"_acf_changed":false,"_et_pb_use_builder":"on","_et_pb_old_content":"","_et_gb_content_width":"","footnotes":""},"class_list":["post-69714","page","type-page","status-publish","hentry"],"acf":[],"yoast_head":"<!-- This site is optimized with the Yoast SEO plugin v27.5 - https:\/\/yoast.com\/product\/yoast-seo-wordpress\/ -->\n<title>Katalog 2023-2024 | K\u00fcppersbusch Danmark<\/title>\n<meta name=\"description\" content=\"K\u00fcppersbusch m\u00e6rket kombinerer den industrielle arv af solid oprindelse med tidl\u00f8st design og stilfuld individualitet.\" \/>\n<meta name=\"robots\" content=\"index, follow, max-snippet:-1, max-image-preview:large, max-video-preview:-1\" \/>\n<link rel=\"canonical\" href=\"https:\/\/www.home-kueppersbusch.com\/dk-dk\/downloads\/\" \/>\n<meta property=\"og:locale\" content=\"da_DK\" \/>\n<meta property=\"og:type\" content=\"article\" \/>\n<meta property=\"og:title\" content=\"Katalog 2023-2024 | K\u00fcppersbusch Danmark\" \/>\n<meta property=\"og:description\" content=\"K\u00fcppersbusch m\u00e6rket kombinerer den industrielle arv af solid oprindelse med tidl\u00f8st design og stilfuld individualitet.\" \/>\n<meta property=\"og:url\" content=\"https:\/\/www.home-kueppersbusch.com\/dk-dk\/downloads\/\" \/>\n<meta property=\"og:site_name\" content=\"K\u00fcppersbusch Danmark\" \/>\n<meta property=\"article:modified_time\" content=\"2025-01-08T16:13:15+00:00\" \/>\n<meta name=\"twitter:card\" content=\"summary_large_image\" \/>\n<meta name=\"twitter:label1\" content=\"Estimeret l\u00e6setid\" \/>\n\t<meta name=\"twitter:data1\" content=\"2 minutter\" \/>\n<script type=\"application\/ld+json\" class=\"yoast-schema-graph\">{\"@context\":\"https:\\\/\\\/schema.org\",\"@graph\":[{\"@type\":\"WebPage\",\"@id\":\"https:\\\/\\\/www.home-kueppersbusch.com\\\/dk-dk\\\/downloads\\\/\",\"url\":\"https:\\\/\\\/www.home-kueppersbusch.com\\\/dk-dk\\\/downloads\\\/\",\"name\":\"Katalog 2023-2024 | K\u00fcppersbusch Danmark\",\"isPartOf\":{\"@id\":\"https:\\\/\\\/www.home-kueppersbusch.com\\\/dk-dk\\\/#website\"},\"primaryImageOfPage\":{\"@id\":\"https:\\\/\\\/www.home-kueppersbusch.com\\\/dk-dk\\\/downloads\\\/#primaryimage\"},\"image\":{\"@id\":\"https:\\\/\\\/www.home-kueppersbusch.com\\\/dk-dk\\\/downloads\\\/#primaryimage\"},\"thumbnailUrl\":\"https:\\\/\\\/www.home-kueppersbusch.com\\\/pt-pt\\\/wp-content\\\/uploads\\\/sites\\\/6\\\/2022\\\/07\\\/KPH-icono-descarga-12-1.png\",\"datePublished\":\"2020-09-29T10:23:26+00:00\",\"dateModified\":\"2025-01-08T16:13:15+00:00\",\"description\":\"K\u00fcppersbusch m\u00e6rket kombinerer den industrielle arv af solid oprindelse med tidl\u00f8st design og stilfuld individualitet.\",\"inLanguage\":\"da-DK\",\"potentialAction\":[{\"@type\":\"ReadAction\",\"target\":[\"https:\\\/\\\/www.home-kueppersbusch.com\\\/dk-dk\\\/downloads\\\/\"]}]},{\"@type\":\"ImageObject\",\"inLanguage\":\"da-DK\",\"@id\":\"https:\\\/\\\/www.home-kueppersbusch.com\\\/dk-dk\\\/downloads\\\/#primaryimage\",\"url\":\"https:\\\/\\\/www.home-kueppersbusch.com\\\/pt-pt\\\/wp-content\\\/uploads\\\/sites\\\/6\\\/2022\\\/07\\\/KPH-icono-descarga-12-1.png\",\"contentUrl\":\"https:\\\/\\\/www.home-kueppersbusch.com\\\/pt-pt\\\/wp-content\\\/uploads\\\/sites\\\/6\\\/2022\\\/07\\\/KPH-icono-descarga-12-1.png\"},{\"@type\":\"WebSite\",\"@id\":\"https:\\\/\\\/www.home-kueppersbusch.com\\\/dk-dk\\\/#website\",\"url\":\"https:\\\/\\\/www.home-kueppersbusch.com\\\/dk-dk\\\/\",\"name\":\"K\u00fcppersbusch Danmark\",\"description\":\"\",\"potentialAction\":[{\"@type\":\"SearchAction\",\"target\":{\"@type\":\"EntryPoint\",\"urlTemplate\":\"https:\\\/\\\/www.home-kueppersbusch.com\\\/dk-dk\\\/?s={search_term_string}\"},\"query-input\":{\"@type\":\"PropertyValueSpecification\",\"valueRequired\":true,\"valueName\":\"search_term_string\"}}],\"inLanguage\":\"da-DK\"}]}<\/script>\n<!-- \/ Yoast SEO plugin. -->","yoast_head_json":{"title":"Katalog 2023-2024 | K\u00fcppersbusch Danmark","description":"K\u00fcppersbusch m\u00e6rket kombinerer den industrielle arv af solid oprindelse med tidl\u00f8st design og stilfuld individualitet.","robots":{"index":"index","follow":"follow","max-snippet":"max-snippet:-1","max-image-preview":"max-image-preview:large","max-video-preview":"max-video-preview:-1"},"canonical":"https:\/\/www.home-kueppersbusch.com\/dk-dk\/downloads\/","og_locale":"da_DK","og_type":"article","og_title":"Katalog 2023-2024 | K\u00fcppersbusch Danmark","og_description":"K\u00fcppersbusch m\u00e6rket kombinerer den industrielle arv af solid oprindelse med tidl\u00f8st design og stilfuld individualitet.","og_url":"https:\/\/www.home-kueppersbusch.com\/dk-dk\/downloads\/","og_site_name":"K\u00fcppersbusch Danmark","article_modified_time":"2025-01-08T16:13:15+00:00","twitter_card":"summary_large_image","twitter_misc":{"Estimeret l\u00e6setid":"2 minutter"},"schema":{"@context":"https:\/\/schema.org","@graph":[{"@type":"WebPage","@id":"https:\/\/www.home-kueppersbusch.com\/dk-dk\/downloads\/","url":"https:\/\/www.home-kueppersbusch.com\/dk-dk\/downloads\/","name":"Katalog 2023-2024 | K\u00fcppersbusch Danmark","isPartOf":{"@id":"https:\/\/www.home-kueppersbusch.com\/dk-dk\/#website"},"primaryImageOfPage":{"@id":"https:\/\/www.home-kueppersbusch.com\/dk-dk\/downloads\/#primaryimage"},"image":{"@id":"https:\/\/www.home-kueppersbusch.com\/dk-dk\/downloads\/#primaryimage"},"thumbnailUrl":"https:\/\/www.home-kueppersbusch.com\/pt-pt\/wp-content\/uploads\/sites\/6\/2022\/07\/KPH-icono-descarga-12-1.png","datePublished":"2020-09-29T10:23:26+00:00","dateModified":"2025-01-08T16:13:15+00:00","description":"K\u00fcppersbusch m\u00e6rket kombinerer den industrielle arv af solid oprindelse med tidl\u00f8st design og stilfuld individualitet.","inLanguage":"da-DK","potentialAction":[{"@type":"ReadAction","target":["https:\/\/www.home-kueppersbusch.com\/dk-dk\/downloads\/"]}]},{"@type":"ImageObject","inLanguage":"da-DK","@id":"https:\/\/www.home-kueppersbusch.com\/dk-dk\/downloads\/#primaryimage","url":"https:\/\/www.home-kueppersbusch.com\/pt-pt\/wp-content\/uploads\/sites\/6\/2022\/07\/KPH-icono-descarga-12-1.png","contentUrl":"https:\/\/www.home-kueppersbusch.com\/pt-pt\/wp-content\/uploads\/sites\/6\/2022\/07\/KPH-icono-descarga-12-1.png"},{"@type":"WebSite","@id":"https:\/\/www.home-kueppersbusch.com\/dk-dk\/#website","url":"https:\/\/www.home-kueppersbusch.com\/dk-dk\/","name":"K\u00fcppersbusch Danmark","description":"","potentialAction":[{"@type":"SearchAction","target":{"@type":"EntryPoint","urlTemplate":"https:\/\/www.home-kueppersbusch.com\/dk-dk\/?s={search_term_string}"},"query-input":{"@type":"PropertyValueSpecification","valueRequired":true,"valueName":"search_term_string"}}],"inLanguage":"da-DK"}]}},"_links":{"self":[{"href":"https:\/\/www.home-kueppersbusch.com\/dk-dk\/wp-json\/wp\/v2\/pages\/69714","targetHints":{"allow":["GET"]}}],"collection":[{"href":"https:\/\/www.home-kueppersbusch.com\/dk-dk\/wp-json\/wp\/v2\/pages"}],"about":[{"href":"https:\/\/www.home-kueppersbusch.com\/dk-dk\/wp-json\/wp\/v2\/types\/page"}],"author":[{"embeddable":true,"href":"https:\/\/www.home-kueppersbusch.com\/dk-dk\/wp-json\/wp\/v2\/users\/68"}],"replies":[{"embeddable":true,"href":"https:\/\/www.home-kueppersbusch.com\/dk-dk\/wp-json\/wp\/v2\/comments?post=69714"}],"version-history":[{"count":88,"href":"https:\/\/www.home-kueppersbusch.com\/dk-dk\/wp-json\/wp\/v2\/pages\/69714\/revisions"}],"predecessor-version":[{"id":73729,"href":"https:\/\/www.home-kueppersbusch.com\/dk-dk\/wp-json\/wp\/v2\/pages\/69714\/revisions\/73729"}],"wp:attachment":[{"href":"https:\/\/www.home-kueppersbusch.com\/dk-dk\/wp-json\/wp\/v2\/media?parent=69714"}],"curies":[{"name":"wp","href":"https:\/\/api.w.org\/{rel}","templated":true}]}}