{"id":79717,"date":"2026-04-25T09:26:37","date_gmt":"2026-04-25T09:26:37","guid":{"rendered":"https:\/\/teka.com\/de-de\/kmi12850-0sr-s_122730008"},"modified":"2026-04-13T02:30:44","modified_gmt":"2026-04-13T03:30:44","slug":"kmi12850-0sr-s_122730008","status":"publish","type":"product","link":"https:\/\/www.home-kueppersbusch.com\/de-de\/product\/kmi12850-0sr-s_122730008\/","title":{"rendered":"KMI12850.0SR-S"},"content":{"rendered":"<ul>\n<li>Ultimative Flexibilit\u00e4t f\u00fcr gro\u00dfes Kochgeschirr mit Flex-Induktion<\/li>\n<li>Kochen wie die Profis hochwertigen schwarzen Drehknebeln<\/li>\n<li>Effiziente Absaugleistung dank Effizienzklasse A+<\/li>\n<li>Maximale Fettabscheidung durch 10-lagigen Metallfettfilter<\/li>\n<\/ul>\n","protected":false},"featured_media":0,"parent":0,"template":"","product_cat":[7843],"product_edition":[],"product_energy_efficiency":[9464],"class_list":["post-79717","product","type-product","status-publish","hentry","finishes-9974","finishes-9975","finishes-9976","finishes-9977","finishes-9978","finishes-9979","product_cat-induktionsmuldenluefter","color-black","product_lifestyle-k-series-8","product_energy_efficiency-a-2plus-icon"],"acf":[],"yoast_head":"<!-- This site is optimized with the Yoast SEO plugin v27.5 - https:\/\/yoast.com\/product\/yoast-seo-wordpress\/ -->\n<title>KMI12850.0SR-S | K\u00fcppersbusch Deutschland<\/title>\n<meta name=\"robots\" content=\"index, follow, max-snippet:-1, max-image-preview:large, max-video-preview:-1\" \/>\n<link rel=\"canonical\" href=\"https:\/\/www.home-kueppersbusch.com\/de-de\/product\/kmi12850-0sr-s_122730008\/\" \/>\n<meta property=\"og:locale\" content=\"de_DE\" \/>\n<meta property=\"og:type\" content=\"article\" \/>\n<meta property=\"og:title\" content=\"KMI12850.0SR-S | K\u00fcppersbusch Deutschland\" \/>\n<meta property=\"og:description\" content=\"Ultimative Flexibilit\u00e4t f\u00fcr gro\u00dfes Kochgeschirr mit Flex-Induktion Kochen wie die Profis hochwertigen schwarzen Drehknebeln Effiziente Absaugleistung dank Effizienzklasse A+ Maximale Fettabscheidung durch 10-lagigen Metallfettfilter\" \/>\n<meta property=\"og:url\" content=\"https:\/\/www.home-kueppersbusch.com\/de-de\/product\/kmi12850-0sr-s_122730008\/\" \/>\n<meta property=\"og:site_name\" content=\"K\u00fcppersbusch Deutschland\" \/>\n<meta name=\"twitter:card\" content=\"summary_large_image\" \/>\n<script type=\"application\/ld+json\" class=\"yoast-schema-graph\">{\"@context\":\"https:\\\/\\\/schema.org\",\"@graph\":[{\"@type\":\"WebPage\",\"@id\":\"https:\\\/\\\/www.home-kueppersbusch.com\\\/de-de\\\/product\\\/kmi12850-0sr-s_122730008\\\/\",\"url\":\"https:\\\/\\\/www.home-kueppersbusch.com\\\/de-de\\\/product\\\/kmi12850-0sr-s_122730008\\\/\",\"name\":\"KMI12850.0SR-S | K\u00fcppersbusch Deutschland\",\"isPartOf\":{\"@id\":\"https:\\\/\\\/www.home-kueppersbusch.com\\\/de-de\\\/#website\"},\"datePublished\":\"2026-04-25T09:26:37+00:00\",\"inLanguage\":\"de\",\"potentialAction\":[{\"@type\":\"ReadAction\",\"target\":[\"https:\\\/\\\/www.home-kueppersbusch.com\\\/de-de\\\/product\\\/kmi12850-0sr-s_122730008\\\/\"]}]},{\"@type\":\"WebSite\",\"@id\":\"https:\\\/\\\/www.home-kueppersbusch.com\\\/de-de\\\/#website\",\"url\":\"https:\\\/\\\/www.home-kueppersbusch.com\\\/de-de\\\/\",\"name\":\"K\u00fcppersbusch Deutschland\",\"description\":\"\",\"potentialAction\":[{\"@type\":\"SearchAction\",\"target\":{\"@type\":\"EntryPoint\",\"urlTemplate\":\"https:\\\/\\\/www.home-kueppersbusch.com\\\/de-de\\\/?s={search_term_string}\"},\"query-input\":{\"@type\":\"PropertyValueSpecification\",\"valueRequired\":true,\"valueName\":\"search_term_string\"}}],\"inLanguage\":\"de\"}]}<\/script>\n<!-- \/ Yoast SEO plugin. -->","yoast_head_json":{"title":"KMI12850.0SR-S | K\u00fcppersbusch Deutschland","robots":{"index":"index","follow":"follow","max-snippet":"max-snippet:-1","max-image-preview":"max-image-preview:large","max-video-preview":"max-video-preview:-1"},"canonical":"https:\/\/www.home-kueppersbusch.com\/de-de\/product\/kmi12850-0sr-s_122730008\/","og_locale":"de_DE","og_type":"article","og_title":"KMI12850.0SR-S | K\u00fcppersbusch Deutschland","og_description":"Ultimative Flexibilit\u00e4t f\u00fcr gro\u00dfes Kochgeschirr mit Flex-Induktion Kochen wie die Profis hochwertigen schwarzen Drehknebeln Effiziente Absaugleistung dank Effizienzklasse A+ Maximale Fettabscheidung durch 10-lagigen Metallfettfilter","og_url":"https:\/\/www.home-kueppersbusch.com\/de-de\/product\/kmi12850-0sr-s_122730008\/","og_site_name":"K\u00fcppersbusch Deutschland","twitter_card":"summary_large_image","schema":{"@context":"https:\/\/schema.org","@graph":[{"@type":"WebPage","@id":"https:\/\/www.home-kueppersbusch.com\/de-de\/product\/kmi12850-0sr-s_122730008\/","url":"https:\/\/www.home-kueppersbusch.com\/de-de\/product\/kmi12850-0sr-s_122730008\/","name":"KMI12850.0SR-S | K\u00fcppersbusch Deutschland","isPartOf":{"@id":"https:\/\/www.home-kueppersbusch.com\/de-de\/#website"},"datePublished":"2026-04-25T09:26:37+00:00","inLanguage":"de","potentialAction":[{"@type":"ReadAction","target":["https:\/\/www.home-kueppersbusch.com\/de-de\/product\/kmi12850-0sr-s_122730008\/"]}]},{"@type":"WebSite","@id":"https:\/\/www.home-kueppersbusch.com\/de-de\/#website","url":"https:\/\/www.home-kueppersbusch.com\/de-de\/","name":"K\u00fcppersbusch Deutschland","description":"","potentialAction":[{"@type":"SearchAction","target":{"@type":"EntryPoint","urlTemplate":"https:\/\/www.home-kueppersbusch.com\/de-de\/?s={search_term_string}"},"query-input":{"@type":"PropertyValueSpecification","valueRequired":true,"valueName":"search_term_string"}}],"inLanguage":"de"}]}},"_links":{"self":[{"href":"https:\/\/www.home-kueppersbusch.com\/de-de\/wp-json\/wp\/v2\/product\/79717","targetHints":{"allow":["GET"]}}],"collection":[{"href":"https:\/\/www.home-kueppersbusch.com\/de-de\/wp-json\/wp\/v2\/product"}],"about":[{"href":"https:\/\/www.home-kueppersbusch.com\/de-de\/wp-json\/wp\/v2\/types\/product"}],"wp:attachment":[{"href":"https:\/\/www.home-kueppersbusch.com\/de-de\/wp-json\/wp\/v2\/media?parent=79717"}],"wp:term":[{"taxonomy":"product_cat","embeddable":true,"href":"https:\/\/www.home-kueppersbusch.com\/de-de\/wp-json\/wp\/v2\/product_cat?post=79717"},{"taxonomy":"product_edition","embeddable":true,"href":"https:\/\/www.home-kueppersbusch.com\/de-de\/wp-json\/wp\/v2\/product_edition?post=79717"},{"taxonomy":"product_energy_efficiency","embeddable":true,"href":"https:\/\/www.home-kueppersbusch.com\/de-de\/wp-json\/wp\/v2\/product_energy_efficiency?post=79717"}],"curies":[{"name":"wp","href":"https:\/\/api.w.org\/{rel}","templated":true}]}}