{"id":77988,"date":"2026-04-25T09:26:20","date_gmt":"2026-04-25T09:26:20","guid":{"rendered":"https:\/\/teka.com\/en-int\/ki6800-1mr_122500042"},"modified":"2026-03-28T08:08:04","modified_gmt":"2026-03-28T09:08:04","slug":"ki6800-1mr_122500042","status":"publish","type":"product","link":"https:\/\/www.home-kueppersbusch.com\/de-de\/product\/ki6800-1mr_122500042\/","title":{"rendered":"KI6800.1MR"},"content":{"rendered":"<ul>\n<li>Hohe Kratzfestigkeit dank der Schott Ceran Miradur\u00ae Oberfl\u00e4che<\/li>\n<li>Ultimative Flexibilit\u00e4t f\u00fcr gro\u00dfes Kochgeschirr mit Flex-Induktion<\/li>\n<li>Komfortable Anwahl der einzelnen Kochzonen dank glideControl+<\/li>\n<li>Professionelle Kochergebnisse dank der 3 automatischen Kochfunktionen<\/li>\n<\/ul>\n","protected":false},"featured_media":0,"parent":0,"template":"","product_cat":[7844],"product_edition":[],"product_energy_efficiency":[],"class_list":["post-77988","product","type-product","status-publish","hentry","product_cat-induktionskochfelder","color-black","product_lifestyle-k-series-8"],"acf":[],"yoast_head":"<!-- This site is optimized with the Yoast SEO plugin v27.5 - https:\/\/yoast.com\/product\/yoast-seo-wordpress\/ -->\n<title>KI6800.1MR | K\u00fcppersbusch Deutschland<\/title>\n<meta name=\"robots\" content=\"index, follow, max-snippet:-1, max-image-preview:large, max-video-preview:-1\" \/>\n<link rel=\"canonical\" href=\"https:\/\/www.home-kueppersbusch.com\/de-de\/product\/ki6800-1mr_122500042\/\" \/>\n<meta property=\"og:locale\" content=\"de_DE\" \/>\n<meta property=\"og:type\" content=\"article\" \/>\n<meta property=\"og:title\" content=\"KI6800.1MR | K\u00fcppersbusch Deutschland\" \/>\n<meta property=\"og:description\" content=\"Hohe Kratzfestigkeit dank der Schott Ceran Miradur\u00ae Oberfl\u00e4che Ultimative Flexibilit\u00e4t f\u00fcr gro\u00dfes Kochgeschirr mit Flex-Induktion Komfortable Anwahl der einzelnen Kochzonen dank glideControl+ Professionelle Kochergebnisse dank der 3 automatischen Kochfunktionen\" \/>\n<meta property=\"og:url\" content=\"https:\/\/www.home-kueppersbusch.com\/de-de\/product\/ki6800-1mr_122500042\/\" \/>\n<meta property=\"og:site_name\" content=\"K\u00fcppersbusch Deutschland\" \/>\n<meta name=\"twitter:card\" content=\"summary_large_image\" \/>\n<script type=\"application\/ld+json\" class=\"yoast-schema-graph\">{\"@context\":\"https:\\\/\\\/schema.org\",\"@graph\":[{\"@type\":\"WebPage\",\"@id\":\"https:\\\/\\\/www.home-kueppersbusch.com\\\/de-de\\\/product\\\/ki6800-1mr_122500042\\\/\",\"url\":\"https:\\\/\\\/www.home-kueppersbusch.com\\\/de-de\\\/product\\\/ki6800-1mr_122500042\\\/\",\"name\":\"KI6800.1MR | K\u00fcppersbusch Deutschland\",\"isPartOf\":{\"@id\":\"https:\\\/\\\/www.home-kueppersbusch.com\\\/de-de\\\/#website\"},\"datePublished\":\"2026-04-25T09:26:20+00:00\",\"inLanguage\":\"de\",\"potentialAction\":[{\"@type\":\"ReadAction\",\"target\":[\"https:\\\/\\\/www.home-kueppersbusch.com\\\/de-de\\\/product\\\/ki6800-1mr_122500042\\\/\"]}]},{\"@type\":\"WebSite\",\"@id\":\"https:\\\/\\\/www.home-kueppersbusch.com\\\/de-de\\\/#website\",\"url\":\"https:\\\/\\\/www.home-kueppersbusch.com\\\/de-de\\\/\",\"name\":\"K\u00fcppersbusch Deutschland\",\"description\":\"\",\"potentialAction\":[{\"@type\":\"SearchAction\",\"target\":{\"@type\":\"EntryPoint\",\"urlTemplate\":\"https:\\\/\\\/www.home-kueppersbusch.com\\\/de-de\\\/?s={search_term_string}\"},\"query-input\":{\"@type\":\"PropertyValueSpecification\",\"valueRequired\":true,\"valueName\":\"search_term_string\"}}],\"inLanguage\":\"de\"}]}<\/script>\n<!-- \/ Yoast SEO plugin. -->","yoast_head_json":{"title":"KI6800.1MR | K\u00fcppersbusch Deutschland","robots":{"index":"index","follow":"follow","max-snippet":"max-snippet:-1","max-image-preview":"max-image-preview:large","max-video-preview":"max-video-preview:-1"},"canonical":"https:\/\/www.home-kueppersbusch.com\/de-de\/product\/ki6800-1mr_122500042\/","og_locale":"de_DE","og_type":"article","og_title":"KI6800.1MR | K\u00fcppersbusch Deutschland","og_description":"Hohe Kratzfestigkeit dank der Schott Ceran Miradur\u00ae Oberfl\u00e4che Ultimative Flexibilit\u00e4t f\u00fcr gro\u00dfes Kochgeschirr mit Flex-Induktion Komfortable Anwahl der einzelnen Kochzonen dank glideControl+ Professionelle Kochergebnisse dank der 3 automatischen Kochfunktionen","og_url":"https:\/\/www.home-kueppersbusch.com\/de-de\/product\/ki6800-1mr_122500042\/","og_site_name":"K\u00fcppersbusch Deutschland","twitter_card":"summary_large_image","schema":{"@context":"https:\/\/schema.org","@graph":[{"@type":"WebPage","@id":"https:\/\/www.home-kueppersbusch.com\/de-de\/product\/ki6800-1mr_122500042\/","url":"https:\/\/www.home-kueppersbusch.com\/de-de\/product\/ki6800-1mr_122500042\/","name":"KI6800.1MR | K\u00fcppersbusch Deutschland","isPartOf":{"@id":"https:\/\/www.home-kueppersbusch.com\/de-de\/#website"},"datePublished":"2026-04-25T09:26:20+00:00","inLanguage":"de","potentialAction":[{"@type":"ReadAction","target":["https:\/\/www.home-kueppersbusch.com\/de-de\/product\/ki6800-1mr_122500042\/"]}]},{"@type":"WebSite","@id":"https:\/\/www.home-kueppersbusch.com\/de-de\/#website","url":"https:\/\/www.home-kueppersbusch.com\/de-de\/","name":"K\u00fcppersbusch Deutschland","description":"","potentialAction":[{"@type":"SearchAction","target":{"@type":"EntryPoint","urlTemplate":"https:\/\/www.home-kueppersbusch.com\/de-de\/?s={search_term_string}"},"query-input":{"@type":"PropertyValueSpecification","valueRequired":true,"valueName":"search_term_string"}}],"inLanguage":"de"}]}},"_links":{"self":[{"href":"https:\/\/www.home-kueppersbusch.com\/de-de\/wp-json\/wp\/v2\/product\/77988","targetHints":{"allow":["GET"]}}],"collection":[{"href":"https:\/\/www.home-kueppersbusch.com\/de-de\/wp-json\/wp\/v2\/product"}],"about":[{"href":"https:\/\/www.home-kueppersbusch.com\/de-de\/wp-json\/wp\/v2\/types\/product"}],"wp:attachment":[{"href":"https:\/\/www.home-kueppersbusch.com\/de-de\/wp-json\/wp\/v2\/media?parent=77988"}],"wp:term":[{"taxonomy":"product_cat","embeddable":true,"href":"https:\/\/www.home-kueppersbusch.com\/de-de\/wp-json\/wp\/v2\/product_cat?post=77988"},{"taxonomy":"product_edition","embeddable":true,"href":"https:\/\/www.home-kueppersbusch.com\/de-de\/wp-json\/wp\/v2\/product_edition?post=77988"},{"taxonomy":"product_energy_efficiency","embeddable":true,"href":"https:\/\/www.home-kueppersbusch.com\/de-de\/wp-json\/wp\/v2\/product_energy_efficiency?post=77988"}],"curies":[{"name":"wp","href":"https:\/\/api.w.org\/{rel}","templated":true}]}}