{"id":77653,"date":"2026-04-25T09:26:00","date_gmt":"2026-04-25T09:26:00","guid":{"rendered":"https:\/\/teka.com\/en-int\/fkg9850-0e_123430016"},"modified":"2026-03-28T08:07:22","modified_gmt":"2026-03-28T09:07:22","slug":"fkg9850-0e_123430016","status":"publish","type":"product","link":"https:\/\/www.home-kueppersbusch.com\/de-de\/product\/fkg9850-0e_123430016\/","title":{"rendered":"FKG9850.0E"},"content":{"rendered":"<ul>\n<li>Gleichm\u00e4\u00dfige K\u00fchltemperatur im gesamten Innenraum dank MultiAirflow<\/li>\n<li>Schneller \u00dcberblick dank digitaler Statusanzeige<\/li>\n<li>Intuitive Einstellung \u00fcber Touchsensoren<\/li>\n<li>Variable Innenraumeinteilung durch VarioShelves + VarioBoxes<\/li>\n<li>Kein Vereisen des Gerfrierbereichs dank NoFrost<\/li>\n<li>FastFreezing durch Schnellgefrierfunktion<\/li>\n<\/ul>\n","protected":false},"featured_media":0,"parent":0,"template":"","product_cat":[7867],"product_edition":[],"product_energy_efficiency":[9456],"class_list":["post-77653","product","type-product","status-publish","hentry","product_cat-kuehl-und-gefrierschraenke","color-stainless-steel","product_installation-freistehend","product_lifestyle-k-series-8","product_energy_efficiency-e-ue-icon-new"],"acf":[],"yoast_head":"<!-- This site is optimized with the Yoast SEO plugin v27.5 - https:\/\/yoast.com\/product\/yoast-seo-wordpress\/ -->\n<title>FKG9850.0E | K\u00fcppersbusch Deutschland<\/title>\n<meta name=\"robots\" content=\"index, follow, max-snippet:-1, max-image-preview:large, max-video-preview:-1\" \/>\n<link rel=\"canonical\" href=\"https:\/\/www.home-kueppersbusch.com\/de-de\/product\/fkg9850-0e_123430016\/\" \/>\n<meta property=\"og:locale\" content=\"de_DE\" \/>\n<meta property=\"og:type\" content=\"article\" \/>\n<meta property=\"og:title\" content=\"FKG9850.0E | K\u00fcppersbusch Deutschland\" \/>\n<meta property=\"og:description\" content=\"Gleichm\u00e4\u00dfige K\u00fchltemperatur im gesamten Innenraum dank MultiAirflow Schneller \u00dcberblick dank digitaler Statusanzeige Intuitive Einstellung \u00fcber Touchsensoren Variable Innenraumeinteilung durch VarioShelves + VarioBoxes Kein Vereisen des Gerfrierbereichs dank NoFrost FastFreezing durch Schnellgefrierfunktion\" \/>\n<meta property=\"og:url\" content=\"https:\/\/www.home-kueppersbusch.com\/de-de\/product\/fkg9850-0e_123430016\/\" \/>\n<meta property=\"og:site_name\" content=\"K\u00fcppersbusch Deutschland\" \/>\n<meta name=\"twitter:card\" content=\"summary_large_image\" \/>\n<script type=\"application\/ld+json\" class=\"yoast-schema-graph\">{\"@context\":\"https:\\\/\\\/schema.org\",\"@graph\":[{\"@type\":\"WebPage\",\"@id\":\"https:\\\/\\\/www.home-kueppersbusch.com\\\/de-de\\\/product\\\/fkg9850-0e_123430016\\\/\",\"url\":\"https:\\\/\\\/www.home-kueppersbusch.com\\\/de-de\\\/product\\\/fkg9850-0e_123430016\\\/\",\"name\":\"FKG9850.0E | K\u00fcppersbusch Deutschland\",\"isPartOf\":{\"@id\":\"https:\\\/\\\/www.home-kueppersbusch.com\\\/de-de\\\/#website\"},\"datePublished\":\"2026-04-25T09:26:00+00:00\",\"inLanguage\":\"de\",\"potentialAction\":[{\"@type\":\"ReadAction\",\"target\":[\"https:\\\/\\\/www.home-kueppersbusch.com\\\/de-de\\\/product\\\/fkg9850-0e_123430016\\\/\"]}]},{\"@type\":\"WebSite\",\"@id\":\"https:\\\/\\\/www.home-kueppersbusch.com\\\/de-de\\\/#website\",\"url\":\"https:\\\/\\\/www.home-kueppersbusch.com\\\/de-de\\\/\",\"name\":\"K\u00fcppersbusch Deutschland\",\"description\":\"\",\"potentialAction\":[{\"@type\":\"SearchAction\",\"target\":{\"@type\":\"EntryPoint\",\"urlTemplate\":\"https:\\\/\\\/www.home-kueppersbusch.com\\\/de-de\\\/?s={search_term_string}\"},\"query-input\":{\"@type\":\"PropertyValueSpecification\",\"valueRequired\":true,\"valueName\":\"search_term_string\"}}],\"inLanguage\":\"de\"}]}<\/script>\n<!-- \/ Yoast SEO plugin. -->","yoast_head_json":{"title":"FKG9850.0E | K\u00fcppersbusch Deutschland","robots":{"index":"index","follow":"follow","max-snippet":"max-snippet:-1","max-image-preview":"max-image-preview:large","max-video-preview":"max-video-preview:-1"},"canonical":"https:\/\/www.home-kueppersbusch.com\/de-de\/product\/fkg9850-0e_123430016\/","og_locale":"de_DE","og_type":"article","og_title":"FKG9850.0E | K\u00fcppersbusch Deutschland","og_description":"Gleichm\u00e4\u00dfige K\u00fchltemperatur im gesamten Innenraum dank MultiAirflow Schneller \u00dcberblick dank digitaler Statusanzeige Intuitive Einstellung \u00fcber Touchsensoren Variable Innenraumeinteilung durch VarioShelves + VarioBoxes Kein Vereisen des Gerfrierbereichs dank NoFrost FastFreezing durch Schnellgefrierfunktion","og_url":"https:\/\/www.home-kueppersbusch.com\/de-de\/product\/fkg9850-0e_123430016\/","og_site_name":"K\u00fcppersbusch Deutschland","twitter_card":"summary_large_image","schema":{"@context":"https:\/\/schema.org","@graph":[{"@type":"WebPage","@id":"https:\/\/www.home-kueppersbusch.com\/de-de\/product\/fkg9850-0e_123430016\/","url":"https:\/\/www.home-kueppersbusch.com\/de-de\/product\/fkg9850-0e_123430016\/","name":"FKG9850.0E | K\u00fcppersbusch Deutschland","isPartOf":{"@id":"https:\/\/www.home-kueppersbusch.com\/de-de\/#website"},"datePublished":"2026-04-25T09:26:00+00:00","inLanguage":"de","potentialAction":[{"@type":"ReadAction","target":["https:\/\/www.home-kueppersbusch.com\/de-de\/product\/fkg9850-0e_123430016\/"]}]},{"@type":"WebSite","@id":"https:\/\/www.home-kueppersbusch.com\/de-de\/#website","url":"https:\/\/www.home-kueppersbusch.com\/de-de\/","name":"K\u00fcppersbusch Deutschland","description":"","potentialAction":[{"@type":"SearchAction","target":{"@type":"EntryPoint","urlTemplate":"https:\/\/www.home-kueppersbusch.com\/de-de\/?s={search_term_string}"},"query-input":{"@type":"PropertyValueSpecification","valueRequired":true,"valueName":"search_term_string"}}],"inLanguage":"de"}]}},"_links":{"self":[{"href":"https:\/\/www.home-kueppersbusch.com\/de-de\/wp-json\/wp\/v2\/product\/77653","targetHints":{"allow":["GET"]}}],"collection":[{"href":"https:\/\/www.home-kueppersbusch.com\/de-de\/wp-json\/wp\/v2\/product"}],"about":[{"href":"https:\/\/www.home-kueppersbusch.com\/de-de\/wp-json\/wp\/v2\/types\/product"}],"wp:attachment":[{"href":"https:\/\/www.home-kueppersbusch.com\/de-de\/wp-json\/wp\/v2\/media?parent=77653"}],"wp:term":[{"taxonomy":"product_cat","embeddable":true,"href":"https:\/\/www.home-kueppersbusch.com\/de-de\/wp-json\/wp\/v2\/product_cat?post=77653"},{"taxonomy":"product_edition","embeddable":true,"href":"https:\/\/www.home-kueppersbusch.com\/de-de\/wp-json\/wp\/v2\/product_edition?post=77653"},{"taxonomy":"product_energy_efficiency","embeddable":true,"href":"https:\/\/www.home-kueppersbusch.com\/de-de\/wp-json\/wp\/v2\/product_energy_efficiency?post=77653"}],"curies":[{"name":"wp","href":"https:\/\/api.w.org\/{rel}","templated":true}]}}