{"id":75962,"date":"2026-04-03T17:42:14","date_gmt":"2026-04-03T17:42:14","guid":{"rendered":"https:\/\/www.home-kueppersbusch.com\/de-de\/product\/bp6350-0s_121020000\/"},"modified":"2026-03-28T08:05:02","modified_gmt":"2026-03-28T09:05:02","slug":"bp6350-0s_121020000","status":"publish","type":"product","link":"https:\/\/www.home-kueppersbusch.com\/de-de\/product\/bp6350-0s_121020000\/","title":{"rendered":"BP6350.0S"},"content":{"rendered":"<ul>\n<li>Keine unangenehmen Ger\u00fcche dank des einzigartigen \u00f6kotherm\u00ae-Katalysators<\/li>\n<li>Personalisierte Designauswahl dank Individual Concept Design<\/li>\n<li>Schnelle Kontrolle dank TFT-Display<\/li>\n<li>Einfache Bedienung \u00fcber hochwertige Aluminium-Drehknebel<\/li>\n<li>Immer sauberer Garraum durch pyrolytische Reinigung<\/li>\n<\/ul>\n","protected":false},"featured_media":0,"parent":0,"template":"","product_cat":[9578],"product_edition":[],"product_energy_efficiency":[9463],"class_list":["post-75962","product","type-product","status-publish","hentry","finishes-9956","finishes-9957","finishes-9958","finishes-9959","finishes-9960","finishes-9961","finishes-9962","finishes-9963","product_cat-multifunktionsoefen","product_cleaning_system-pyrolyse","color-black","product_lifestyle-k-series-3","usp-kph-individual-01","usp-kph-ovens-01","usp-kph-ovens-03","usp-kph-ovens-04","usp-kph-ovens-05","usp-kph-ovens-06","usp-kph-ovens-07","usp-kph-ovens-09","usp-kph-ovens-10","product_energy_efficiency-a-plus-icon"],"acf":[],"yoast_head":"<!-- This site is optimized with the Yoast SEO plugin v27.2 - https:\/\/yoast.com\/product\/yoast-seo-wordpress\/ -->\n<title>BP6350.0S | K\u00fcppersbusch Deutschland<\/title>\n<meta name=\"robots\" content=\"index, follow, max-snippet:-1, max-image-preview:large, max-video-preview:-1\" \/>\n<link rel=\"canonical\" href=\"https:\/\/www.home-kueppersbusch.com\/de-de\/product\/bp6350-0s_121020000\/\" \/>\n<meta property=\"og:locale\" content=\"de_DE\" \/>\n<meta property=\"og:type\" content=\"article\" \/>\n<meta property=\"og:title\" content=\"BP6350.0S | K\u00fcppersbusch Deutschland\" \/>\n<meta property=\"og:description\" content=\"Keine unangenehmen Ger\u00fcche dank des einzigartigen \u00f6kotherm\u00ae-Katalysators Personalisierte Designauswahl dank Individual Concept Design Schnelle Kontrolle dank TFT-Display Einfache Bedienung \u00fcber hochwertige Aluminium-Drehknebel Immer sauberer Garraum durch pyrolytische Reinigung\" \/>\n<meta property=\"og:url\" content=\"https:\/\/www.home-kueppersbusch.com\/de-de\/product\/bp6350-0s_121020000\/\" \/>\n<meta property=\"og:site_name\" content=\"K\u00fcppersbusch Deutschland\" \/>\n<meta name=\"twitter:card\" content=\"summary_large_image\" \/>\n<script type=\"application\/ld+json\" class=\"yoast-schema-graph\">{\"@context\":\"https:\/\/schema.org\",\"@graph\":[{\"@type\":\"WebPage\",\"@id\":\"https:\/\/www.home-kueppersbusch.com\/de-de\/product\/bp6350-0s_121020000\/\",\"url\":\"https:\/\/www.home-kueppersbusch.com\/de-de\/product\/bp6350-0s_121020000\/\",\"name\":\"BP6350.0S | K\u00fcppersbusch Deutschland\",\"isPartOf\":{\"@id\":\"https:\/\/www.home-kueppersbusch.com\/de-de\/#website\"},\"datePublished\":\"2026-04-03T17:42:14+00:00\",\"inLanguage\":\"de\",\"potentialAction\":[{\"@type\":\"ReadAction\",\"target\":[\"https:\/\/www.home-kueppersbusch.com\/de-de\/product\/bp6350-0s_121020000\/\"]}]},{\"@type\":\"WebSite\",\"@id\":\"https:\/\/www.home-kueppersbusch.com\/de-de\/#website\",\"url\":\"https:\/\/www.home-kueppersbusch.com\/de-de\/\",\"name\":\"K\u00fcppersbusch Deutschland\",\"description\":\"\",\"potentialAction\":[{\"@type\":\"SearchAction\",\"target\":{\"@type\":\"EntryPoint\",\"urlTemplate\":\"https:\/\/www.home-kueppersbusch.com\/de-de\/?s={search_term_string}\"},\"query-input\":{\"@type\":\"PropertyValueSpecification\",\"valueRequired\":true,\"valueName\":\"search_term_string\"}}],\"inLanguage\":\"de\"}]}<\/script>\n<!-- \/ Yoast SEO plugin. -->","yoast_head_json":{"title":"BP6350.0S | K\u00fcppersbusch Deutschland","robots":{"index":"index","follow":"follow","max-snippet":"max-snippet:-1","max-image-preview":"max-image-preview:large","max-video-preview":"max-video-preview:-1"},"canonical":"https:\/\/www.home-kueppersbusch.com\/de-de\/product\/bp6350-0s_121020000\/","og_locale":"de_DE","og_type":"article","og_title":"BP6350.0S | K\u00fcppersbusch Deutschland","og_description":"Keine unangenehmen Ger\u00fcche dank des einzigartigen \u00f6kotherm\u00ae-Katalysators Personalisierte Designauswahl dank Individual Concept Design Schnelle Kontrolle dank TFT-Display Einfache Bedienung \u00fcber hochwertige Aluminium-Drehknebel Immer sauberer Garraum durch pyrolytische Reinigung","og_url":"https:\/\/www.home-kueppersbusch.com\/de-de\/product\/bp6350-0s_121020000\/","og_site_name":"K\u00fcppersbusch Deutschland","twitter_card":"summary_large_image","schema":{"@context":"https:\/\/schema.org","@graph":[{"@type":"WebPage","@id":"https:\/\/www.home-kueppersbusch.com\/de-de\/product\/bp6350-0s_121020000\/","url":"https:\/\/www.home-kueppersbusch.com\/de-de\/product\/bp6350-0s_121020000\/","name":"BP6350.0S | K\u00fcppersbusch Deutschland","isPartOf":{"@id":"https:\/\/www.home-kueppersbusch.com\/de-de\/#website"},"datePublished":"2026-04-03T17:42:14+00:00","inLanguage":"de","potentialAction":[{"@type":"ReadAction","target":["https:\/\/www.home-kueppersbusch.com\/de-de\/product\/bp6350-0s_121020000\/"]}]},{"@type":"WebSite","@id":"https:\/\/www.home-kueppersbusch.com\/de-de\/#website","url":"https:\/\/www.home-kueppersbusch.com\/de-de\/","name":"K\u00fcppersbusch Deutschland","description":"","potentialAction":[{"@type":"SearchAction","target":{"@type":"EntryPoint","urlTemplate":"https:\/\/www.home-kueppersbusch.com\/de-de\/?s={search_term_string}"},"query-input":{"@type":"PropertyValueSpecification","valueRequired":true,"valueName":"search_term_string"}}],"inLanguage":"de"}]}},"_links":{"self":[{"href":"https:\/\/www.home-kueppersbusch.com\/de-de\/wp-json\/wp\/v2\/product\/75962","targetHints":{"allow":["GET"]}}],"collection":[{"href":"https:\/\/www.home-kueppersbusch.com\/de-de\/wp-json\/wp\/v2\/product"}],"about":[{"href":"https:\/\/www.home-kueppersbusch.com\/de-de\/wp-json\/wp\/v2\/types\/product"}],"wp:attachment":[{"href":"https:\/\/www.home-kueppersbusch.com\/de-de\/wp-json\/wp\/v2\/media?parent=75962"}],"wp:term":[{"taxonomy":"product_cat","embeddable":true,"href":"https:\/\/www.home-kueppersbusch.com\/de-de\/wp-json\/wp\/v2\/product_cat?post=75962"},{"taxonomy":"product_edition","embeddable":true,"href":"https:\/\/www.home-kueppersbusch.com\/de-de\/wp-json\/wp\/v2\/product_edition?post=75962"},{"taxonomy":"product_energy_efficiency","embeddable":true,"href":"https:\/\/www.home-kueppersbusch.com\/de-de\/wp-json\/wp\/v2\/product_energy_efficiency?post=75962"}],"curies":[{"name":"wp","href":"https:\/\/api.w.org\/{rel}","templated":true}]}}