{"id":75732,"date":"2026-04-03T17:40:58","date_gmt":"2026-04-03T17:40:58","guid":{"rendered":"https:\/\/www.home-kueppersbusch.com\/de-de\/product\/di3800-0w_122900001\/"},"modified":"2026-03-28T08:01:50","modified_gmt":"2026-03-28T09:01:50","slug":"di3800-0w_122900001","status":"publish","type":"product","link":"https:\/\/www.home-kueppersbusch.com\/de-de\/product\/di3800-0w_122900001\/","title":{"rendered":"DI3800.0W"},"content":{"rendered":"<ul>\n<li>Personalisierte Designauswahl dank Individual Concept Design<\/li>\n<li>H\u00f6henverstellung \u00fcber Drahtseile<\/li>\n<li>Einfache Bedienung von jeder Position aus durch Fernbedienung mit LED Anzeige<\/li>\n<li>Filterstatuskontrolle mit Filters\u00e4ttigungsanzeige<\/li>\n<\/ul>\n","protected":false},"featured_media":0,"parent":0,"template":"","product_cat":[7860],"product_edition":[],"product_energy_efficiency":[9459],"class_list":["post-75732","product","type-product","status-publish","hentry","finishes-9985","finishes-9986","finishes-9987","finishes-9988","finishes-9989","finishes-9990","finishes-9991","finishes-9992","product_ambient-kitchen-ss-04","product_cat-inselhauben","color-white","product_lifestyle-k-series-8","usp-kph-individual-01","product_energy_efficiency-a-icon"],"acf":[],"yoast_head":"<!-- This site is optimized with the Yoast SEO plugin v27.2 - https:\/\/yoast.com\/product\/yoast-seo-wordpress\/ -->\n<title>DI3800.0W | K\u00fcppersbusch Deutschland<\/title>\n<meta name=\"robots\" content=\"index, follow, max-snippet:-1, max-image-preview:large, max-video-preview:-1\" \/>\n<link rel=\"canonical\" href=\"https:\/\/www.home-kueppersbusch.com\/de-de\/product\/di3800-0w_122900001\/\" \/>\n<meta property=\"og:locale\" content=\"de_DE\" \/>\n<meta property=\"og:type\" content=\"article\" \/>\n<meta property=\"og:title\" content=\"DI3800.0W | K\u00fcppersbusch Deutschland\" \/>\n<meta property=\"og:description\" content=\"Personalisierte Designauswahl dank Individual Concept Design H\u00f6henverstellung \u00fcber Drahtseile Einfache Bedienung von jeder Position aus durch Fernbedienung mit LED Anzeige Filterstatuskontrolle mit Filters\u00e4ttigungsanzeige\" \/>\n<meta property=\"og:url\" content=\"https:\/\/www.home-kueppersbusch.com\/de-de\/product\/di3800-0w_122900001\/\" \/>\n<meta property=\"og:site_name\" content=\"K\u00fcppersbusch Deutschland\" \/>\n<meta name=\"twitter:card\" content=\"summary_large_image\" \/>\n<script type=\"application\/ld+json\" class=\"yoast-schema-graph\">{\"@context\":\"https:\/\/schema.org\",\"@graph\":[{\"@type\":\"WebPage\",\"@id\":\"https:\/\/www.home-kueppersbusch.com\/de-de\/product\/di3800-0w_122900001\/\",\"url\":\"https:\/\/www.home-kueppersbusch.com\/de-de\/product\/di3800-0w_122900001\/\",\"name\":\"DI3800.0W | K\u00fcppersbusch Deutschland\",\"isPartOf\":{\"@id\":\"https:\/\/www.home-kueppersbusch.com\/de-de\/#website\"},\"datePublished\":\"2026-04-03T17:40:58+00:00\",\"inLanguage\":\"de\",\"potentialAction\":[{\"@type\":\"ReadAction\",\"target\":[\"https:\/\/www.home-kueppersbusch.com\/de-de\/product\/di3800-0w_122900001\/\"]}]},{\"@type\":\"WebSite\",\"@id\":\"https:\/\/www.home-kueppersbusch.com\/de-de\/#website\",\"url\":\"https:\/\/www.home-kueppersbusch.com\/de-de\/\",\"name\":\"K\u00fcppersbusch Deutschland\",\"description\":\"\",\"potentialAction\":[{\"@type\":\"SearchAction\",\"target\":{\"@type\":\"EntryPoint\",\"urlTemplate\":\"https:\/\/www.home-kueppersbusch.com\/de-de\/?s={search_term_string}\"},\"query-input\":{\"@type\":\"PropertyValueSpecification\",\"valueRequired\":true,\"valueName\":\"search_term_string\"}}],\"inLanguage\":\"de\"}]}<\/script>\n<!-- \/ Yoast SEO plugin. -->","yoast_head_json":{"title":"DI3800.0W | K\u00fcppersbusch Deutschland","robots":{"index":"index","follow":"follow","max-snippet":"max-snippet:-1","max-image-preview":"max-image-preview:large","max-video-preview":"max-video-preview:-1"},"canonical":"https:\/\/www.home-kueppersbusch.com\/de-de\/product\/di3800-0w_122900001\/","og_locale":"de_DE","og_type":"article","og_title":"DI3800.0W | K\u00fcppersbusch Deutschland","og_description":"Personalisierte Designauswahl dank Individual Concept Design H\u00f6henverstellung \u00fcber Drahtseile Einfache Bedienung von jeder Position aus durch Fernbedienung mit LED Anzeige Filterstatuskontrolle mit Filters\u00e4ttigungsanzeige","og_url":"https:\/\/www.home-kueppersbusch.com\/de-de\/product\/di3800-0w_122900001\/","og_site_name":"K\u00fcppersbusch Deutschland","twitter_card":"summary_large_image","schema":{"@context":"https:\/\/schema.org","@graph":[{"@type":"WebPage","@id":"https:\/\/www.home-kueppersbusch.com\/de-de\/product\/di3800-0w_122900001\/","url":"https:\/\/www.home-kueppersbusch.com\/de-de\/product\/di3800-0w_122900001\/","name":"DI3800.0W | K\u00fcppersbusch Deutschland","isPartOf":{"@id":"https:\/\/www.home-kueppersbusch.com\/de-de\/#website"},"datePublished":"2026-04-03T17:40:58+00:00","inLanguage":"de","potentialAction":[{"@type":"ReadAction","target":["https:\/\/www.home-kueppersbusch.com\/de-de\/product\/di3800-0w_122900001\/"]}]},{"@type":"WebSite","@id":"https:\/\/www.home-kueppersbusch.com\/de-de\/#website","url":"https:\/\/www.home-kueppersbusch.com\/de-de\/","name":"K\u00fcppersbusch Deutschland","description":"","potentialAction":[{"@type":"SearchAction","target":{"@type":"EntryPoint","urlTemplate":"https:\/\/www.home-kueppersbusch.com\/de-de\/?s={search_term_string}"},"query-input":{"@type":"PropertyValueSpecification","valueRequired":true,"valueName":"search_term_string"}}],"inLanguage":"de"}]}},"_links":{"self":[{"href":"https:\/\/www.home-kueppersbusch.com\/de-de\/wp-json\/wp\/v2\/product\/75732","targetHints":{"allow":["GET"]}}],"collection":[{"href":"https:\/\/www.home-kueppersbusch.com\/de-de\/wp-json\/wp\/v2\/product"}],"about":[{"href":"https:\/\/www.home-kueppersbusch.com\/de-de\/wp-json\/wp\/v2\/types\/product"}],"wp:attachment":[{"href":"https:\/\/www.home-kueppersbusch.com\/de-de\/wp-json\/wp\/v2\/media?parent=75732"}],"wp:term":[{"taxonomy":"product_cat","embeddable":true,"href":"https:\/\/www.home-kueppersbusch.com\/de-de\/wp-json\/wp\/v2\/product_cat?post=75732"},{"taxonomy":"product_edition","embeddable":true,"href":"https:\/\/www.home-kueppersbusch.com\/de-de\/wp-json\/wp\/v2\/product_edition?post=75732"},{"taxonomy":"product_energy_efficiency","embeddable":true,"href":"https:\/\/www.home-kueppersbusch.com\/de-de\/wp-json\/wp\/v2\/product_energy_efficiency?post=75732"}],"curies":[{"name":"wp","href":"https:\/\/api.w.org\/{rel}","templated":true}]}}