{"id":5175,"date":"2018-07-31T09:22:28","date_gmt":"2018-07-31T09:22:28","guid":{"rendered":"http:\/\/teka.com\/?page_id=5175"},"modified":"2021-02-04T11:06:32","modified_gmt":"2021-02-04T11:06:32","slug":"impressum-old","status":"publish","type":"page","link":"https:\/\/www.home-kueppersbusch.com\/de-de\/impressum-old\/","title":{"rendered":"Impressum-old"},"content":{"rendered":"<p>[et_pb_section fb_built=&#8220;1&#8243; _builder_version=&#8220;3.22&#8243;][et_pb_row _builder_version=&#8220;3.25&#8243; background_size=&#8220;initial&#8220; background_position=&#8220;top_left&#8220; background_repeat=&#8220;repeat&#8220;][et_pb_column type=&#8220;4_4&#8243; _builder_version=&#8220;3.0.47&#8243; custom_padding=&#8220;|||&#8220; custom_padding__hover=&#8220;|||&#8220;][et_pb_text _builder_version=&#8220;4.4.6&#8243; vertical_offset_tablet=&#8220;0&#8243; horizontal_offset_tablet=&#8220;0&#8243; z_index_tablet=&#8220;0&#8243; text_text_shadow_horizontal_length_tablet=&#8220;0px&#8220; text_text_shadow_vertical_length_tablet=&#8220;0px&#8220; text_text_shadow_blur_strength_tablet=&#8220;1px&#8220; link_text_shadow_horizontal_length_tablet=&#8220;0px&#8220; link_text_shadow_vertical_length_tablet=&#8220;0px&#8220; link_text_shadow_blur_strength_tablet=&#8220;1px&#8220; ul_text_shadow_horizontal_length_tablet=&#8220;0px&#8220; ul_text_shadow_vertical_length_tablet=&#8220;0px&#8220; ul_text_shadow_blur_strength_tablet=&#8220;1px&#8220; ol_text_shadow_horizontal_length_tablet=&#8220;0px&#8220; ol_text_shadow_vertical_length_tablet=&#8220;0px&#8220; ol_text_shadow_blur_strength_tablet=&#8220;1px&#8220; quote_text_shadow_horizontal_length_tablet=&#8220;0px&#8220; quote_text_shadow_vertical_length_tablet=&#8220;0px&#8220; quote_text_shadow_blur_strength_tablet=&#8220;1px&#8220; header_text_shadow_horizontal_length_tablet=&#8220;0px&#8220; header_text_shadow_vertical_length_tablet=&#8220;0px&#8220; header_text_shadow_blur_strength_tablet=&#8220;1px&#8220; header_2_text_shadow_horizontal_length_tablet=&#8220;0px&#8220; header_2_text_shadow_vertical_length_tablet=&#8220;0px&#8220; header_2_text_shadow_blur_strength_tablet=&#8220;1px&#8220; header_3_text_shadow_horizontal_length_tablet=&#8220;0px&#8220; header_3_text_shadow_vertical_length_tablet=&#8220;0px&#8220; header_3_text_shadow_blur_strength_tablet=&#8220;1px&#8220; header_4_text_shadow_horizontal_length_tablet=&#8220;0px&#8220; header_4_text_shadow_vertical_length_tablet=&#8220;0px&#8220; header_4_text_shadow_blur_strength_tablet=&#8220;1px&#8220; header_5_text_shadow_horizontal_length_tablet=&#8220;0px&#8220; header_5_text_shadow_vertical_length_tablet=&#8220;0px&#8220; header_5_text_shadow_blur_strength_tablet=&#8220;1px&#8220; header_6_text_shadow_horizontal_length_tablet=&#8220;0px&#8220; header_6_text_shadow_vertical_length_tablet=&#8220;0px&#8220; header_6_text_shadow_blur_strength_tablet=&#8220;1px&#8220; box_shadow_horizontal_tablet=&#8220;0px&#8220; box_shadow_vertical_tablet=&#8220;0px&#8220; box_shadow_blur_tablet=&#8220;40px&#8220; box_shadow_spread_tablet=&#8220;0px&#8220;]<\/p>\n<h1><strong>Rechtlicher Hinweis.<\/strong>\u00a0Allgemeine Nutzungsbedingungen<\/h1>\n<h3><strong><em>1.<\/em>\u00a0Identifizierungsdaten<\/strong><\/h3>\n<p>In \u00dcbereinstimmung mit der Informationspflicht gem\u00e4ss Artikel 10 des Gesetzes 34\/2002 vom 11. Juli \u00fcber die Dienste der Informationsgesellschaft und den elektronischen Gesch\u00e4ftsverkehr werden die Benutzer dar\u00fcber informiert, dass der Inhaber der Webseite das Handelsunternehmen TEKA INDUSTRIAL, S.A. mit der Steuernummer (CIF) A-39004932 und mit dem Gesch\u00e4ftssitz zu diesem Zweck in der Calle Cajo 17 in Santander (39011 Santander, Spanien) ist. Die Gesellschaft ist im Handelsregister Kantabrien, Band 453, Folio 163, Blatt Nummer 2152, 1. Eintrag eingetragen. Die Benutzer dieser Webseite k\u00f6nnen mit TEKA INDUSTRIAL, S.A. durch eine schriftliche Mitteilung an die oben genannte Adresse und\/oder \u00fcber die Telefonnummer 942 355 050, die Faxnummer 942 344 588 und\/oder die E-Mail-Adresse mail@teka.com direkt und wirksam kommunizieren.<\/p>\n<h3><strong><em>2.<\/em>\u00a0Gegenstand<\/strong><\/h3>\n<p>Die in diesem Dokument enthaltenen Allgemeinen Bedingungen regeln die Nutzung (einschliesslich des blossen Zugangs) der Webseite, einschliesslich der Inhalte und Ressourcen, die dem Benutzer \u00fcber die Webseite zur Verf\u00fcgung gestellt werden. Jede Person, die diese Webseite nutzt, hat den Status eines Benutzers und erkl\u00e4rt sich damit einverstanden, an die Allgemeinen Bedingungen gebunden zu sein, die f\u00fcr jeden Zugriff auf diese Webseite gelten. Daher sollte der Benutzer die Allgemeinen Bedingungen jedes Mal sorgf\u00e4ltig lesen, wenn er diese Webseite nutzen m\u00f6chte.\u00a0<strong>Sollte der Benutzer mit einer der hier dargelegten Bedingungen nicht einverstanden sein, so sollte er von der Nutzung dieser Webseite absehen.<\/strong><\/p>\n<p>Ungeachtet der vorstehenden Ausf\u00fchrungen wird die Nutzung bestimmter Dienste und Inhalte, die den Benutzern \u00fcber diese Webseite angeboten werden, auf bestimmte oder besondere Weise durch besondere Bedingungen geregelt. In diesem Fall haben die besonderen Bedingungen Vorrang vor diesen Allgemeinen Bedingungen, soweit die Allgemeinen Bedingungen ausdr\u00fccklich erg\u00e4nzt oder ge\u00e4ndert werden. Der Benutzer muss diese lesen und akzeptieren, wenn er versucht, auf diese Dienste und Inhalte zuzugreifen. Diese Webseite dient weder als Beratung noch als Mittel, um einen Online-Vertrag mit\u00a0<strong>TEKA INDUSTRIAL, S.A. abzuschliessen.<\/strong><\/p>\n<h3><strong><em>3.<\/em>\u00a0Nutzung der Webseite<\/strong><\/h3>\n<p>Der Benutzer ist sich bewusst und akzeptiert freiwillig und ausdr\u00fccklich, dass er diese Webseite in jedem Fall in seiner alleinigen und ausschliesslichen Verantwortung nutzt.<\/p>\n<p>Mit der Nutzung der Webseite verpflichtet sich der Benutzer diese Webseite und ihre Dienste und\/oder Dienstprogramme in \u00dcbereinstimmung mit den Gesetzen, diesen\u00a0<strong>Allgemeinen Bedingungen<\/strong>\u00a0und gegebenenfalls, den entsprechenden besonderen Bedingungen sowie allen anderen spezifischen Anweisungen ordnungsgem\u00e4ss zu nutzen, welche dem Benutzer beim Surfen auf dem Bildschirm angezeigt werden. Der Benutzer stimmt der ausschliesslichen Nutzung der Webseite und s\u00e4mtlicher ihrer Elemente und\/oder Inhalte in gutem Glauben und f\u00fcr rechtm\u00e4ssige und nicht verbotene Zwecke zu, mit denen nicht gegen geltendes Recht verstossen. Der Benutzer verpflichtet sich, diese Webseite nicht in einer Weise zu nutzen, wodurch legitime Anspr\u00fcche von Dritten verletzt werden oder durch welche die normale Nutzung der Webseite, die Computersysteme oder die Dokumente, Dateien und alle anderen Arten von Inhalten, die auf EDV-Ger\u00e4ten von\u00a0<strong>TEKA INDUSTRIAL, S.A.<\/strong>\u00a0oder anderer Benutzer der Webseite oder eines Internetnutzers gespeichert sind, in irgendeiner Weise beeintr\u00e4chtigt, \u00fcberlastet, verschlechtert oder behindert werden k\u00f6nnten.<\/p>\n<p>Der Benutzer und im Allgemeinen jede nat\u00fcrliche oder juristische Person, die einen Hyperlink oder eine technische Verlinkung von seiner oder ihrer Webseite zu dieser Webseite herstellen will, sollte wissen, dass dies den folgenden Bedingungen unterliegt:<\/p>\n<p>Die vollst\u00e4ndige oder teilweise Vervielf\u00e4ltigung der Ressourcen oder Inhalte der TEKA INDUSTRIAL, S.A. Webseite ist verboten.<\/p>\n<p>Deep-Links auf die Seiten der Webseite und ihre Ressourcen sowie die Erstellung einer Browser- oder Frame-Umgebung darauf sind untersagt.<\/p>\n<p>Es wird nicht erkl\u00e4rt oder implizit angenommen, dass TEKA INDUSTRIAL, S.A. die auf einer Webseite angebotenen oder angek\u00fcndigten Inhalte oder Dienstleistungen in irgendeiner Weise \u00fcberwacht oder \u00fcbernimmt, wenn auf diese Webseite ein Link erstellt wurde.<\/p>\n<p>Die Webseite, auf welcher der Hyperlink eingerichtet wird, darf keine Marken, Handelsnamen, Firmenzeichen, Bezeichnungen, Logos, Slogans oder andere Unterscheidungsmerkmale von TEKA INDUSTRIAL, S.A. enthalten.<\/p>\n<p>Die Webseite, auf der dieser Link gesetzt werden soll, darf keine Informationen oder Inhalte enthalten, die rechtswidrig sind oder die gegen die allgemein anerkannte Moral, die guten Sitten und die \u00f6ffentliche Ordnung oder gegen die Rechte Dritter verstossen.<\/p>\n<p>Die Einrichtung des Hyperlinks bedeutet auf keinen Fall das Bestehen von Beziehungen zwischen TEKA INDUSTRIAL, S.A. und dem Eigent\u00fcmer der Webseite, auf welcher der Hyperlink eingerichtet ist. Damit werden die dortigen Inhalte oder Dienstleistungen nicht durch TEKA INDUSTRIAL, S.A. angenommen oder genehmigt, und es wird auch keine Verantwortung daf\u00fcr \u00fcbernommen. Auf jeden Fall beh\u00e4lt sich TEKA INDUSTRIAL, S.A. das Recht vor, jeden Hyperlink zu dieser Webseite jederzeit zu verbieten oder zu deaktivieren, vor allem bei rechtswidrigen Aktivit\u00e4ten oder Inhalten der Webseite, auf der sich der Hyperlink befindet. TEKA INDUSTRIAL, S.A. darf dem Benutzer ausschliesslich f\u00fcr die Suche nach und den Zugriff auf die im Internet verf\u00fcgbaren Informationen, Inhalte und Dienstleistungen Hyperlinks oder technische Verlinkungen bereitstellen, mit denen der Benutzer Zugriff auf Internetseiten oder Portale erh\u00e4lt, die Dritten geh\u00f6ren oder von Dritten verwaltet werden.<\/p>\n<p><strong>TEKA INDUSTRIAL, S.A.<\/strong>\u00a0wird in diesen F\u00e4llen weder selbst noch durch Dritte die auf den verlinkten Seiten verf\u00fcgbaren Informationen, Inhalte und Dienstleistungen anbieten oder vermarkten, und die Verlinkung f\u00fchrt auch nicht dazu, dass die Inhalte und Dienstleistungen oder darin enthaltene Informationen jeglicher Art in irgendeiner Weise als durch TEKA INDUSTRIAL, S.A. genehmigt, von dieser \u00fcberwacht oder kontrolliert angesehen werden k\u00f6nnen. TEKA INDUSTRIAL, S.A. haftet in keinem Fall f\u00fcr verlinkte Inhalte. Der Benutzer \u00fcbernimmt die alleinige Verantwortung daf\u00fcr, welche Webseiten er durch ein Anklicken von Verlinkungen besucht.<\/p>\n<p>&nbsp;<\/p>\n<p>[\/et_pb_text][\/et_pb_column][\/et_pb_row][\/et_pb_section]<\/p>\n","protected":false},"excerpt":{"rendered":"<p>Rechtlicher Hinweis.\u00a0Allgemeine Nutzungsbedingungen 1.\u00a0Identifizierungsdaten In \u00dcbereinstimmung mit der Informationspflicht gem\u00e4ss Artikel 10 des Gesetzes 34\/2002 vom 11. Juli \u00fcber die Dienste der Informationsgesellschaft und den elektronischen Gesch\u00e4ftsverkehr werden die Benutzer dar\u00fcber informiert, dass der Inhaber der Webseite das Handelsunternehmen TEKA INDUSTRIAL, S.A. mit der Steuernummer (CIF) A-39004932 und mit dem Gesch\u00e4ftssitz zu diesem Zweck in [&hellip;]<\/p>\n","protected":false},"author":6,"featured_media":0,"parent":0,"menu_order":0,"comment_status":"closed","ping_status":"closed","template":"tp-legal-notice.php","meta":{"_acf_changed":false,"_et_pb_use_builder":"on","_et_pb_old_content":"","_et_gb_content_width":"","footnotes":""},"class_list":["post-5175","page","type-page","status-publish","hentry"],"acf":[],"yoast_head":"<!-- This site is optimized with the Yoast SEO plugin v27.5 - https:\/\/yoast.com\/product\/yoast-seo-wordpress\/ -->\n<title>Impressum | K\u00fcppersbusch Deutschland<\/title>\n<meta name=\"description\" content=\"Rechtlicher Hinweis. Allgemeine Verhaltensbedingungen f\u00fcr das Web https:\/\/www.home-kueppersbusch.com\/de-de\" \/>\n<meta name=\"robots\" content=\"index, follow, max-snippet:-1, max-image-preview:large, max-video-preview:-1\" \/>\n<link rel=\"canonical\" href=\"https:\/\/www.home-kueppersbusch.com\/de-de\/impressum-old\/\" \/>\n<meta property=\"og:locale\" content=\"de_DE\" \/>\n<meta property=\"og:type\" content=\"article\" \/>\n<meta property=\"og:title\" content=\"Impressum | K\u00fcppersbusch Deutschland\" \/>\n<meta property=\"og:description\" content=\"Rechtlicher Hinweis. Allgemeine Verhaltensbedingungen f\u00fcr das Web https:\/\/www.home-kueppersbusch.com\/de-de\" \/>\n<meta property=\"og:url\" content=\"https:\/\/www.home-kueppersbusch.com\/de-de\/impressum-old\/\" \/>\n<meta property=\"og:site_name\" content=\"K\u00fcppersbusch Deutschland\" \/>\n<meta property=\"article:modified_time\" content=\"2021-02-04T11:06:32+00:00\" \/>\n<meta name=\"twitter:card\" content=\"summary_large_image\" \/>\n<meta name=\"twitter:label1\" content=\"Gesch\u00e4tzte Lesezeit\" \/>\n\t<meta name=\"twitter:data1\" content=\"6\u00a0Minuten\" \/>\n<script type=\"application\/ld+json\" class=\"yoast-schema-graph\">{\"@context\":\"https:\\\/\\\/schema.org\",\"@graph\":[{\"@type\":\"WebPage\",\"@id\":\"https:\\\/\\\/www.home-kueppersbusch.com\\\/de-de\\\/impressum-old\\\/\",\"url\":\"https:\\\/\\\/www.home-kueppersbusch.com\\\/de-de\\\/impressum-old\\\/\",\"name\":\"Impressum | K\u00fcppersbusch Deutschland\",\"isPartOf\":{\"@id\":\"https:\\\/\\\/www.home-kueppersbusch.com\\\/de-de\\\/#website\"},\"datePublished\":\"2018-07-31T09:22:28+00:00\",\"dateModified\":\"2021-02-04T11:06:32+00:00\",\"description\":\"Rechtlicher Hinweis. Allgemeine Verhaltensbedingungen f\u00fcr das Web https:\\\/\\\/www.home-kueppersbusch.com\\\/de-de\",\"inLanguage\":\"de\",\"potentialAction\":[{\"@type\":\"ReadAction\",\"target\":[\"https:\\\/\\\/www.home-kueppersbusch.com\\\/de-de\\\/impressum-old\\\/\"]}]},{\"@type\":\"WebSite\",\"@id\":\"https:\\\/\\\/www.home-kueppersbusch.com\\\/de-de\\\/#website\",\"url\":\"https:\\\/\\\/www.home-kueppersbusch.com\\\/de-de\\\/\",\"name\":\"K\u00fcppersbusch Deutschland\",\"description\":\"\",\"potentialAction\":[{\"@type\":\"SearchAction\",\"target\":{\"@type\":\"EntryPoint\",\"urlTemplate\":\"https:\\\/\\\/www.home-kueppersbusch.com\\\/de-de\\\/?s={search_term_string}\"},\"query-input\":{\"@type\":\"PropertyValueSpecification\",\"valueRequired\":true,\"valueName\":\"search_term_string\"}}],\"inLanguage\":\"de\"}]}<\/script>\n<!-- \/ Yoast SEO plugin. -->","yoast_head_json":{"title":"Impressum | K\u00fcppersbusch Deutschland","description":"Rechtlicher Hinweis. Allgemeine Verhaltensbedingungen f\u00fcr das Web https:\/\/www.home-kueppersbusch.com\/de-de","robots":{"index":"index","follow":"follow","max-snippet":"max-snippet:-1","max-image-preview":"max-image-preview:large","max-video-preview":"max-video-preview:-1"},"canonical":"https:\/\/www.home-kueppersbusch.com\/de-de\/impressum-old\/","og_locale":"de_DE","og_type":"article","og_title":"Impressum | K\u00fcppersbusch Deutschland","og_description":"Rechtlicher Hinweis. Allgemeine Verhaltensbedingungen f\u00fcr das Web https:\/\/www.home-kueppersbusch.com\/de-de","og_url":"https:\/\/www.home-kueppersbusch.com\/de-de\/impressum-old\/","og_site_name":"K\u00fcppersbusch Deutschland","article_modified_time":"2021-02-04T11:06:32+00:00","twitter_card":"summary_large_image","twitter_misc":{"Gesch\u00e4tzte Lesezeit":"6\u00a0Minuten"},"schema":{"@context":"https:\/\/schema.org","@graph":[{"@type":"WebPage","@id":"https:\/\/www.home-kueppersbusch.com\/de-de\/impressum-old\/","url":"https:\/\/www.home-kueppersbusch.com\/de-de\/impressum-old\/","name":"Impressum | K\u00fcppersbusch Deutschland","isPartOf":{"@id":"https:\/\/www.home-kueppersbusch.com\/de-de\/#website"},"datePublished":"2018-07-31T09:22:28+00:00","dateModified":"2021-02-04T11:06:32+00:00","description":"Rechtlicher Hinweis. Allgemeine Verhaltensbedingungen f\u00fcr das Web https:\/\/www.home-kueppersbusch.com\/de-de","inLanguage":"de","potentialAction":[{"@type":"ReadAction","target":["https:\/\/www.home-kueppersbusch.com\/de-de\/impressum-old\/"]}]},{"@type":"WebSite","@id":"https:\/\/www.home-kueppersbusch.com\/de-de\/#website","url":"https:\/\/www.home-kueppersbusch.com\/de-de\/","name":"K\u00fcppersbusch Deutschland","description":"","potentialAction":[{"@type":"SearchAction","target":{"@type":"EntryPoint","urlTemplate":"https:\/\/www.home-kueppersbusch.com\/de-de\/?s={search_term_string}"},"query-input":{"@type":"PropertyValueSpecification","valueRequired":true,"valueName":"search_term_string"}}],"inLanguage":"de"}]}},"_links":{"self":[{"href":"https:\/\/www.home-kueppersbusch.com\/de-de\/wp-json\/wp\/v2\/pages\/5175","targetHints":{"allow":["GET"]}}],"collection":[{"href":"https:\/\/www.home-kueppersbusch.com\/de-de\/wp-json\/wp\/v2\/pages"}],"about":[{"href":"https:\/\/www.home-kueppersbusch.com\/de-de\/wp-json\/wp\/v2\/types\/page"}],"author":[{"embeddable":true,"href":"https:\/\/www.home-kueppersbusch.com\/de-de\/wp-json\/wp\/v2\/users\/6"}],"replies":[{"embeddable":true,"href":"https:\/\/www.home-kueppersbusch.com\/de-de\/wp-json\/wp\/v2\/comments?post=5175"}],"version-history":[{"count":60,"href":"https:\/\/www.home-kueppersbusch.com\/de-de\/wp-json\/wp\/v2\/pages\/5175\/revisions"}],"predecessor-version":[{"id":71524,"href":"https:\/\/www.home-kueppersbusch.com\/de-de\/wp-json\/wp\/v2\/pages\/5175\/revisions\/71524"}],"wp:attachment":[{"href":"https:\/\/www.home-kueppersbusch.com\/de-de\/wp-json\/wp\/v2\/media?parent=5175"}],"curies":[{"name":"wp","href":"https:\/\/api.w.org\/{rel}","templated":true}]}}