{"id":80033,"date":"2026-04-03T17:44:04","date_gmt":"2026-04-03T17:44:04","guid":{"rendered":"https:\/\/teka.com\/en-int\/cbm6350-0s_121170019"},"modified":"2026-03-28T08:08:49","modified_gmt":"2026-03-28T09:08:49","slug":"cbm6350-0s_121170019","status":"publish","type":"product","link":"https:\/\/www.home-kueppersbusch.com\/de-at\/product\/cbm6350-0s_121170019\/","title":{"rendered":"CBM6350.0S"},"content":{"rendered":"<ul>\n<li>Keine unangenehmen Ger\u00fcche dank des einzigartigen \u00f6kotherm\u00ae-Katalysators<\/li>\n<li>Personalisierte Designauswahl dank Individual Concept Design<\/li>\n<li>Alle Infos auf einen Blick dank TFT-Display<\/li>\n<li>Einfache Bedienung \u00fcber hochwertige Aluminium-Drehknebel<\/li>\n<\/ul>\n","protected":false},"featured_media":0,"parent":0,"template":"","product_cat":[9030,10141],"product_edition":[],"product_energy_efficiency":[],"class_list":["post-80033","product","type-product","status-publish","hentry","product_cat-backoefen-mit-mikrowellen","product_cat-kompaktoefen","color-black","product_lifestyle-k-series-3","usp-kph-individual-01","usp-kph-ovens-03","usp-kph-ovens-04","usp-kph-ovens-06","usp-kph-ovens-09","usp-kph-ovens-10"],"acf":[],"yoast_head":"<!-- This site is optimized with the Yoast SEO plugin v27.2 - https:\/\/yoast.com\/product\/yoast-seo-wordpress\/ -->\n<title>CBM6350.0S | K\u00fcppersbusch Austria<\/title>\n<meta name=\"robots\" content=\"index, follow, max-snippet:-1, max-image-preview:large, max-video-preview:-1\" \/>\n<link rel=\"canonical\" href=\"https:\/\/www.home-kueppersbusch.com\/de-at\/product\/cbm6350-0s_121170019\/\" \/>\n<meta property=\"og:locale\" content=\"de_DE\" \/>\n<meta property=\"og:type\" content=\"article\" \/>\n<meta property=\"og:title\" content=\"CBM6350.0S | K\u00fcppersbusch Austria\" \/>\n<meta property=\"og:description\" content=\"Keine unangenehmen Ger\u00fcche dank des einzigartigen \u00f6kotherm\u00ae-Katalysators Personalisierte Designauswahl dank Individual Concept Design Alle Infos auf einen Blick dank TFT-Display Einfache Bedienung \u00fcber hochwertige Aluminium-Drehknebel\" \/>\n<meta property=\"og:url\" content=\"https:\/\/www.home-kueppersbusch.com\/de-at\/product\/cbm6350-0s_121170019\/\" \/>\n<meta property=\"og:site_name\" content=\"K\u00fcppersbusch Austria\" \/>\n<meta name=\"twitter:card\" content=\"summary_large_image\" \/>\n<script type=\"application\/ld+json\" class=\"yoast-schema-graph\">{\"@context\":\"https:\/\/schema.org\",\"@graph\":[{\"@type\":\"WebPage\",\"@id\":\"https:\/\/www.home-kueppersbusch.com\/de-at\/product\/cbm6350-0s_121170019\/\",\"url\":\"https:\/\/www.home-kueppersbusch.com\/de-at\/product\/cbm6350-0s_121170019\/\",\"name\":\"CBM6350.0S | K\u00fcppersbusch Austria\",\"isPartOf\":{\"@id\":\"https:\/\/www.home-kueppersbusch.com\/de-at\/#website\"},\"datePublished\":\"2026-04-03T17:44:04+00:00\",\"inLanguage\":\"de\",\"potentialAction\":[{\"@type\":\"ReadAction\",\"target\":[\"https:\/\/www.home-kueppersbusch.com\/de-at\/product\/cbm6350-0s_121170019\/\"]}]},{\"@type\":\"WebSite\",\"@id\":\"https:\/\/www.home-kueppersbusch.com\/de-at\/#website\",\"url\":\"https:\/\/www.home-kueppersbusch.com\/de-at\/\",\"name\":\"K\u00fcppersbusch Austria\",\"description\":\"\",\"potentialAction\":[{\"@type\":\"SearchAction\",\"target\":{\"@type\":\"EntryPoint\",\"urlTemplate\":\"https:\/\/www.home-kueppersbusch.com\/de-at\/?s={search_term_string}\"},\"query-input\":{\"@type\":\"PropertyValueSpecification\",\"valueRequired\":true,\"valueName\":\"search_term_string\"}}],\"inLanguage\":\"de\"}]}<\/script>\n<!-- \/ Yoast SEO plugin. -->","yoast_head_json":{"title":"CBM6350.0S | K\u00fcppersbusch Austria","robots":{"index":"index","follow":"follow","max-snippet":"max-snippet:-1","max-image-preview":"max-image-preview:large","max-video-preview":"max-video-preview:-1"},"canonical":"https:\/\/www.home-kueppersbusch.com\/de-at\/product\/cbm6350-0s_121170019\/","og_locale":"de_DE","og_type":"article","og_title":"CBM6350.0S | K\u00fcppersbusch Austria","og_description":"Keine unangenehmen Ger\u00fcche dank des einzigartigen \u00f6kotherm\u00ae-Katalysators Personalisierte Designauswahl dank Individual Concept Design Alle Infos auf einen Blick dank TFT-Display Einfache Bedienung \u00fcber hochwertige Aluminium-Drehknebel","og_url":"https:\/\/www.home-kueppersbusch.com\/de-at\/product\/cbm6350-0s_121170019\/","og_site_name":"K\u00fcppersbusch Austria","twitter_card":"summary_large_image","schema":{"@context":"https:\/\/schema.org","@graph":[{"@type":"WebPage","@id":"https:\/\/www.home-kueppersbusch.com\/de-at\/product\/cbm6350-0s_121170019\/","url":"https:\/\/www.home-kueppersbusch.com\/de-at\/product\/cbm6350-0s_121170019\/","name":"CBM6350.0S | K\u00fcppersbusch Austria","isPartOf":{"@id":"https:\/\/www.home-kueppersbusch.com\/de-at\/#website"},"datePublished":"2026-04-03T17:44:04+00:00","inLanguage":"de","potentialAction":[{"@type":"ReadAction","target":["https:\/\/www.home-kueppersbusch.com\/de-at\/product\/cbm6350-0s_121170019\/"]}]},{"@type":"WebSite","@id":"https:\/\/www.home-kueppersbusch.com\/de-at\/#website","url":"https:\/\/www.home-kueppersbusch.com\/de-at\/","name":"K\u00fcppersbusch Austria","description":"","potentialAction":[{"@type":"SearchAction","target":{"@type":"EntryPoint","urlTemplate":"https:\/\/www.home-kueppersbusch.com\/de-at\/?s={search_term_string}"},"query-input":{"@type":"PropertyValueSpecification","valueRequired":true,"valueName":"search_term_string"}}],"inLanguage":"de"}]}},"_links":{"self":[{"href":"https:\/\/www.home-kueppersbusch.com\/de-at\/wp-json\/wp\/v2\/product\/80033","targetHints":{"allow":["GET"]}}],"collection":[{"href":"https:\/\/www.home-kueppersbusch.com\/de-at\/wp-json\/wp\/v2\/product"}],"about":[{"href":"https:\/\/www.home-kueppersbusch.com\/de-at\/wp-json\/wp\/v2\/types\/product"}],"wp:attachment":[{"href":"https:\/\/www.home-kueppersbusch.com\/de-at\/wp-json\/wp\/v2\/media?parent=80033"}],"wp:term":[{"taxonomy":"product_cat","embeddable":true,"href":"https:\/\/www.home-kueppersbusch.com\/de-at\/wp-json\/wp\/v2\/product_cat?post=80033"},{"taxonomy":"product_edition","embeddable":true,"href":"https:\/\/www.home-kueppersbusch.com\/de-at\/wp-json\/wp\/v2\/product_edition?post=80033"},{"taxonomy":"product_energy_efficiency","embeddable":true,"href":"https:\/\/www.home-kueppersbusch.com\/de-at\/wp-json\/wp\/v2\/product_energy_efficiency?post=80033"}],"curies":[{"name":"wp","href":"https:\/\/api.w.org\/{rel}","templated":true}]}}