{"id":76242,"date":"2026-04-25T09:26:41","date_gmt":"2026-04-25T09:26:41","guid":{"rendered":"https:\/\/teka.com\/en-int\/g6564-0v_124260006"},"modified":"2026-04-08T03:46:06","modified_gmt":"2026-04-08T04:46:06","slug":"g6564-0v_124260006","status":"publish","type":"product","link":"https:\/\/www.home-kueppersbusch.com\/de-at\/product\/g6564-0v_124260006\/","title":{"rendered":"G6564.0v"},"content":{"rendered":"<ul>\n<li>Komfortable Bedienung \u00fcber Touchsensoren<\/li>\n<li>Maximale Kapazit\u00e4t dank Platz f\u00fcr 14 Ma\u00dfgedecke<\/li>\n<li>Immer alles im Blick dank BrightLight Innenraumausleuchtung<\/li>\n<li>Einfache Installation, maximale Flexibilit\u00e4t mit FlexHinge<\/li>\n<li>Schonende Glasreinigung mit Glaspflegeprogramm<\/li>\n<li>Ger\u00e4uschlose Statusanzeige mit ColorSignal<\/li>\n<\/ul>\n","protected":false},"featured_media":0,"parent":0,"template":"","product_cat":[9049,9051],"product_edition":[],"product_energy_efficiency":[10020],"class_list":["post-76242","product","type-product","status-publish","hentry","product_cat-geschirrspueler","product_cat-60-cm","color-stainless-steel","product_installation-built-in","product_lifestyle-k-series-5","product_energy_efficiency-b-ue-icon-new"],"acf":[],"yoast_head":"<!-- This site is optimized with the Yoast SEO plugin v27.5 - https:\/\/yoast.com\/product\/yoast-seo-wordpress\/ -->\n<title>G6564.0v | K\u00fcppersbusch Austria<\/title>\n<meta name=\"robots\" content=\"index, follow, max-snippet:-1, max-image-preview:large, max-video-preview:-1\" \/>\n<link rel=\"canonical\" href=\"https:\/\/www.home-kueppersbusch.com\/de-at\/product\/g6564-0v_124260006\/\" \/>\n<meta property=\"og:locale\" content=\"de_DE\" \/>\n<meta property=\"og:type\" content=\"article\" \/>\n<meta property=\"og:title\" content=\"G6564.0v | K\u00fcppersbusch Austria\" \/>\n<meta property=\"og:description\" content=\"Komfortable Bedienung \u00fcber Touchsensoren Maximale Kapazit\u00e4t dank Platz f\u00fcr 14 Ma\u00dfgedecke Immer alles im Blick dank BrightLight Innenraumausleuchtung Einfache Installation, maximale Flexibilit\u00e4t mit FlexHinge Schonende Glasreinigung mit Glaspflegeprogramm Ger\u00e4uschlose Statusanzeige mit ColorSignal\" \/>\n<meta property=\"og:url\" content=\"https:\/\/www.home-kueppersbusch.com\/de-at\/product\/g6564-0v_124260006\/\" \/>\n<meta property=\"og:site_name\" content=\"K\u00fcppersbusch Austria\" \/>\n<meta name=\"twitter:card\" content=\"summary_large_image\" \/>\n<script type=\"application\/ld+json\" class=\"yoast-schema-graph\">{\"@context\":\"https:\\\/\\\/schema.org\",\"@graph\":[{\"@type\":\"WebPage\",\"@id\":\"https:\\\/\\\/www.home-kueppersbusch.com\\\/de-at\\\/product\\\/g6564-0v_124260006\\\/\",\"url\":\"https:\\\/\\\/www.home-kueppersbusch.com\\\/de-at\\\/product\\\/g6564-0v_124260006\\\/\",\"name\":\"G6564.0v | K\u00fcppersbusch Austria\",\"isPartOf\":{\"@id\":\"https:\\\/\\\/www.home-kueppersbusch.com\\\/de-at\\\/#website\"},\"datePublished\":\"2026-04-25T09:26:41+00:00\",\"inLanguage\":\"de\",\"potentialAction\":[{\"@type\":\"ReadAction\",\"target\":[\"https:\\\/\\\/www.home-kueppersbusch.com\\\/de-at\\\/product\\\/g6564-0v_124260006\\\/\"]}]},{\"@type\":\"WebSite\",\"@id\":\"https:\\\/\\\/www.home-kueppersbusch.com\\\/de-at\\\/#website\",\"url\":\"https:\\\/\\\/www.home-kueppersbusch.com\\\/de-at\\\/\",\"name\":\"K\u00fcppersbusch Austria\",\"description\":\"\",\"potentialAction\":[{\"@type\":\"SearchAction\",\"target\":{\"@type\":\"EntryPoint\",\"urlTemplate\":\"https:\\\/\\\/www.home-kueppersbusch.com\\\/de-at\\\/?s={search_term_string}\"},\"query-input\":{\"@type\":\"PropertyValueSpecification\",\"valueRequired\":true,\"valueName\":\"search_term_string\"}}],\"inLanguage\":\"de\"}]}<\/script>\n<!-- \/ Yoast SEO plugin. -->","yoast_head_json":{"title":"G6564.0v | K\u00fcppersbusch Austria","robots":{"index":"index","follow":"follow","max-snippet":"max-snippet:-1","max-image-preview":"max-image-preview:large","max-video-preview":"max-video-preview:-1"},"canonical":"https:\/\/www.home-kueppersbusch.com\/de-at\/product\/g6564-0v_124260006\/","og_locale":"de_DE","og_type":"article","og_title":"G6564.0v | K\u00fcppersbusch Austria","og_description":"Komfortable Bedienung \u00fcber Touchsensoren Maximale Kapazit\u00e4t dank Platz f\u00fcr 14 Ma\u00dfgedecke Immer alles im Blick dank BrightLight Innenraumausleuchtung Einfache Installation, maximale Flexibilit\u00e4t mit FlexHinge Schonende Glasreinigung mit Glaspflegeprogramm Ger\u00e4uschlose Statusanzeige mit ColorSignal","og_url":"https:\/\/www.home-kueppersbusch.com\/de-at\/product\/g6564-0v_124260006\/","og_site_name":"K\u00fcppersbusch Austria","twitter_card":"summary_large_image","schema":{"@context":"https:\/\/schema.org","@graph":[{"@type":"WebPage","@id":"https:\/\/www.home-kueppersbusch.com\/de-at\/product\/g6564-0v_124260006\/","url":"https:\/\/www.home-kueppersbusch.com\/de-at\/product\/g6564-0v_124260006\/","name":"G6564.0v | K\u00fcppersbusch Austria","isPartOf":{"@id":"https:\/\/www.home-kueppersbusch.com\/de-at\/#website"},"datePublished":"2026-04-25T09:26:41+00:00","inLanguage":"de","potentialAction":[{"@type":"ReadAction","target":["https:\/\/www.home-kueppersbusch.com\/de-at\/product\/g6564-0v_124260006\/"]}]},{"@type":"WebSite","@id":"https:\/\/www.home-kueppersbusch.com\/de-at\/#website","url":"https:\/\/www.home-kueppersbusch.com\/de-at\/","name":"K\u00fcppersbusch Austria","description":"","potentialAction":[{"@type":"SearchAction","target":{"@type":"EntryPoint","urlTemplate":"https:\/\/www.home-kueppersbusch.com\/de-at\/?s={search_term_string}"},"query-input":{"@type":"PropertyValueSpecification","valueRequired":true,"valueName":"search_term_string"}}],"inLanguage":"de"}]}},"_links":{"self":[{"href":"https:\/\/www.home-kueppersbusch.com\/de-at\/wp-json\/wp\/v2\/product\/76242","targetHints":{"allow":["GET"]}}],"collection":[{"href":"https:\/\/www.home-kueppersbusch.com\/de-at\/wp-json\/wp\/v2\/product"}],"about":[{"href":"https:\/\/www.home-kueppersbusch.com\/de-at\/wp-json\/wp\/v2\/types\/product"}],"wp:attachment":[{"href":"https:\/\/www.home-kueppersbusch.com\/de-at\/wp-json\/wp\/v2\/media?parent=76242"}],"wp:term":[{"taxonomy":"product_cat","embeddable":true,"href":"https:\/\/www.home-kueppersbusch.com\/de-at\/wp-json\/wp\/v2\/product_cat?post=76242"},{"taxonomy":"product_edition","embeddable":true,"href":"https:\/\/www.home-kueppersbusch.com\/de-at\/wp-json\/wp\/v2\/product_edition?post=76242"},{"taxonomy":"product_energy_efficiency","embeddable":true,"href":"https:\/\/www.home-kueppersbusch.com\/de-at\/wp-json\/wp\/v2\/product_energy_efficiency?post=76242"}],"curies":[{"name":"wp","href":"https:\/\/api.w.org\/{rel}","templated":true}]}}