{"id":74403,"date":"2026-04-25T09:26:19","date_gmt":"2026-04-25T09:26:19","guid":{"rendered":"https:\/\/teka.com\/en-int\/ki8550-0ksmr-mattblack_122510019"},"modified":"2026-03-28T08:08:00","modified_gmt":"2026-03-28T09:08:00","slug":"ki8550-0ksmr-mattblack_122510019","status":"publish","type":"product","link":"https:\/\/www.home-kueppersbusch.com\/de-at\/product\/ki8550-0ksmr-mattblack_122510019\/","title":{"rendered":"KI8550.0KSMR MattBlack"},"content":{"rendered":"<ul>\n<li>Einzigartiges Produktdesign mit MattBlack Design Linie<\/li>\n<li>Flexibilit\u00e4t f\u00fcr gro\u00dfes Kochgeschirr mit Vario-Induktion<\/li>\n<li>Komfortable Anwahl der einzelnen Kochzonen dank glideControl+<\/li>\n<li>Professionelle Kochergebnisse dank der 8 automatischen Kochfunktionen<\/li>\n<li>Kochen wie die Profis mit der Cheffunktion<\/li>\n<\/ul>\n","protected":false},"featured_media":0,"parent":0,"template":"","product_cat":[9018],"product_edition":[],"product_energy_efficiency":[],"class_list":["post-74403","product","type-product","status-publish","hentry","product_ambient-kitchen-mattblack","product_cat-induktionskochfelder","color-black-matt","product_lifestyle-k-series-5","usp-kph-mattblack-01","usp-kph-mattblack-02","usp-kph-mattblack-03"],"acf":[],"yoast_head":"<!-- This site is optimized with the Yoast SEO plugin v27.5 - https:\/\/yoast.com\/product\/yoast-seo-wordpress\/ -->\n<title>KI8550.0KSMR MattBlack | K\u00fcppersbusch Austria<\/title>\n<meta name=\"robots\" content=\"index, follow, max-snippet:-1, max-image-preview:large, max-video-preview:-1\" \/>\n<link rel=\"canonical\" href=\"https:\/\/www.home-kueppersbusch.com\/de-at\/product\/ki8550-0ksmr-mattblack_122510019\/\" \/>\n<meta property=\"og:locale\" content=\"de_DE\" \/>\n<meta property=\"og:type\" content=\"article\" \/>\n<meta property=\"og:title\" content=\"KI8550.0KSMR MattBlack | K\u00fcppersbusch Austria\" \/>\n<meta property=\"og:description\" content=\"Einzigartiges Produktdesign mit MattBlack Design Linie Flexibilit\u00e4t f\u00fcr gro\u00dfes Kochgeschirr mit Vario-Induktion Komfortable Anwahl der einzelnen Kochzonen dank glideControl+ Professionelle Kochergebnisse dank der 8 automatischen Kochfunktionen Kochen wie die Profis mit der Cheffunktion\" \/>\n<meta property=\"og:url\" content=\"https:\/\/www.home-kueppersbusch.com\/de-at\/product\/ki8550-0ksmr-mattblack_122510019\/\" \/>\n<meta property=\"og:site_name\" content=\"K\u00fcppersbusch Austria\" \/>\n<meta name=\"twitter:card\" content=\"summary_large_image\" \/>\n<script type=\"application\/ld+json\" class=\"yoast-schema-graph\">{\"@context\":\"https:\\\/\\\/schema.org\",\"@graph\":[{\"@type\":\"WebPage\",\"@id\":\"https:\\\/\\\/www.home-kueppersbusch.com\\\/de-at\\\/product\\\/ki8550-0ksmr-mattblack_122510019\\\/\",\"url\":\"https:\\\/\\\/www.home-kueppersbusch.com\\\/de-at\\\/product\\\/ki8550-0ksmr-mattblack_122510019\\\/\",\"name\":\"KI8550.0KSMR MattBlack | K\u00fcppersbusch Austria\",\"isPartOf\":{\"@id\":\"https:\\\/\\\/www.home-kueppersbusch.com\\\/de-at\\\/#website\"},\"datePublished\":\"2026-04-25T09:26:19+00:00\",\"inLanguage\":\"de\",\"potentialAction\":[{\"@type\":\"ReadAction\",\"target\":[\"https:\\\/\\\/www.home-kueppersbusch.com\\\/de-at\\\/product\\\/ki8550-0ksmr-mattblack_122510019\\\/\"]}]},{\"@type\":\"WebSite\",\"@id\":\"https:\\\/\\\/www.home-kueppersbusch.com\\\/de-at\\\/#website\",\"url\":\"https:\\\/\\\/www.home-kueppersbusch.com\\\/de-at\\\/\",\"name\":\"K\u00fcppersbusch Austria\",\"description\":\"\",\"potentialAction\":[{\"@type\":\"SearchAction\",\"target\":{\"@type\":\"EntryPoint\",\"urlTemplate\":\"https:\\\/\\\/www.home-kueppersbusch.com\\\/de-at\\\/?s={search_term_string}\"},\"query-input\":{\"@type\":\"PropertyValueSpecification\",\"valueRequired\":true,\"valueName\":\"search_term_string\"}}],\"inLanguage\":\"de\"}]}<\/script>\n<!-- \/ Yoast SEO plugin. -->","yoast_head_json":{"title":"KI8550.0KSMR MattBlack | K\u00fcppersbusch Austria","robots":{"index":"index","follow":"follow","max-snippet":"max-snippet:-1","max-image-preview":"max-image-preview:large","max-video-preview":"max-video-preview:-1"},"canonical":"https:\/\/www.home-kueppersbusch.com\/de-at\/product\/ki8550-0ksmr-mattblack_122510019\/","og_locale":"de_DE","og_type":"article","og_title":"KI8550.0KSMR MattBlack | K\u00fcppersbusch Austria","og_description":"Einzigartiges Produktdesign mit MattBlack Design Linie Flexibilit\u00e4t f\u00fcr gro\u00dfes Kochgeschirr mit Vario-Induktion Komfortable Anwahl der einzelnen Kochzonen dank glideControl+ Professionelle Kochergebnisse dank der 8 automatischen Kochfunktionen Kochen wie die Profis mit der Cheffunktion","og_url":"https:\/\/www.home-kueppersbusch.com\/de-at\/product\/ki8550-0ksmr-mattblack_122510019\/","og_site_name":"K\u00fcppersbusch Austria","twitter_card":"summary_large_image","schema":{"@context":"https:\/\/schema.org","@graph":[{"@type":"WebPage","@id":"https:\/\/www.home-kueppersbusch.com\/de-at\/product\/ki8550-0ksmr-mattblack_122510019\/","url":"https:\/\/www.home-kueppersbusch.com\/de-at\/product\/ki8550-0ksmr-mattblack_122510019\/","name":"KI8550.0KSMR MattBlack | K\u00fcppersbusch Austria","isPartOf":{"@id":"https:\/\/www.home-kueppersbusch.com\/de-at\/#website"},"datePublished":"2026-04-25T09:26:19+00:00","inLanguage":"de","potentialAction":[{"@type":"ReadAction","target":["https:\/\/www.home-kueppersbusch.com\/de-at\/product\/ki8550-0ksmr-mattblack_122510019\/"]}]},{"@type":"WebSite","@id":"https:\/\/www.home-kueppersbusch.com\/de-at\/#website","url":"https:\/\/www.home-kueppersbusch.com\/de-at\/","name":"K\u00fcppersbusch Austria","description":"","potentialAction":[{"@type":"SearchAction","target":{"@type":"EntryPoint","urlTemplate":"https:\/\/www.home-kueppersbusch.com\/de-at\/?s={search_term_string}"},"query-input":{"@type":"PropertyValueSpecification","valueRequired":true,"valueName":"search_term_string"}}],"inLanguage":"de"}]}},"_links":{"self":[{"href":"https:\/\/www.home-kueppersbusch.com\/de-at\/wp-json\/wp\/v2\/product\/74403","targetHints":{"allow":["GET"]}}],"collection":[{"href":"https:\/\/www.home-kueppersbusch.com\/de-at\/wp-json\/wp\/v2\/product"}],"about":[{"href":"https:\/\/www.home-kueppersbusch.com\/de-at\/wp-json\/wp\/v2\/types\/product"}],"wp:attachment":[{"href":"https:\/\/www.home-kueppersbusch.com\/de-at\/wp-json\/wp\/v2\/media?parent=74403"}],"wp:term":[{"taxonomy":"product_cat","embeddable":true,"href":"https:\/\/www.home-kueppersbusch.com\/de-at\/wp-json\/wp\/v2\/product_cat?post=74403"},{"taxonomy":"product_edition","embeddable":true,"href":"https:\/\/www.home-kueppersbusch.com\/de-at\/wp-json\/wp\/v2\/product_edition?post=74403"},{"taxonomy":"product_energy_efficiency","embeddable":true,"href":"https:\/\/www.home-kueppersbusch.com\/de-at\/wp-json\/wp\/v2\/product_energy_efficiency?post=74403"}],"curies":[{"name":"wp","href":"https:\/\/api.w.org\/{rel}","templated":true}]}}