{"id":74367,"date":"2026-04-25T09:23:37","date_gmt":"2026-04-25T09:23:37","guid":{"rendered":"https:\/\/teka.com\/en-int\/ki6560-0sr_122500027"},"modified":"2026-03-28T08:02:14","modified_gmt":"2026-03-28T09:02:14","slug":"ki6560-0sr_122500027","status":"publish","type":"product","link":"https:\/\/www.home-kueppersbusch.com\/de-at\/product\/ki6560-0sr_122500027\/","title":{"rendered":"KI6560.0SR"},"content":{"rendered":"<ul>\n<li>Ultimative Flexibilit\u00e4t f\u00fcr gro\u00dfes Kochgeschirr mit Flex-Induktion<\/li>\n<li>Komfortable Anwahl der einzelnen Kochzonen dank glideControl<\/li>\n<li>Professionelle Kochergebnisse dank der 1 automatische Kochfunktion<\/li>\n<li>Kochen wie die Profis mit der Cheffunktion<\/li>\n<\/ul>\n","protected":false},"featured_media":0,"parent":0,"template":"","product_cat":[9018],"product_edition":[],"product_energy_efficiency":[],"class_list":["post-74367","product","type-product","status-publish","hentry","product_cat-induktionskochfelder","color-black","product_lifestyle-k-series-5","usp-kph-hobs-03","usp-kph-hobs-04","usp-kph-hobs-05"],"acf":[],"yoast_head":"<!-- This site is optimized with the Yoast SEO plugin v27.5 - https:\/\/yoast.com\/product\/yoast-seo-wordpress\/ -->\n<title>KI6560.0SR | K\u00fcppersbusch Austria<\/title>\n<meta name=\"robots\" content=\"index, follow, max-snippet:-1, max-image-preview:large, max-video-preview:-1\" \/>\n<link rel=\"canonical\" href=\"https:\/\/www.home-kueppersbusch.com\/de-at\/product\/ki6560-0sr_122500027\/\" \/>\n<meta property=\"og:locale\" content=\"de_DE\" \/>\n<meta property=\"og:type\" content=\"article\" \/>\n<meta property=\"og:title\" content=\"KI6560.0SR | K\u00fcppersbusch Austria\" \/>\n<meta property=\"og:description\" content=\"Ultimative Flexibilit\u00e4t f\u00fcr gro\u00dfes Kochgeschirr mit Flex-Induktion Komfortable Anwahl der einzelnen Kochzonen dank glideControl Professionelle Kochergebnisse dank der 1 automatische Kochfunktion Kochen wie die Profis mit der Cheffunktion\" \/>\n<meta property=\"og:url\" content=\"https:\/\/www.home-kueppersbusch.com\/de-at\/product\/ki6560-0sr_122500027\/\" \/>\n<meta property=\"og:site_name\" content=\"K\u00fcppersbusch Austria\" \/>\n<meta name=\"twitter:card\" content=\"summary_large_image\" \/>\n<script type=\"application\/ld+json\" class=\"yoast-schema-graph\">{\"@context\":\"https:\\\/\\\/schema.org\",\"@graph\":[{\"@type\":\"WebPage\",\"@id\":\"https:\\\/\\\/www.home-kueppersbusch.com\\\/de-at\\\/product\\\/ki6560-0sr_122500027\\\/\",\"url\":\"https:\\\/\\\/www.home-kueppersbusch.com\\\/de-at\\\/product\\\/ki6560-0sr_122500027\\\/\",\"name\":\"KI6560.0SR | K\u00fcppersbusch Austria\",\"isPartOf\":{\"@id\":\"https:\\\/\\\/www.home-kueppersbusch.com\\\/de-at\\\/#website\"},\"datePublished\":\"2026-04-25T09:23:37+00:00\",\"inLanguage\":\"de\",\"potentialAction\":[{\"@type\":\"ReadAction\",\"target\":[\"https:\\\/\\\/www.home-kueppersbusch.com\\\/de-at\\\/product\\\/ki6560-0sr_122500027\\\/\"]}]},{\"@type\":\"WebSite\",\"@id\":\"https:\\\/\\\/www.home-kueppersbusch.com\\\/de-at\\\/#website\",\"url\":\"https:\\\/\\\/www.home-kueppersbusch.com\\\/de-at\\\/\",\"name\":\"K\u00fcppersbusch Austria\",\"description\":\"\",\"potentialAction\":[{\"@type\":\"SearchAction\",\"target\":{\"@type\":\"EntryPoint\",\"urlTemplate\":\"https:\\\/\\\/www.home-kueppersbusch.com\\\/de-at\\\/?s={search_term_string}\"},\"query-input\":{\"@type\":\"PropertyValueSpecification\",\"valueRequired\":true,\"valueName\":\"search_term_string\"}}],\"inLanguage\":\"de\"}]}<\/script>\n<!-- \/ Yoast SEO plugin. -->","yoast_head_json":{"title":"KI6560.0SR | K\u00fcppersbusch Austria","robots":{"index":"index","follow":"follow","max-snippet":"max-snippet:-1","max-image-preview":"max-image-preview:large","max-video-preview":"max-video-preview:-1"},"canonical":"https:\/\/www.home-kueppersbusch.com\/de-at\/product\/ki6560-0sr_122500027\/","og_locale":"de_DE","og_type":"article","og_title":"KI6560.0SR | K\u00fcppersbusch Austria","og_description":"Ultimative Flexibilit\u00e4t f\u00fcr gro\u00dfes Kochgeschirr mit Flex-Induktion Komfortable Anwahl der einzelnen Kochzonen dank glideControl Professionelle Kochergebnisse dank der 1 automatische Kochfunktion Kochen wie die Profis mit der Cheffunktion","og_url":"https:\/\/www.home-kueppersbusch.com\/de-at\/product\/ki6560-0sr_122500027\/","og_site_name":"K\u00fcppersbusch Austria","twitter_card":"summary_large_image","schema":{"@context":"https:\/\/schema.org","@graph":[{"@type":"WebPage","@id":"https:\/\/www.home-kueppersbusch.com\/de-at\/product\/ki6560-0sr_122500027\/","url":"https:\/\/www.home-kueppersbusch.com\/de-at\/product\/ki6560-0sr_122500027\/","name":"KI6560.0SR | K\u00fcppersbusch Austria","isPartOf":{"@id":"https:\/\/www.home-kueppersbusch.com\/de-at\/#website"},"datePublished":"2026-04-25T09:23:37+00:00","inLanguage":"de","potentialAction":[{"@type":"ReadAction","target":["https:\/\/www.home-kueppersbusch.com\/de-at\/product\/ki6560-0sr_122500027\/"]}]},{"@type":"WebSite","@id":"https:\/\/www.home-kueppersbusch.com\/de-at\/#website","url":"https:\/\/www.home-kueppersbusch.com\/de-at\/","name":"K\u00fcppersbusch Austria","description":"","potentialAction":[{"@type":"SearchAction","target":{"@type":"EntryPoint","urlTemplate":"https:\/\/www.home-kueppersbusch.com\/de-at\/?s={search_term_string}"},"query-input":{"@type":"PropertyValueSpecification","valueRequired":true,"valueName":"search_term_string"}}],"inLanguage":"de"}]}},"_links":{"self":[{"href":"https:\/\/www.home-kueppersbusch.com\/de-at\/wp-json\/wp\/v2\/product\/74367","targetHints":{"allow":["GET"]}}],"collection":[{"href":"https:\/\/www.home-kueppersbusch.com\/de-at\/wp-json\/wp\/v2\/product"}],"about":[{"href":"https:\/\/www.home-kueppersbusch.com\/de-at\/wp-json\/wp\/v2\/types\/product"}],"wp:attachment":[{"href":"https:\/\/www.home-kueppersbusch.com\/de-at\/wp-json\/wp\/v2\/media?parent=74367"}],"wp:term":[{"taxonomy":"product_cat","embeddable":true,"href":"https:\/\/www.home-kueppersbusch.com\/de-at\/wp-json\/wp\/v2\/product_cat?post=74367"},{"taxonomy":"product_edition","embeddable":true,"href":"https:\/\/www.home-kueppersbusch.com\/de-at\/wp-json\/wp\/v2\/product_edition?post=74367"},{"taxonomy":"product_energy_efficiency","embeddable":true,"href":"https:\/\/www.home-kueppersbusch.com\/de-at\/wp-json\/wp\/v2\/product_energy_efficiency?post=74367"}],"curies":[{"name":"wp","href":"https:\/\/api.w.org\/{rel}","templated":true}]}}