{"id":74358,"date":"2026-04-03T17:43:16","date_gmt":"2026-04-03T17:43:16","guid":{"rendered":"https:\/\/teka.com\/en-int\/fkg9801-0e_123430017"},"modified":"2026-03-28T08:07:23","modified_gmt":"2026-03-28T09:07:23","slug":"fkg9801-0e_123430017","status":"publish","type":"product","link":"https:\/\/www.home-kueppersbusch.com\/de-at\/product\/fkg9801-0e_123430017\/","title":{"rendered":"FKG9801.0E"},"content":{"rendered":"<ul>\n<li>Gleichm\u00e4\u00dfige K\u00fchltemperatur im gesamten Innenraum dank MultiAirflow<\/li>\n<li>Schneller \u00dcberblick dank digitaler Statusanzeige<\/li>\n<li>Intuitive Einstellung \u00fcber Touchsensoren<\/li>\n<li>Variable Innenraumeinteilung durch VarioShelves + VarioBoxes<\/li>\n<li>K\u00fchle Getr\u00e4nke immer griffbereit mit Frische-Center<\/li>\n<li>Kein Vereisen des Gerfrierbereichs dank NoFrost<\/li>\n<li>FastFreezing durch Schnellgefrierfunktion<\/li>\n<\/ul>\n","protected":false},"featured_media":0,"parent":0,"template":"","product_cat":[9043],"product_edition":[],"product_energy_efficiency":[10023],"class_list":["post-74358","product","type-product","status-publish","hentry","product_cat-kuehl-und-gefrierschraenke","color-stainless-steel","product_installation-freistehend","product_lifestyle-k-series-8","product_energy_efficiency-e-ue-icon-new"],"acf":[],"yoast_head":"<!-- This site is optimized with the Yoast SEO plugin v27.2 - https:\/\/yoast.com\/product\/yoast-seo-wordpress\/ -->\n<title>FKG9801.0E | K\u00fcppersbusch Austria<\/title>\n<meta name=\"robots\" content=\"index, follow, max-snippet:-1, max-image-preview:large, max-video-preview:-1\" \/>\n<link rel=\"canonical\" href=\"https:\/\/www.home-kueppersbusch.com\/de-at\/product\/fkg9801-0e_123430017\/\" \/>\n<meta property=\"og:locale\" content=\"de_DE\" \/>\n<meta property=\"og:type\" content=\"article\" \/>\n<meta property=\"og:title\" content=\"FKG9801.0E | K\u00fcppersbusch Austria\" \/>\n<meta property=\"og:description\" content=\"Gleichm\u00e4\u00dfige K\u00fchltemperatur im gesamten Innenraum dank MultiAirflow Schneller \u00dcberblick dank digitaler Statusanzeige Intuitive Einstellung \u00fcber Touchsensoren Variable Innenraumeinteilung durch VarioShelves + VarioBoxes K\u00fchle Getr\u00e4nke immer griffbereit mit Frische-Center Kein Vereisen des Gerfrierbereichs dank NoFrost FastFreezing durch Schnellgefrierfunktion\" \/>\n<meta property=\"og:url\" content=\"https:\/\/www.home-kueppersbusch.com\/de-at\/product\/fkg9801-0e_123430017\/\" \/>\n<meta property=\"og:site_name\" content=\"K\u00fcppersbusch Austria\" \/>\n<meta name=\"twitter:card\" content=\"summary_large_image\" \/>\n<script type=\"application\/ld+json\" class=\"yoast-schema-graph\">{\"@context\":\"https:\/\/schema.org\",\"@graph\":[{\"@type\":\"WebPage\",\"@id\":\"https:\/\/www.home-kueppersbusch.com\/de-at\/product\/fkg9801-0e_123430017\/\",\"url\":\"https:\/\/www.home-kueppersbusch.com\/de-at\/product\/fkg9801-0e_123430017\/\",\"name\":\"FKG9801.0E | K\u00fcppersbusch Austria\",\"isPartOf\":{\"@id\":\"https:\/\/www.home-kueppersbusch.com\/de-at\/#website\"},\"datePublished\":\"2026-04-03T17:43:16+00:00\",\"inLanguage\":\"de\",\"potentialAction\":[{\"@type\":\"ReadAction\",\"target\":[\"https:\/\/www.home-kueppersbusch.com\/de-at\/product\/fkg9801-0e_123430017\/\"]}]},{\"@type\":\"WebSite\",\"@id\":\"https:\/\/www.home-kueppersbusch.com\/de-at\/#website\",\"url\":\"https:\/\/www.home-kueppersbusch.com\/de-at\/\",\"name\":\"K\u00fcppersbusch Austria\",\"description\":\"\",\"potentialAction\":[{\"@type\":\"SearchAction\",\"target\":{\"@type\":\"EntryPoint\",\"urlTemplate\":\"https:\/\/www.home-kueppersbusch.com\/de-at\/?s={search_term_string}\"},\"query-input\":{\"@type\":\"PropertyValueSpecification\",\"valueRequired\":true,\"valueName\":\"search_term_string\"}}],\"inLanguage\":\"de\"}]}<\/script>\n<!-- \/ Yoast SEO plugin. -->","yoast_head_json":{"title":"FKG9801.0E | K\u00fcppersbusch Austria","robots":{"index":"index","follow":"follow","max-snippet":"max-snippet:-1","max-image-preview":"max-image-preview:large","max-video-preview":"max-video-preview:-1"},"canonical":"https:\/\/www.home-kueppersbusch.com\/de-at\/product\/fkg9801-0e_123430017\/","og_locale":"de_DE","og_type":"article","og_title":"FKG9801.0E | K\u00fcppersbusch Austria","og_description":"Gleichm\u00e4\u00dfige K\u00fchltemperatur im gesamten Innenraum dank MultiAirflow Schneller \u00dcberblick dank digitaler Statusanzeige Intuitive Einstellung \u00fcber Touchsensoren Variable Innenraumeinteilung durch VarioShelves + VarioBoxes K\u00fchle Getr\u00e4nke immer griffbereit mit Frische-Center Kein Vereisen des Gerfrierbereichs dank NoFrost FastFreezing durch Schnellgefrierfunktion","og_url":"https:\/\/www.home-kueppersbusch.com\/de-at\/product\/fkg9801-0e_123430017\/","og_site_name":"K\u00fcppersbusch Austria","twitter_card":"summary_large_image","schema":{"@context":"https:\/\/schema.org","@graph":[{"@type":"WebPage","@id":"https:\/\/www.home-kueppersbusch.com\/de-at\/product\/fkg9801-0e_123430017\/","url":"https:\/\/www.home-kueppersbusch.com\/de-at\/product\/fkg9801-0e_123430017\/","name":"FKG9801.0E | K\u00fcppersbusch Austria","isPartOf":{"@id":"https:\/\/www.home-kueppersbusch.com\/de-at\/#website"},"datePublished":"2026-04-03T17:43:16+00:00","inLanguage":"de","potentialAction":[{"@type":"ReadAction","target":["https:\/\/www.home-kueppersbusch.com\/de-at\/product\/fkg9801-0e_123430017\/"]}]},{"@type":"WebSite","@id":"https:\/\/www.home-kueppersbusch.com\/de-at\/#website","url":"https:\/\/www.home-kueppersbusch.com\/de-at\/","name":"K\u00fcppersbusch Austria","description":"","potentialAction":[{"@type":"SearchAction","target":{"@type":"EntryPoint","urlTemplate":"https:\/\/www.home-kueppersbusch.com\/de-at\/?s={search_term_string}"},"query-input":{"@type":"PropertyValueSpecification","valueRequired":true,"valueName":"search_term_string"}}],"inLanguage":"de"}]}},"_links":{"self":[{"href":"https:\/\/www.home-kueppersbusch.com\/de-at\/wp-json\/wp\/v2\/product\/74358","targetHints":{"allow":["GET"]}}],"collection":[{"href":"https:\/\/www.home-kueppersbusch.com\/de-at\/wp-json\/wp\/v2\/product"}],"about":[{"href":"https:\/\/www.home-kueppersbusch.com\/de-at\/wp-json\/wp\/v2\/types\/product"}],"wp:attachment":[{"href":"https:\/\/www.home-kueppersbusch.com\/de-at\/wp-json\/wp\/v2\/media?parent=74358"}],"wp:term":[{"taxonomy":"product_cat","embeddable":true,"href":"https:\/\/www.home-kueppersbusch.com\/de-at\/wp-json\/wp\/v2\/product_cat?post=74358"},{"taxonomy":"product_edition","embeddable":true,"href":"https:\/\/www.home-kueppersbusch.com\/de-at\/wp-json\/wp\/v2\/product_edition?post=74358"},{"taxonomy":"product_energy_efficiency","embeddable":true,"href":"https:\/\/www.home-kueppersbusch.com\/de-at\/wp-json\/wp\/v2\/product_energy_efficiency?post=74358"}],"curies":[{"name":"wp","href":"https:\/\/api.w.org\/{rel}","templated":true}]}}