{"id":74345,"date":"2026-04-07T12:53:14","date_gmt":"2026-04-07T12:53:14","guid":{"rendered":"https:\/\/teka.com\/en-int\/fkg6500-0e_123410000"},"modified":"2026-04-07T10:41:22","modified_gmt":"2026-04-07T11:41:22","slug":"fkg6500-0e_123410000","status":"publish","type":"product","link":"https:\/\/www.home-kueppersbusch.com\/de-at\/product\/fkg6500-0e_123410000\/","title":{"rendered":"FKG6500.0E"},"content":{"rendered":"<ul>\n<li>Schneller \u00dcberblick dank digitaler Statusanzeige<\/li>\n<li>Intuitive Einstellung \u00fcber Touchsensoren<\/li>\n<li>Variable Innenraumeinteilung durch VarioShelves + VarioBoxes<\/li>\n<li>Kein Vereisen des Gerfrierbereichs dank NoFrost<\/li>\n<\/ul>\n","protected":false},"featured_media":0,"parent":0,"template":"","product_cat":[9043],"product_edition":[],"product_energy_efficiency":[10023],"class_list":["post-74345","product","type-product","status-publish","hentry","product_cat-kuehl-und-gefrierschraenke","color-stainless-steel","product_installation-freistehend","product_lifestyle-k-series-5","usp-kph-coldline-02","usp-kph-coldline-04","usp-kph-coldline-06","product_energy_efficiency-e-ue-icon-new"],"acf":[],"yoast_head":"<!-- This site is optimized with the Yoast SEO plugin v27.2 - https:\/\/yoast.com\/product\/yoast-seo-wordpress\/ -->\n<title>FKG6500.0E | K\u00fcppersbusch Austria<\/title>\n<meta name=\"robots\" content=\"index, follow, max-snippet:-1, max-image-preview:large, max-video-preview:-1\" \/>\n<link rel=\"canonical\" href=\"https:\/\/www.home-kueppersbusch.com\/de-at\/product\/fkg6500-0e_123410000\/\" \/>\n<meta property=\"og:locale\" content=\"de_DE\" \/>\n<meta property=\"og:type\" content=\"article\" \/>\n<meta property=\"og:title\" content=\"FKG6500.0E | K\u00fcppersbusch Austria\" \/>\n<meta property=\"og:description\" content=\"Schneller \u00dcberblick dank digitaler Statusanzeige Intuitive Einstellung \u00fcber Touchsensoren Variable Innenraumeinteilung durch VarioShelves + VarioBoxes Kein Vereisen des Gerfrierbereichs dank NoFrost\" \/>\n<meta property=\"og:url\" content=\"https:\/\/www.home-kueppersbusch.com\/de-at\/product\/fkg6500-0e_123410000\/\" \/>\n<meta property=\"og:site_name\" content=\"K\u00fcppersbusch Austria\" \/>\n<meta name=\"twitter:card\" content=\"summary_large_image\" \/>\n<script type=\"application\/ld+json\" class=\"yoast-schema-graph\">{\"@context\":\"https:\/\/schema.org\",\"@graph\":[{\"@type\":\"WebPage\",\"@id\":\"https:\/\/www.home-kueppersbusch.com\/de-at\/product\/fkg6500-0e_123410000\/\",\"url\":\"https:\/\/www.home-kueppersbusch.com\/de-at\/product\/fkg6500-0e_123410000\/\",\"name\":\"FKG6500.0E | K\u00fcppersbusch Austria\",\"isPartOf\":{\"@id\":\"https:\/\/www.home-kueppersbusch.com\/de-at\/#website\"},\"datePublished\":\"2026-04-07T12:53:14+00:00\",\"inLanguage\":\"de\",\"potentialAction\":[{\"@type\":\"ReadAction\",\"target\":[\"https:\/\/www.home-kueppersbusch.com\/de-at\/product\/fkg6500-0e_123410000\/\"]}]},{\"@type\":\"WebSite\",\"@id\":\"https:\/\/www.home-kueppersbusch.com\/de-at\/#website\",\"url\":\"https:\/\/www.home-kueppersbusch.com\/de-at\/\",\"name\":\"K\u00fcppersbusch Austria\",\"description\":\"\",\"potentialAction\":[{\"@type\":\"SearchAction\",\"target\":{\"@type\":\"EntryPoint\",\"urlTemplate\":\"https:\/\/www.home-kueppersbusch.com\/de-at\/?s={search_term_string}\"},\"query-input\":{\"@type\":\"PropertyValueSpecification\",\"valueRequired\":true,\"valueName\":\"search_term_string\"}}],\"inLanguage\":\"de\"}]}<\/script>\n<!-- \/ Yoast SEO plugin. -->","yoast_head_json":{"title":"FKG6500.0E | K\u00fcppersbusch Austria","robots":{"index":"index","follow":"follow","max-snippet":"max-snippet:-1","max-image-preview":"max-image-preview:large","max-video-preview":"max-video-preview:-1"},"canonical":"https:\/\/www.home-kueppersbusch.com\/de-at\/product\/fkg6500-0e_123410000\/","og_locale":"de_DE","og_type":"article","og_title":"FKG6500.0E | K\u00fcppersbusch Austria","og_description":"Schneller \u00dcberblick dank digitaler Statusanzeige Intuitive Einstellung \u00fcber Touchsensoren Variable Innenraumeinteilung durch VarioShelves + VarioBoxes Kein Vereisen des Gerfrierbereichs dank NoFrost","og_url":"https:\/\/www.home-kueppersbusch.com\/de-at\/product\/fkg6500-0e_123410000\/","og_site_name":"K\u00fcppersbusch Austria","twitter_card":"summary_large_image","schema":{"@context":"https:\/\/schema.org","@graph":[{"@type":"WebPage","@id":"https:\/\/www.home-kueppersbusch.com\/de-at\/product\/fkg6500-0e_123410000\/","url":"https:\/\/www.home-kueppersbusch.com\/de-at\/product\/fkg6500-0e_123410000\/","name":"FKG6500.0E | K\u00fcppersbusch Austria","isPartOf":{"@id":"https:\/\/www.home-kueppersbusch.com\/de-at\/#website"},"datePublished":"2026-04-07T12:53:14+00:00","inLanguage":"de","potentialAction":[{"@type":"ReadAction","target":["https:\/\/www.home-kueppersbusch.com\/de-at\/product\/fkg6500-0e_123410000\/"]}]},{"@type":"WebSite","@id":"https:\/\/www.home-kueppersbusch.com\/de-at\/#website","url":"https:\/\/www.home-kueppersbusch.com\/de-at\/","name":"K\u00fcppersbusch Austria","description":"","potentialAction":[{"@type":"SearchAction","target":{"@type":"EntryPoint","urlTemplate":"https:\/\/www.home-kueppersbusch.com\/de-at\/?s={search_term_string}"},"query-input":{"@type":"PropertyValueSpecification","valueRequired":true,"valueName":"search_term_string"}}],"inLanguage":"de"}]}},"_links":{"self":[{"href":"https:\/\/www.home-kueppersbusch.com\/de-at\/wp-json\/wp\/v2\/product\/74345","targetHints":{"allow":["GET"]}}],"collection":[{"href":"https:\/\/www.home-kueppersbusch.com\/de-at\/wp-json\/wp\/v2\/product"}],"about":[{"href":"https:\/\/www.home-kueppersbusch.com\/de-at\/wp-json\/wp\/v2\/types\/product"}],"wp:attachment":[{"href":"https:\/\/www.home-kueppersbusch.com\/de-at\/wp-json\/wp\/v2\/media?parent=74345"}],"wp:term":[{"taxonomy":"product_cat","embeddable":true,"href":"https:\/\/www.home-kueppersbusch.com\/de-at\/wp-json\/wp\/v2\/product_cat?post=74345"},{"taxonomy":"product_edition","embeddable":true,"href":"https:\/\/www.home-kueppersbusch.com\/de-at\/wp-json\/wp\/v2\/product_edition?post=74345"},{"taxonomy":"product_energy_efficiency","embeddable":true,"href":"https:\/\/www.home-kueppersbusch.com\/de-at\/wp-json\/wp\/v2\/product_energy_efficiency?post=74345"}],"curies":[{"name":"wp","href":"https:\/\/api.w.org\/{rel}","templated":true}]}}