{"id":74315,"date":"2026-04-25T09:26:15","date_gmt":"2026-04-25T09:26:15","guid":{"rendered":"https:\/\/teka.com\/en-int\/ckv6800-0s_121630009"},"modified":"2026-03-28T08:07:52","modified_gmt":"2026-03-28T09:07:52","slug":"ckv6800-0s_121630009","status":"publish","type":"product","link":"https:\/\/www.home-kueppersbusch.com\/de-at\/product\/ckv6800-0s_121630009\/","title":{"rendered":"CKV6800.0S"},"content":{"rendered":"<ul>\n<li>Personalisierte Designauswahl dank Individual Concept Design<\/li>\n<li>Alle Infos auf einen Blick mit direktem Zugriff dank TFT-Farb-Touch-Display<\/li>\n<li>Barista-Kaffee dank Cappucino- und Kaffee-Latte-Funktion<\/li>\n<li>Passend f\u00fcr viele Tassen dank h\u00f6henverstellbaren Kaffeeauslauf<\/li>\n<li>Immer frische Milch f\u00fcr Capuccino dank herausnehmbarem Milchbeh\u00e4lter<\/li>\n<\/ul>\n","protected":false},"featured_media":0,"parent":0,"template":"","product_cat":[9032],"product_edition":[],"product_energy_efficiency":[],"class_list":["post-74315","product","type-product","status-publish","hentry","finishes-10595","finishes-10596","finishes-10597","finishes-10598","finishes-10599","finishes-10600","product_ambient-kitchen-bv-02","product_ambient-kitchen-bv-03","product_ambient-kitchen-g-02","product_cat-kaffeemaschinen","color-black","product_lifestyle-k-series-8"],"acf":[],"yoast_head":"<!-- This site is optimized with the Yoast SEO plugin v27.5 - https:\/\/yoast.com\/product\/yoast-seo-wordpress\/ -->\n<title>CKV6800.0S | K\u00fcppersbusch Austria<\/title>\n<meta name=\"robots\" content=\"index, follow, max-snippet:-1, max-image-preview:large, max-video-preview:-1\" \/>\n<link rel=\"canonical\" href=\"https:\/\/www.home-kueppersbusch.com\/de-at\/product\/ckv6800-0s_121630009\/\" \/>\n<meta property=\"og:locale\" content=\"de_DE\" \/>\n<meta property=\"og:type\" content=\"article\" \/>\n<meta property=\"og:title\" content=\"CKV6800.0S | K\u00fcppersbusch Austria\" \/>\n<meta property=\"og:description\" content=\"Personalisierte Designauswahl dank Individual Concept Design Alle Infos auf einen Blick mit direktem Zugriff dank TFT-Farb-Touch-Display Barista-Kaffee dank Cappucino- und Kaffee-Latte-Funktion Passend f\u00fcr viele Tassen dank h\u00f6henverstellbaren Kaffeeauslauf Immer frische Milch f\u00fcr Capuccino dank herausnehmbarem Milchbeh\u00e4lter\" \/>\n<meta property=\"og:url\" content=\"https:\/\/www.home-kueppersbusch.com\/de-at\/product\/ckv6800-0s_121630009\/\" \/>\n<meta property=\"og:site_name\" content=\"K\u00fcppersbusch Austria\" \/>\n<meta name=\"twitter:card\" content=\"summary_large_image\" \/>\n<script type=\"application\/ld+json\" class=\"yoast-schema-graph\">{\"@context\":\"https:\\\/\\\/schema.org\",\"@graph\":[{\"@type\":\"WebPage\",\"@id\":\"https:\\\/\\\/www.home-kueppersbusch.com\\\/de-at\\\/product\\\/ckv6800-0s_121630009\\\/\",\"url\":\"https:\\\/\\\/www.home-kueppersbusch.com\\\/de-at\\\/product\\\/ckv6800-0s_121630009\\\/\",\"name\":\"CKV6800.0S | K\u00fcppersbusch Austria\",\"isPartOf\":{\"@id\":\"https:\\\/\\\/www.home-kueppersbusch.com\\\/de-at\\\/#website\"},\"datePublished\":\"2026-04-25T09:26:15+00:00\",\"inLanguage\":\"de\",\"potentialAction\":[{\"@type\":\"ReadAction\",\"target\":[\"https:\\\/\\\/www.home-kueppersbusch.com\\\/de-at\\\/product\\\/ckv6800-0s_121630009\\\/\"]}]},{\"@type\":\"WebSite\",\"@id\":\"https:\\\/\\\/www.home-kueppersbusch.com\\\/de-at\\\/#website\",\"url\":\"https:\\\/\\\/www.home-kueppersbusch.com\\\/de-at\\\/\",\"name\":\"K\u00fcppersbusch Austria\",\"description\":\"\",\"potentialAction\":[{\"@type\":\"SearchAction\",\"target\":{\"@type\":\"EntryPoint\",\"urlTemplate\":\"https:\\\/\\\/www.home-kueppersbusch.com\\\/de-at\\\/?s={search_term_string}\"},\"query-input\":{\"@type\":\"PropertyValueSpecification\",\"valueRequired\":true,\"valueName\":\"search_term_string\"}}],\"inLanguage\":\"de\"}]}<\/script>\n<!-- \/ Yoast SEO plugin. -->","yoast_head_json":{"title":"CKV6800.0S | K\u00fcppersbusch Austria","robots":{"index":"index","follow":"follow","max-snippet":"max-snippet:-1","max-image-preview":"max-image-preview:large","max-video-preview":"max-video-preview:-1"},"canonical":"https:\/\/www.home-kueppersbusch.com\/de-at\/product\/ckv6800-0s_121630009\/","og_locale":"de_DE","og_type":"article","og_title":"CKV6800.0S | K\u00fcppersbusch Austria","og_description":"Personalisierte Designauswahl dank Individual Concept Design Alle Infos auf einen Blick mit direktem Zugriff dank TFT-Farb-Touch-Display Barista-Kaffee dank Cappucino- und Kaffee-Latte-Funktion Passend f\u00fcr viele Tassen dank h\u00f6henverstellbaren Kaffeeauslauf Immer frische Milch f\u00fcr Capuccino dank herausnehmbarem Milchbeh\u00e4lter","og_url":"https:\/\/www.home-kueppersbusch.com\/de-at\/product\/ckv6800-0s_121630009\/","og_site_name":"K\u00fcppersbusch Austria","twitter_card":"summary_large_image","schema":{"@context":"https:\/\/schema.org","@graph":[{"@type":"WebPage","@id":"https:\/\/www.home-kueppersbusch.com\/de-at\/product\/ckv6800-0s_121630009\/","url":"https:\/\/www.home-kueppersbusch.com\/de-at\/product\/ckv6800-0s_121630009\/","name":"CKV6800.0S | K\u00fcppersbusch Austria","isPartOf":{"@id":"https:\/\/www.home-kueppersbusch.com\/de-at\/#website"},"datePublished":"2026-04-25T09:26:15+00:00","inLanguage":"de","potentialAction":[{"@type":"ReadAction","target":["https:\/\/www.home-kueppersbusch.com\/de-at\/product\/ckv6800-0s_121630009\/"]}]},{"@type":"WebSite","@id":"https:\/\/www.home-kueppersbusch.com\/de-at\/#website","url":"https:\/\/www.home-kueppersbusch.com\/de-at\/","name":"K\u00fcppersbusch Austria","description":"","potentialAction":[{"@type":"SearchAction","target":{"@type":"EntryPoint","urlTemplate":"https:\/\/www.home-kueppersbusch.com\/de-at\/?s={search_term_string}"},"query-input":{"@type":"PropertyValueSpecification","valueRequired":true,"valueName":"search_term_string"}}],"inLanguage":"de"}]}},"_links":{"self":[{"href":"https:\/\/www.home-kueppersbusch.com\/de-at\/wp-json\/wp\/v2\/product\/74315","targetHints":{"allow":["GET"]}}],"collection":[{"href":"https:\/\/www.home-kueppersbusch.com\/de-at\/wp-json\/wp\/v2\/product"}],"about":[{"href":"https:\/\/www.home-kueppersbusch.com\/de-at\/wp-json\/wp\/v2\/types\/product"}],"wp:attachment":[{"href":"https:\/\/www.home-kueppersbusch.com\/de-at\/wp-json\/wp\/v2\/media?parent=74315"}],"wp:term":[{"taxonomy":"product_cat","embeddable":true,"href":"https:\/\/www.home-kueppersbusch.com\/de-at\/wp-json\/wp\/v2\/product_cat?post=74315"},{"taxonomy":"product_edition","embeddable":true,"href":"https:\/\/www.home-kueppersbusch.com\/de-at\/wp-json\/wp\/v2\/product_edition?post=74315"},{"taxonomy":"product_energy_efficiency","embeddable":true,"href":"https:\/\/www.home-kueppersbusch.com\/de-at\/wp-json\/wp\/v2\/product_energy_efficiency?post=74315"}],"curies":[{"name":"wp","href":"https:\/\/api.w.org\/{rel}","templated":true}]}}