{"id":74286,"date":"2026-04-03T17:41:06","date_gmt":"2026-04-03T17:41:06","guid":{"rendered":"https:\/\/teka.com\/en-int\/csw6800-0_121600001"},"modified":"2026-03-28T08:02:09","modified_gmt":"2026-03-28T09:02:09","slug":"csw6800-0_121600001","status":"publish","type":"product","link":"https:\/\/www.home-kueppersbusch.com\/de-at\/product\/csw6800-0_121600001\/","title":{"rendered":"CSW6800.0"},"content":{"rendered":"<ul>\n<li>Personalisierte Designauswahl dank Individual Concept Design<\/li>\n<li>Intuitive Bedienerf\u00fchrung mit Touch-Sensor-Steuerung<\/li>\n<li>Allrounder-Optionen f\u00fcr langsames Garen und Auftauen<\/li>\n<li>Perfekte Anpassung an Einrichtungsstil durch optionale Schubladenfront<\/li>\n<\/ul>\n","protected":false},"featured_media":0,"parent":0,"template":"","product_cat":[9033],"product_edition":[],"product_energy_efficiency":[],"class_list":["post-74286","product","type-product","status-publish","hentry","finishes-10574","finishes-10575","finishes-10576","finishes-10577","finishes-10578","finishes-10579","finishes-10580","finishes-10581","product_cat-funktionsschubladen","color-silver-chrome","product_lifestyle-k-series-8","usp-kph-graphite-02"],"acf":[],"yoast_head":"<!-- This site is optimized with the Yoast SEO plugin v27.2 - https:\/\/yoast.com\/product\/yoast-seo-wordpress\/ -->\n<title>CSW6800.0 | K\u00fcppersbusch Austria<\/title>\n<meta name=\"robots\" content=\"index, follow, max-snippet:-1, max-image-preview:large, max-video-preview:-1\" \/>\n<link rel=\"canonical\" href=\"https:\/\/www.home-kueppersbusch.com\/de-at\/product\/csw6800-0_121600001\/\" \/>\n<meta property=\"og:locale\" content=\"de_DE\" \/>\n<meta property=\"og:type\" content=\"article\" \/>\n<meta property=\"og:title\" content=\"CSW6800.0 | K\u00fcppersbusch Austria\" \/>\n<meta property=\"og:description\" content=\"Personalisierte Designauswahl dank Individual Concept Design Intuitive Bedienerf\u00fchrung mit Touch-Sensor-Steuerung Allrounder-Optionen f\u00fcr langsames Garen und Auftauen Perfekte Anpassung an Einrichtungsstil durch optionale Schubladenfront\" \/>\n<meta property=\"og:url\" content=\"https:\/\/www.home-kueppersbusch.com\/de-at\/product\/csw6800-0_121600001\/\" \/>\n<meta property=\"og:site_name\" content=\"K\u00fcppersbusch Austria\" \/>\n<meta name=\"twitter:card\" content=\"summary_large_image\" \/>\n<script type=\"application\/ld+json\" class=\"yoast-schema-graph\">{\"@context\":\"https:\/\/schema.org\",\"@graph\":[{\"@type\":\"WebPage\",\"@id\":\"https:\/\/www.home-kueppersbusch.com\/de-at\/product\/csw6800-0_121600001\/\",\"url\":\"https:\/\/www.home-kueppersbusch.com\/de-at\/product\/csw6800-0_121600001\/\",\"name\":\"CSW6800.0 | K\u00fcppersbusch Austria\",\"isPartOf\":{\"@id\":\"https:\/\/www.home-kueppersbusch.com\/de-at\/#website\"},\"datePublished\":\"2026-04-03T17:41:06+00:00\",\"inLanguage\":\"de\",\"potentialAction\":[{\"@type\":\"ReadAction\",\"target\":[\"https:\/\/www.home-kueppersbusch.com\/de-at\/product\/csw6800-0_121600001\/\"]}]},{\"@type\":\"WebSite\",\"@id\":\"https:\/\/www.home-kueppersbusch.com\/de-at\/#website\",\"url\":\"https:\/\/www.home-kueppersbusch.com\/de-at\/\",\"name\":\"K\u00fcppersbusch Austria\",\"description\":\"\",\"potentialAction\":[{\"@type\":\"SearchAction\",\"target\":{\"@type\":\"EntryPoint\",\"urlTemplate\":\"https:\/\/www.home-kueppersbusch.com\/de-at\/?s={search_term_string}\"},\"query-input\":{\"@type\":\"PropertyValueSpecification\",\"valueRequired\":true,\"valueName\":\"search_term_string\"}}],\"inLanguage\":\"de\"}]}<\/script>\n<!-- \/ Yoast SEO plugin. -->","yoast_head_json":{"title":"CSW6800.0 | K\u00fcppersbusch Austria","robots":{"index":"index","follow":"follow","max-snippet":"max-snippet:-1","max-image-preview":"max-image-preview:large","max-video-preview":"max-video-preview:-1"},"canonical":"https:\/\/www.home-kueppersbusch.com\/de-at\/product\/csw6800-0_121600001\/","og_locale":"de_DE","og_type":"article","og_title":"CSW6800.0 | K\u00fcppersbusch Austria","og_description":"Personalisierte Designauswahl dank Individual Concept Design Intuitive Bedienerf\u00fchrung mit Touch-Sensor-Steuerung Allrounder-Optionen f\u00fcr langsames Garen und Auftauen Perfekte Anpassung an Einrichtungsstil durch optionale Schubladenfront","og_url":"https:\/\/www.home-kueppersbusch.com\/de-at\/product\/csw6800-0_121600001\/","og_site_name":"K\u00fcppersbusch Austria","twitter_card":"summary_large_image","schema":{"@context":"https:\/\/schema.org","@graph":[{"@type":"WebPage","@id":"https:\/\/www.home-kueppersbusch.com\/de-at\/product\/csw6800-0_121600001\/","url":"https:\/\/www.home-kueppersbusch.com\/de-at\/product\/csw6800-0_121600001\/","name":"CSW6800.0 | K\u00fcppersbusch Austria","isPartOf":{"@id":"https:\/\/www.home-kueppersbusch.com\/de-at\/#website"},"datePublished":"2026-04-03T17:41:06+00:00","inLanguage":"de","potentialAction":[{"@type":"ReadAction","target":["https:\/\/www.home-kueppersbusch.com\/de-at\/product\/csw6800-0_121600001\/"]}]},{"@type":"WebSite","@id":"https:\/\/www.home-kueppersbusch.com\/de-at\/#website","url":"https:\/\/www.home-kueppersbusch.com\/de-at\/","name":"K\u00fcppersbusch Austria","description":"","potentialAction":[{"@type":"SearchAction","target":{"@type":"EntryPoint","urlTemplate":"https:\/\/www.home-kueppersbusch.com\/de-at\/?s={search_term_string}"},"query-input":{"@type":"PropertyValueSpecification","valueRequired":true,"valueName":"search_term_string"}}],"inLanguage":"de"}]}},"_links":{"self":[{"href":"https:\/\/www.home-kueppersbusch.com\/de-at\/wp-json\/wp\/v2\/product\/74286","targetHints":{"allow":["GET"]}}],"collection":[{"href":"https:\/\/www.home-kueppersbusch.com\/de-at\/wp-json\/wp\/v2\/product"}],"about":[{"href":"https:\/\/www.home-kueppersbusch.com\/de-at\/wp-json\/wp\/v2\/types\/product"}],"wp:attachment":[{"href":"https:\/\/www.home-kueppersbusch.com\/de-at\/wp-json\/wp\/v2\/media?parent=74286"}],"wp:term":[{"taxonomy":"product_cat","embeddable":true,"href":"https:\/\/www.home-kueppersbusch.com\/de-at\/wp-json\/wp\/v2\/product_cat?post=74286"},{"taxonomy":"product_edition","embeddable":true,"href":"https:\/\/www.home-kueppersbusch.com\/de-at\/wp-json\/wp\/v2\/product_edition?post=74286"},{"taxonomy":"product_energy_efficiency","embeddable":true,"href":"https:\/\/www.home-kueppersbusch.com\/de-at\/wp-json\/wp\/v2\/product_energy_efficiency?post=74286"}],"curies":[{"name":"wp","href":"https:\/\/api.w.org\/{rel}","templated":true}]}}