{"id":74279,"date":"2026-04-25T09:23:21","date_gmt":"2026-04-25T09:23:21","guid":{"rendered":"https:\/\/teka.com\/en-int\/cbp6550-0s_121140001"},"modified":"2026-03-28T08:01:36","modified_gmt":"2026-03-28T09:01:36","slug":"cbp6550-0s_121140001","status":"publish","type":"product","link":"https:\/\/www.home-kueppersbusch.com\/de-at\/product\/cbp6550-0s_121140001\/","title":{"rendered":"CBP6550.0S"},"content":{"rendered":"<ul>\n<li>Keine unangenehmen Ger\u00fcche dank des einzigartigen \u00f6kotherm\u00ae-Katalysators<\/li>\n<li>Personalisierte Designauswahl dank Individual Concept Design<\/li>\n<li>Alle Infos auf einen Blick dank TFT-Display<\/li>\n<li>Intuitive Bedienerf\u00fchrung mit Touch-Sensor-Steuerung<\/li>\n<li>Immer sauberer Garraum durch pyrolytische Reinigung<\/li>\n<li>Immer perfekte Ergebnisse durch das Bratenthermometer<\/li>\n<\/ul>\n","protected":false},"featured_media":0,"parent":0,"template":"","product_cat":[10141],"product_edition":[],"product_energy_efficiency":[10030],"class_list":["post-74279","product","type-product","status-publish","hentry","finishes-10534","finishes-10542","finishes-10541","finishes-10540","finishes-10539","finishes-10538","finishes-10537","finishes-10536","finishes-10535","finishes-10525","finishes-10533","finishes-10532","finishes-10531","finishes-10530","finishes-10529","finishes-10528","finishes-10527","finishes-10526","product_cat-kompaktoefen","product_cleaning_system-pyrolyse","color-black","product_lifestyle-k-series-5","usp-kph-individual-01","usp-kph-ovens-01","usp-kph-ovens-03","usp-kph-ovens-04","usp-kph-ovens-05","usp-kph-ovens-06","usp-kph-ovens-09","usp-kph-ovens-11","product_energy_efficiency-a-plus-icon"],"acf":[],"yoast_head":"<!-- This site is optimized with the Yoast SEO plugin v27.5 - https:\/\/yoast.com\/product\/yoast-seo-wordpress\/ -->\n<title>CBP6550.0S | K\u00fcppersbusch Austria<\/title>\n<meta name=\"robots\" content=\"index, follow, max-snippet:-1, max-image-preview:large, max-video-preview:-1\" \/>\n<link rel=\"canonical\" href=\"https:\/\/www.home-kueppersbusch.com\/de-at\/product\/cbp6550-0s_121140001\/\" \/>\n<meta property=\"og:locale\" content=\"de_DE\" \/>\n<meta property=\"og:type\" content=\"article\" \/>\n<meta property=\"og:title\" content=\"CBP6550.0S | K\u00fcppersbusch Austria\" \/>\n<meta property=\"og:description\" content=\"Keine unangenehmen Ger\u00fcche dank des einzigartigen \u00f6kotherm\u00ae-Katalysators Personalisierte Designauswahl dank Individual Concept Design Alle Infos auf einen Blick dank TFT-Display Intuitive Bedienerf\u00fchrung mit Touch-Sensor-Steuerung Immer sauberer Garraum durch pyrolytische Reinigung Immer perfekte Ergebnisse durch das Bratenthermometer\" \/>\n<meta property=\"og:url\" content=\"https:\/\/www.home-kueppersbusch.com\/de-at\/product\/cbp6550-0s_121140001\/\" \/>\n<meta property=\"og:site_name\" content=\"K\u00fcppersbusch Austria\" \/>\n<meta name=\"twitter:card\" content=\"summary_large_image\" \/>\n<script type=\"application\/ld+json\" class=\"yoast-schema-graph\">{\"@context\":\"https:\\\/\\\/schema.org\",\"@graph\":[{\"@type\":\"WebPage\",\"@id\":\"https:\\\/\\\/www.home-kueppersbusch.com\\\/de-at\\\/product\\\/cbp6550-0s_121140001\\\/\",\"url\":\"https:\\\/\\\/www.home-kueppersbusch.com\\\/de-at\\\/product\\\/cbp6550-0s_121140001\\\/\",\"name\":\"CBP6550.0S | K\u00fcppersbusch Austria\",\"isPartOf\":{\"@id\":\"https:\\\/\\\/www.home-kueppersbusch.com\\\/de-at\\\/#website\"},\"datePublished\":\"2026-04-25T09:23:21+00:00\",\"inLanguage\":\"de\",\"potentialAction\":[{\"@type\":\"ReadAction\",\"target\":[\"https:\\\/\\\/www.home-kueppersbusch.com\\\/de-at\\\/product\\\/cbp6550-0s_121140001\\\/\"]}]},{\"@type\":\"WebSite\",\"@id\":\"https:\\\/\\\/www.home-kueppersbusch.com\\\/de-at\\\/#website\",\"url\":\"https:\\\/\\\/www.home-kueppersbusch.com\\\/de-at\\\/\",\"name\":\"K\u00fcppersbusch Austria\",\"description\":\"\",\"potentialAction\":[{\"@type\":\"SearchAction\",\"target\":{\"@type\":\"EntryPoint\",\"urlTemplate\":\"https:\\\/\\\/www.home-kueppersbusch.com\\\/de-at\\\/?s={search_term_string}\"},\"query-input\":{\"@type\":\"PropertyValueSpecification\",\"valueRequired\":true,\"valueName\":\"search_term_string\"}}],\"inLanguage\":\"de\"}]}<\/script>\n<!-- \/ Yoast SEO plugin. -->","yoast_head_json":{"title":"CBP6550.0S | K\u00fcppersbusch Austria","robots":{"index":"index","follow":"follow","max-snippet":"max-snippet:-1","max-image-preview":"max-image-preview:large","max-video-preview":"max-video-preview:-1"},"canonical":"https:\/\/www.home-kueppersbusch.com\/de-at\/product\/cbp6550-0s_121140001\/","og_locale":"de_DE","og_type":"article","og_title":"CBP6550.0S | K\u00fcppersbusch Austria","og_description":"Keine unangenehmen Ger\u00fcche dank des einzigartigen \u00f6kotherm\u00ae-Katalysators Personalisierte Designauswahl dank Individual Concept Design Alle Infos auf einen Blick dank TFT-Display Intuitive Bedienerf\u00fchrung mit Touch-Sensor-Steuerung Immer sauberer Garraum durch pyrolytische Reinigung Immer perfekte Ergebnisse durch das Bratenthermometer","og_url":"https:\/\/www.home-kueppersbusch.com\/de-at\/product\/cbp6550-0s_121140001\/","og_site_name":"K\u00fcppersbusch Austria","twitter_card":"summary_large_image","schema":{"@context":"https:\/\/schema.org","@graph":[{"@type":"WebPage","@id":"https:\/\/www.home-kueppersbusch.com\/de-at\/product\/cbp6550-0s_121140001\/","url":"https:\/\/www.home-kueppersbusch.com\/de-at\/product\/cbp6550-0s_121140001\/","name":"CBP6550.0S | K\u00fcppersbusch Austria","isPartOf":{"@id":"https:\/\/www.home-kueppersbusch.com\/de-at\/#website"},"datePublished":"2026-04-25T09:23:21+00:00","inLanguage":"de","potentialAction":[{"@type":"ReadAction","target":["https:\/\/www.home-kueppersbusch.com\/de-at\/product\/cbp6550-0s_121140001\/"]}]},{"@type":"WebSite","@id":"https:\/\/www.home-kueppersbusch.com\/de-at\/#website","url":"https:\/\/www.home-kueppersbusch.com\/de-at\/","name":"K\u00fcppersbusch Austria","description":"","potentialAction":[{"@type":"SearchAction","target":{"@type":"EntryPoint","urlTemplate":"https:\/\/www.home-kueppersbusch.com\/de-at\/?s={search_term_string}"},"query-input":{"@type":"PropertyValueSpecification","valueRequired":true,"valueName":"search_term_string"}}],"inLanguage":"de"}]}},"_links":{"self":[{"href":"https:\/\/www.home-kueppersbusch.com\/de-at\/wp-json\/wp\/v2\/product\/74279","targetHints":{"allow":["GET"]}}],"collection":[{"href":"https:\/\/www.home-kueppersbusch.com\/de-at\/wp-json\/wp\/v2\/product"}],"about":[{"href":"https:\/\/www.home-kueppersbusch.com\/de-at\/wp-json\/wp\/v2\/types\/product"}],"wp:attachment":[{"href":"https:\/\/www.home-kueppersbusch.com\/de-at\/wp-json\/wp\/v2\/media?parent=74279"}],"wp:term":[{"taxonomy":"product_cat","embeddable":true,"href":"https:\/\/www.home-kueppersbusch.com\/de-at\/wp-json\/wp\/v2\/product_cat?post=74279"},{"taxonomy":"product_edition","embeddable":true,"href":"https:\/\/www.home-kueppersbusch.com\/de-at\/wp-json\/wp\/v2\/product_edition?post=74279"},{"taxonomy":"product_energy_efficiency","embeddable":true,"href":"https:\/\/www.home-kueppersbusch.com\/de-at\/wp-json\/wp\/v2\/product_energy_efficiency?post=74279"}],"curies":[{"name":"wp","href":"https:\/\/api.w.org\/{rel}","templated":true}]}}