{"id":74272,"date":"2026-04-25T09:25:33","date_gmt":"2026-04-25T09:25:33","guid":{"rendered":"https:\/\/teka.com\/en-int\/mr6330-0gph_122040000"},"modified":"2026-03-28T08:06:25","modified_gmt":"2026-03-28T09:06:25","slug":"mr6330-0gph_122040000","status":"publish","type":"product","link":"https:\/\/www.home-kueppersbusch.com\/de-at\/product\/mr6330-0gph_122040000\/","title":{"rendered":"MR6330.0GPH GraphiteLine"},"content":{"rendered":"<ul>\n<li>Einzigartiges Produktdesign mit GraphiteLine Design Linie<\/li>\n<li>Einfache Bedienung \u00fcber hochwertige Aluminium-Drehknebel<\/li>\n<li>Unterst\u00fctzung f\u00fcr die richtige Einstellung mit Automatikprogrammen<\/li>\n<\/ul>\n","protected":false},"featured_media":0,"parent":0,"template":"","product_cat":[9029],"product_edition":[],"product_energy_efficiency":[],"class_list":["post-74272","product","type-product","status-publish","hentry","product_ambient-kitchen-graphite","product_cat-mikrowellen","color-graphite","product_installation-eingebaut","product_lifestyle-k-series-3","usp-kph-graphite-02"],"acf":[],"yoast_head":"<!-- This site is optimized with the Yoast SEO plugin v27.5 - https:\/\/yoast.com\/product\/yoast-seo-wordpress\/ -->\n<title>MR6330.0GPH GraphiteLine | K\u00fcppersbusch Austria<\/title>\n<meta name=\"robots\" content=\"index, follow, max-snippet:-1, max-image-preview:large, max-video-preview:-1\" \/>\n<link rel=\"canonical\" href=\"https:\/\/www.home-kueppersbusch.com\/de-at\/product\/mr6330-0gph_122040000\/\" \/>\n<meta property=\"og:locale\" content=\"de_DE\" \/>\n<meta property=\"og:type\" content=\"article\" \/>\n<meta property=\"og:title\" content=\"MR6330.0GPH GraphiteLine | K\u00fcppersbusch Austria\" \/>\n<meta property=\"og:description\" content=\"Einzigartiges Produktdesign mit GraphiteLine Design Linie Einfache Bedienung \u00fcber hochwertige Aluminium-Drehknebel Unterst\u00fctzung f\u00fcr die richtige Einstellung mit Automatikprogrammen\" \/>\n<meta property=\"og:url\" content=\"https:\/\/www.home-kueppersbusch.com\/de-at\/product\/mr6330-0gph_122040000\/\" \/>\n<meta property=\"og:site_name\" content=\"K\u00fcppersbusch Austria\" \/>\n<meta name=\"twitter:card\" content=\"summary_large_image\" \/>\n<script type=\"application\/ld+json\" class=\"yoast-schema-graph\">{\"@context\":\"https:\\\/\\\/schema.org\",\"@graph\":[{\"@type\":\"WebPage\",\"@id\":\"https:\\\/\\\/www.home-kueppersbusch.com\\\/de-at\\\/product\\\/mr6330-0gph_122040000\\\/\",\"url\":\"https:\\\/\\\/www.home-kueppersbusch.com\\\/de-at\\\/product\\\/mr6330-0gph_122040000\\\/\",\"name\":\"MR6330.0GPH GraphiteLine | K\u00fcppersbusch Austria\",\"isPartOf\":{\"@id\":\"https:\\\/\\\/www.home-kueppersbusch.com\\\/de-at\\\/#website\"},\"datePublished\":\"2026-04-25T09:25:33+00:00\",\"inLanguage\":\"de\",\"potentialAction\":[{\"@type\":\"ReadAction\",\"target\":[\"https:\\\/\\\/www.home-kueppersbusch.com\\\/de-at\\\/product\\\/mr6330-0gph_122040000\\\/\"]}]},{\"@type\":\"WebSite\",\"@id\":\"https:\\\/\\\/www.home-kueppersbusch.com\\\/de-at\\\/#website\",\"url\":\"https:\\\/\\\/www.home-kueppersbusch.com\\\/de-at\\\/\",\"name\":\"K\u00fcppersbusch Austria\",\"description\":\"\",\"potentialAction\":[{\"@type\":\"SearchAction\",\"target\":{\"@type\":\"EntryPoint\",\"urlTemplate\":\"https:\\\/\\\/www.home-kueppersbusch.com\\\/de-at\\\/?s={search_term_string}\"},\"query-input\":{\"@type\":\"PropertyValueSpecification\",\"valueRequired\":true,\"valueName\":\"search_term_string\"}}],\"inLanguage\":\"de\"}]}<\/script>\n<!-- \/ Yoast SEO plugin. -->","yoast_head_json":{"title":"MR6330.0GPH GraphiteLine | K\u00fcppersbusch Austria","robots":{"index":"index","follow":"follow","max-snippet":"max-snippet:-1","max-image-preview":"max-image-preview:large","max-video-preview":"max-video-preview:-1"},"canonical":"https:\/\/www.home-kueppersbusch.com\/de-at\/product\/mr6330-0gph_122040000\/","og_locale":"de_DE","og_type":"article","og_title":"MR6330.0GPH GraphiteLine | K\u00fcppersbusch Austria","og_description":"Einzigartiges Produktdesign mit GraphiteLine Design Linie Einfache Bedienung \u00fcber hochwertige Aluminium-Drehknebel Unterst\u00fctzung f\u00fcr die richtige Einstellung mit Automatikprogrammen","og_url":"https:\/\/www.home-kueppersbusch.com\/de-at\/product\/mr6330-0gph_122040000\/","og_site_name":"K\u00fcppersbusch Austria","twitter_card":"summary_large_image","schema":{"@context":"https:\/\/schema.org","@graph":[{"@type":"WebPage","@id":"https:\/\/www.home-kueppersbusch.com\/de-at\/product\/mr6330-0gph_122040000\/","url":"https:\/\/www.home-kueppersbusch.com\/de-at\/product\/mr6330-0gph_122040000\/","name":"MR6330.0GPH GraphiteLine | K\u00fcppersbusch Austria","isPartOf":{"@id":"https:\/\/www.home-kueppersbusch.com\/de-at\/#website"},"datePublished":"2026-04-25T09:25:33+00:00","inLanguage":"de","potentialAction":[{"@type":"ReadAction","target":["https:\/\/www.home-kueppersbusch.com\/de-at\/product\/mr6330-0gph_122040000\/"]}]},{"@type":"WebSite","@id":"https:\/\/www.home-kueppersbusch.com\/de-at\/#website","url":"https:\/\/www.home-kueppersbusch.com\/de-at\/","name":"K\u00fcppersbusch Austria","description":"","potentialAction":[{"@type":"SearchAction","target":{"@type":"EntryPoint","urlTemplate":"https:\/\/www.home-kueppersbusch.com\/de-at\/?s={search_term_string}"},"query-input":{"@type":"PropertyValueSpecification","valueRequired":true,"valueName":"search_term_string"}}],"inLanguage":"de"}]}},"_links":{"self":[{"href":"https:\/\/www.home-kueppersbusch.com\/de-at\/wp-json\/wp\/v2\/product\/74272","targetHints":{"allow":["GET"]}}],"collection":[{"href":"https:\/\/www.home-kueppersbusch.com\/de-at\/wp-json\/wp\/v2\/product"}],"about":[{"href":"https:\/\/www.home-kueppersbusch.com\/de-at\/wp-json\/wp\/v2\/types\/product"}],"wp:attachment":[{"href":"https:\/\/www.home-kueppersbusch.com\/de-at\/wp-json\/wp\/v2\/media?parent=74272"}],"wp:term":[{"taxonomy":"product_cat","embeddable":true,"href":"https:\/\/www.home-kueppersbusch.com\/de-at\/wp-json\/wp\/v2\/product_cat?post=74272"},{"taxonomy":"product_edition","embeddable":true,"href":"https:\/\/www.home-kueppersbusch.com\/de-at\/wp-json\/wp\/v2\/product_edition?post=74272"},{"taxonomy":"product_energy_efficiency","embeddable":true,"href":"https:\/\/www.home-kueppersbusch.com\/de-at\/wp-json\/wp\/v2\/product_energy_efficiency?post=74272"}],"curies":[{"name":"wp","href":"https:\/\/api.w.org\/{rel}","templated":true}]}}