{"id":5175,"date":"2018-07-31T09:22:28","date_gmt":"2018-07-31T09:22:28","guid":{"rendered":"http:\/\/teka.com\/?page_id=5175"},"modified":"2026-04-28T08:18:28","modified_gmt":"2026-04-28T08:18:28","slug":"impressum","status":"publish","type":"page","link":"https:\/\/www.home-kueppersbusch.com\/de-at\/impressum\/","title":{"rendered":"Impressum"},"content":{"rendered":"<p>[et_pb_section fb_built=&#8220;1&#8243; _builder_version=&#8220;4.16&#8243; global_colors_info=&#8220;{}&#8220;][et_pb_row _builder_version=&#8220;4.16&#8243; background_size=&#8220;initial&#8220; background_position=&#8220;top_left&#8220; background_repeat=&#8220;repeat&#8220; global_colors_info=&#8220;{}&#8220;][et_pb_column type=&#8220;4_4&#8243; _builder_version=&#8220;4.16&#8243; custom_padding=&#8220;|||&#8220; global_colors_info=&#8220;{}&#8220; custom_padding__hover=&#8220;|||&#8220;][et_pb_text _builder_version=&#8220;4.27.6&#8243; vertical_offset_tablet=&#8220;0&#8243; horizontal_offset_tablet=&#8220;0&#8243; z_index_tablet=&#8220;0&#8243; text_text_shadow_horizontal_length_tablet=&#8220;0px&#8220; text_text_shadow_vertical_length_tablet=&#8220;0px&#8220; text_text_shadow_blur_strength_tablet=&#8220;1px&#8220; link_text_shadow_horizontal_length_tablet=&#8220;0px&#8220; link_text_shadow_vertical_length_tablet=&#8220;0px&#8220; link_text_shadow_blur_strength_tablet=&#8220;1px&#8220; ul_text_shadow_horizontal_length_tablet=&#8220;0px&#8220; ul_text_shadow_vertical_length_tablet=&#8220;0px&#8220; ul_text_shadow_blur_strength_tablet=&#8220;1px&#8220; ol_text_shadow_horizontal_length_tablet=&#8220;0px&#8220; ol_text_shadow_vertical_length_tablet=&#8220;0px&#8220; ol_text_shadow_blur_strength_tablet=&#8220;1px&#8220; quote_text_shadow_horizontal_length_tablet=&#8220;0px&#8220; quote_text_shadow_vertical_length_tablet=&#8220;0px&#8220; quote_text_shadow_blur_strength_tablet=&#8220;1px&#8220; header_text_shadow_horizontal_length_tablet=&#8220;0px&#8220; header_text_shadow_vertical_length_tablet=&#8220;0px&#8220; header_text_shadow_blur_strength_tablet=&#8220;1px&#8220; header_2_text_shadow_horizontal_length_tablet=&#8220;0px&#8220; header_2_text_shadow_vertical_length_tablet=&#8220;0px&#8220; header_2_text_shadow_blur_strength_tablet=&#8220;1px&#8220; header_3_text_shadow_horizontal_length_tablet=&#8220;0px&#8220; header_3_text_shadow_vertical_length_tablet=&#8220;0px&#8220; header_3_text_shadow_blur_strength_tablet=&#8220;1px&#8220; header_4_text_shadow_horizontal_length_tablet=&#8220;0px&#8220; header_4_text_shadow_vertical_length_tablet=&#8220;0px&#8220; header_4_text_shadow_blur_strength_tablet=&#8220;1px&#8220; header_5_text_shadow_horizontal_length_tablet=&#8220;0px&#8220; header_5_text_shadow_vertical_length_tablet=&#8220;0px&#8220; header_5_text_shadow_blur_strength_tablet=&#8220;1px&#8220; header_6_text_shadow_horizontal_length_tablet=&#8220;0px&#8220; header_6_text_shadow_vertical_length_tablet=&#8220;0px&#8220; header_6_text_shadow_blur_strength_tablet=&#8220;1px&#8220; box_shadow_horizontal_tablet=&#8220;0px&#8220; box_shadow_vertical_tablet=&#8220;0px&#8220; box_shadow_blur_tablet=&#8220;40px&#8220; box_shadow_spread_tablet=&#8220;0px&#8220; global_colors_info=&#8220;{}&#8220;]<\/p>\n<h1>IMPRESSUM<\/h1>\n<p><b>Dienstanbieter gem\u00e4\u00df \u00a7 5 DDG<br \/><\/b><br \/>Midea Europe GmbH<br \/>Ludwig-Erhard-Stra\u00dfe 14<br \/>65760 Eschborn, Deutschland<\/p>\n<p>Telefon +49 6196 \u2013 90 20-0<br \/>Telefax +49 6196 \u2013 90 20-120<br \/>Allgemeine Kontakt-Email: info-meg@midea.com<\/p>\n<p>&nbsp;<\/p>\n<p><b>Gesch\u00e4ftsf\u00fchrung\u00a0\/ Managment Board<\/b><\/p>\n<p>Larry Yuen<\/p>\n<p>&nbsp;<\/p>\n<p><b>Registergericht<br \/><\/b><br \/>Amtsgericht Darmstadt, HRB 89054<\/p>\n<p>&nbsp;<\/p>\n<p><b>Umsatzsteuer-Identifikationsnummer<br \/><\/b><br \/>DE214245812<\/p>\n<p>&nbsp;<\/p>\n<p><strong>WEEE Registrierungsnummer<\/strong><\/p>\n<p>DE 55703080<\/p>\n<p>&nbsp;<\/p>\n<p><b>Inhaltliche Verantwortung gem\u00e4\u00df \u00a7 18 Abs. 2 MStV<br \/><\/b><\/p>\n<p>Midea Europe GmbH<br \/>Ludwig-Erhard-Stra\u00dfe 14<br \/>65760 Eschborn, Deutschland<\/p>\n<p>&nbsp;<\/p>\n<p><b>HAFTUNGSHINWEIS<\/b><br \/>Trotz sorgf\u00e4ltiger inhaltlicher Kontrolle \u00fcbernehmen wir keine Haftung f\u00fcr die Inhalte externer Links. F\u00fcr den Inhalt der verlinkten Seiten sind ausschlie\u00dflich deren Betreiber verantwortlich.<\/p>\n<p>&nbsp;<\/p>\n<p><b>COPYRIGHT<\/b><br \/>Die Rechte an den dargestellten Fotos liegen bei K\u00fcppersbusch. Weitergabe, Speichern, Kopieren und sonstiges Verwenden sind nur mit schriftlicher Genehmigung erlaubt. Dasselbe gilt f\u00fcr Grafiken, Objekte und Animationen jeder Art, falls nichts anderes angegeben ist. S\u00e4mtliche Inhalte, Bilder, Grafiken usw. sind urheberrechtlich gesch\u00fctzt. Jede unerlaubte Nutzung wird zivil- und strafrechtlich verfolgt.<\/p>\n<p>&nbsp;<\/p>\n<p><b>DATENSCHUTZ<\/b><\/p>\n<p><a href=\"https:\/\/www.home-kueppersbusch.com\/de-de\/datenschutz-bestimmungen\/\">LESEN SIE UNSERE DATENSCHUTZERKL\u00c4RUNG<\/a><\/p>\n<p>[\/et_pb_text][\/et_pb_column][\/et_pb_row][\/et_pb_section]<\/p>\n","protected":false},"excerpt":{"rendered":"<p>IMPRESSUM Dienstanbieter gem\u00e4\u00df \u00a7 5 DDGMidea Europe GmbHLudwig-Erhard-Stra\u00dfe 1465760 Eschborn, Deutschland Telefon +49 6196 \u2013 90 20-0Telefax +49 6196 \u2013 90 20-120Allgemeine Kontakt-Email: info-meg@midea.com &nbsp; Gesch\u00e4ftsf\u00fchrung\u00a0\/ Managment Board Larry Yuen &nbsp; RegistergerichtAmtsgericht Darmstadt, HRB 89054 &nbsp; Umsatzsteuer-IdentifikationsnummerDE214245812 &nbsp; WEEE Registrierungsnummer DE 55703080 &nbsp; Inhaltliche Verantwortung gem\u00e4\u00df \u00a7 18 Abs. 2 MStV Midea Europe GmbHLudwig-Erhard-Stra\u00dfe 1465760 [&hellip;]<\/p>\n","protected":false},"author":6,"featured_media":0,"parent":0,"menu_order":0,"comment_status":"closed","ping_status":"closed","template":"tp-legal-notice.php","meta":{"_acf_changed":false,"_et_pb_use_builder":"on","_et_pb_old_content":"","_et_gb_content_width":"","footnotes":""},"class_list":["post-5175","page","type-page","status-publish","hentry"],"acf":[],"yoast_head":"<!-- This site is optimized with the Yoast SEO plugin v27.5 - https:\/\/yoast.com\/product\/yoast-seo-wordpress\/ -->\n<title>Impressum | K\u00fcppersbusch Deutschland<\/title>\n<meta name=\"description\" content=\"Rechtlicher Hinweis. Allgemeine Verhaltensbedingungen f\u00fcr das Web https:\/\/www.home-kueppersbusch.com\/de-at\" \/>\n<meta name=\"robots\" content=\"index, follow, max-snippet:-1, max-image-preview:large, max-video-preview:-1\" \/>\n<link rel=\"canonical\" href=\"https:\/\/www.home-kueppersbusch.com\/de-at\/impressum\/\" \/>\n<meta property=\"og:locale\" content=\"de_DE\" \/>\n<meta property=\"og:type\" content=\"article\" \/>\n<meta property=\"og:title\" content=\"Impressum | K\u00fcppersbusch Deutschland\" \/>\n<meta property=\"og:description\" content=\"Rechtlicher Hinweis. Allgemeine Verhaltensbedingungen f\u00fcr das Web https:\/\/www.home-kueppersbusch.com\/de-at\" \/>\n<meta property=\"og:url\" content=\"https:\/\/www.home-kueppersbusch.com\/de-at\/impressum\/\" \/>\n<meta property=\"og:site_name\" content=\"K\u00fcppersbusch Austria\" \/>\n<meta property=\"article:modified_time\" content=\"2026-04-28T08:18:28+00:00\" \/>\n<meta name=\"twitter:card\" content=\"summary_large_image\" \/>\n<meta name=\"twitter:label1\" content=\"Gesch\u00e4tzte Lesezeit\" \/>\n\t<meta name=\"twitter:data1\" content=\"1\u00a0Minute\" \/>\n<script type=\"application\/ld+json\" class=\"yoast-schema-graph\">{\"@context\":\"https:\\\/\\\/schema.org\",\"@graph\":[{\"@type\":\"WebPage\",\"@id\":\"https:\\\/\\\/www.home-kueppersbusch.com\\\/de-at\\\/impressum\\\/\",\"url\":\"https:\\\/\\\/www.home-kueppersbusch.com\\\/de-at\\\/impressum\\\/\",\"name\":\"Impressum | K\u00fcppersbusch Deutschland\",\"isPartOf\":{\"@id\":\"https:\\\/\\\/www.home-kueppersbusch.com\\\/de-at\\\/#website\"},\"datePublished\":\"2018-07-31T09:22:28+00:00\",\"dateModified\":\"2026-04-28T08:18:28+00:00\",\"description\":\"Rechtlicher Hinweis. Allgemeine Verhaltensbedingungen f\u00fcr das Web https:\\\/\\\/www.home-kueppersbusch.com\\\/de-at\",\"inLanguage\":\"de\",\"potentialAction\":[{\"@type\":\"ReadAction\",\"target\":[\"https:\\\/\\\/www.home-kueppersbusch.com\\\/de-at\\\/impressum\\\/\"]}]},{\"@type\":\"WebSite\",\"@id\":\"https:\\\/\\\/www.home-kueppersbusch.com\\\/de-at\\\/#website\",\"url\":\"https:\\\/\\\/www.home-kueppersbusch.com\\\/de-at\\\/\",\"name\":\"K\u00fcppersbusch Austria\",\"description\":\"\",\"potentialAction\":[{\"@type\":\"SearchAction\",\"target\":{\"@type\":\"EntryPoint\",\"urlTemplate\":\"https:\\\/\\\/www.home-kueppersbusch.com\\\/de-at\\\/?s={search_term_string}\"},\"query-input\":{\"@type\":\"PropertyValueSpecification\",\"valueRequired\":true,\"valueName\":\"search_term_string\"}}],\"inLanguage\":\"de\"}]}<\/script>\n<!-- \/ Yoast SEO plugin. -->","yoast_head_json":{"title":"Impressum | K\u00fcppersbusch Deutschland","description":"Rechtlicher Hinweis. Allgemeine Verhaltensbedingungen f\u00fcr das Web https:\/\/www.home-kueppersbusch.com\/de-at","robots":{"index":"index","follow":"follow","max-snippet":"max-snippet:-1","max-image-preview":"max-image-preview:large","max-video-preview":"max-video-preview:-1"},"canonical":"https:\/\/www.home-kueppersbusch.com\/de-at\/impressum\/","og_locale":"de_DE","og_type":"article","og_title":"Impressum | K\u00fcppersbusch Deutschland","og_description":"Rechtlicher Hinweis. Allgemeine Verhaltensbedingungen f\u00fcr das Web https:\/\/www.home-kueppersbusch.com\/de-at","og_url":"https:\/\/www.home-kueppersbusch.com\/de-at\/impressum\/","og_site_name":"K\u00fcppersbusch Austria","article_modified_time":"2026-04-28T08:18:28+00:00","twitter_card":"summary_large_image","twitter_misc":{"Gesch\u00e4tzte Lesezeit":"1\u00a0Minute"},"schema":{"@context":"https:\/\/schema.org","@graph":[{"@type":"WebPage","@id":"https:\/\/www.home-kueppersbusch.com\/de-at\/impressum\/","url":"https:\/\/www.home-kueppersbusch.com\/de-at\/impressum\/","name":"Impressum | K\u00fcppersbusch Deutschland","isPartOf":{"@id":"https:\/\/www.home-kueppersbusch.com\/de-at\/#website"},"datePublished":"2018-07-31T09:22:28+00:00","dateModified":"2026-04-28T08:18:28+00:00","description":"Rechtlicher Hinweis. Allgemeine Verhaltensbedingungen f\u00fcr das Web https:\/\/www.home-kueppersbusch.com\/de-at","inLanguage":"de","potentialAction":[{"@type":"ReadAction","target":["https:\/\/www.home-kueppersbusch.com\/de-at\/impressum\/"]}]},{"@type":"WebSite","@id":"https:\/\/www.home-kueppersbusch.com\/de-at\/#website","url":"https:\/\/www.home-kueppersbusch.com\/de-at\/","name":"K\u00fcppersbusch Austria","description":"","potentialAction":[{"@type":"SearchAction","target":{"@type":"EntryPoint","urlTemplate":"https:\/\/www.home-kueppersbusch.com\/de-at\/?s={search_term_string}"},"query-input":{"@type":"PropertyValueSpecification","valueRequired":true,"valueName":"search_term_string"}}],"inLanguage":"de"}]}},"_links":{"self":[{"href":"https:\/\/www.home-kueppersbusch.com\/de-at\/wp-json\/wp\/v2\/pages\/5175","targetHints":{"allow":["GET"]}}],"collection":[{"href":"https:\/\/www.home-kueppersbusch.com\/de-at\/wp-json\/wp\/v2\/pages"}],"about":[{"href":"https:\/\/www.home-kueppersbusch.com\/de-at\/wp-json\/wp\/v2\/types\/page"}],"author":[{"embeddable":true,"href":"https:\/\/www.home-kueppersbusch.com\/de-at\/wp-json\/wp\/v2\/users\/6"}],"replies":[{"embeddable":true,"href":"https:\/\/www.home-kueppersbusch.com\/de-at\/wp-json\/wp\/v2\/comments?post=5175"}],"version-history":[{"count":97,"href":"https:\/\/www.home-kueppersbusch.com\/de-at\/wp-json\/wp\/v2\/pages\/5175\/revisions"}],"predecessor-version":[{"id":80058,"href":"https:\/\/www.home-kueppersbusch.com\/de-at\/wp-json\/wp\/v2\/pages\/5175\/revisions\/80058"}],"wp:attachment":[{"href":"https:\/\/www.home-kueppersbusch.com\/de-at\/wp-json\/wp\/v2\/media?parent=5175"}],"curies":[{"name":"wp","href":"https:\/\/api.w.org\/{rel}","templated":true}]}}